{"id":37476,"date":"2025-03-05T17:00:21","date_gmt":"2025-03-05T16:00:21","guid":{"rendered":"https:\/\/www2.fitness-flohmarkt.ch\/produkt\/adjustable-dumbbell-25-kg-verstellbare-kurzhanteln\/"},"modified":"2026-04-20T13:11:51","modified_gmt":"2026-04-20T11:11:51","slug":"manubrio-regolabile-25-kg-manubri-regolabili","status":"publish","type":"product","link":"https:\/\/www.fitness-flohmarkt.ch\/it\/produkt\/adjustable-dumbbell-25-kg-verstellbare-kurzhanteln\/","title":{"rendered":"Manubrio regolabile 25 kg | Manubrio regolabile"},"content":{"rendered":"<p class=\"\" data-start=\"364\" data-end=\"452\"><strong data-start=\"364\" data-end=\"452\">Manubrio regolabile 5-25 kg - Allenamento della forza flessibile e salvaspazio a casa tua<\/strong><\/p>\n<p class=\"\" data-start=\"0\" data-end=\"297\">Il manubrio regolabile da 5 a 25 kg offre un modo semplice e veloce per regolare il peso con incrementi di 5 kg. Il design compatto e l'impugnatura ergonomica rendono la manipolazione comoda ed efficace, in modo che l'allenamento rimanga comodo e versatile.<\/p>\n<p class=\"\" data-start=\"299\" data-end=\"605\">Grazie alla robusta struttura in plastica e alla facile regolazione del peso, semplicemente ruotando la maniglia verso destra, il peso pu\u00f2 essere facilmente regolato tra 5 kg e 25 kg. Ci\u00f2 rende questo manubrio ideale per vari esercizi, da quelli leggeri a quelli intensivi.<\/p>\n<p class=\"\" data-start=\"607\" data-end=\"904\">Con dimensioni di 34,5 cm x 18 cm x 17,5 cm, questo manubrio \u00e8 particolarmente poco ingombrante ed \u00e8 ideale per allenarsi a casa, dove lo spazio \u00e8 spesso limitato.<\/p>\n<p class=\"\" data-start=\"1367\" data-end=\"1558\"><strong data-start=\"1367\" data-end=\"1379\">Nota:<\/strong> \u00c8 incluso un solo manubrio regolabile.<\/p>\n<p><strong>\u00a0<\/strong><\/p>","protected":false},"excerpt":{"rendered":"<p>Manubrio regolabile 5-25 kg: manubrio regolabile con peso da 5 a 25 kg, regolabile con incrementi di 5 kg. Materiale plastico robusto, impugnatura ergonomica per un utilizzo confortevole. Compatto, poco ingombrante e facile da regolare ruotando la maniglia. Ideale per un allenamento flessibile ed efficace a casa.<\/p>","protected":false},"featured_media":9047086,"comment_status":"open","ping_status":"closed","template":"","meta":{"_acf_changed":false,"_gspb_post_css":""},"product_brand":[1000],"product_cat":[343,302],"product_tag":[91],"class_list":{"0":"post-37476","1":"product","2":"type-product","3":"status-publish","4":"has-post-thumbnail","6":"product_brand-fitcom","7":"product_cat-heimgebrauch","8":"product_cat-kompakthanteln","9":"product_tag-verstellbar","10":"pa_anzahl-hanteln-1x","11":"pa_artikel-pro-verkaufseinheit-1x","12":"pa_breite-17-cm","13":"pa_ergonomischer-griff-ja","14":"pa_farbe-schwarz","15":"pa_gewicht-25-kg","16":"pa_griffdurchmesser-35-mm","17":"pa_griffinnenmass-12-cm","18":"pa_griffumfang-110-mm","19":"pa_hanteltyp-kurzhantel-verstellbar","20":"pa_hoehe-17-cm","21":"pa_kernmaterial-kunststoff","22":"pa_laenge-39-cm","23":"pa_lieferumfang-1x-hantel","24":"pa_max-gewicht-25-kg","25":"pa_min-gewicht-5-kg","26":"pa_oberflaeche-kunststoff","27":"pa_verstellbar-ja","29":"first","30":"instock","31":"taxable","32":"shipping-taxable","33":"purchasable","34":"product-type-simple"},"bundled_by":[],"bundle_stock_status":"instock","bundle_stock_quantity":59,"bundle_virtual":false,"bundle_layout":"","bundle_add_to_cart_form_location":"","bundle_editable_in_cart":false,"bundle_sold_individually_context":"","bundle_item_grouping":"","bundle_min_size":"","bundle_max_size":"","bundle_price":[],"bundled_items":[],"bundle_sell_ids":[],"acf":[],"df_price":175,"df_sale_price":"","df_regular_price":175,"df_image_link":"https:\/\/www.fitness-flohmarkt.ch\/wp-content\/uploads\/Dumbbell_1-20250326-121431-scaled-1-300x200.png","_links":{"self":[{"href":"https:\/\/www.fitness-flohmarkt.ch\/it\/wp-json\/wp\/v2\/product\/37476","targetHints":{"allow":["GET"]}}],"collection":[{"href":"https:\/\/www.fitness-flohmarkt.ch\/it\/wp-json\/wp\/v2\/product"}],"about":[{"href":"https:\/\/www.fitness-flohmarkt.ch\/it\/wp-json\/wp\/v2\/types\/product"}],"replies":[{"embeddable":true,"href":"https:\/\/www.fitness-flohmarkt.ch\/it\/wp-json\/wp\/v2\/comments?post=37476"}],"wp:featuredmedia":[{"embeddable":true,"href":"https:\/\/www.fitness-flohmarkt.ch\/it\/wp-json\/wp\/v2\/media\/9047086"}],"wp:attachment":[{"href":"https:\/\/www.fitness-flohmarkt.ch\/it\/wp-json\/wp\/v2\/media?parent=37476"}],"wp:term":[{"taxonomy":"product_brand","embeddable":true,"href":"https:\/\/www.fitness-flohmarkt.ch\/it\/wp-json\/wp\/v2\/product_brand?post=37476"},{"taxonomy":"product_cat","embeddable":true,"href":"https:\/\/www.fitness-flohmarkt.ch\/it\/wp-json\/wp\/v2\/product_cat?post=37476"},{"taxonomy":"product_tag","embeddable":true,"href":"https:\/\/www.fitness-flohmarkt.ch\/it\/wp-json\/wp\/v2\/product_tag?post=37476"}],"curies":[{"name":"wp","href":"https:\/\/api.w.org\/{rel}","templated":true}]}}