{"id":3724,"date":"2025-01-25T16:20:07","date_gmt":"2025-01-25T15:20:07","guid":{"rendered":"https:\/\/www2.fitness-flohmarkt.ch\/produkt\/esn-caffeine-caps-reines-koffein\/"},"modified":"2026-04-20T16:58:58","modified_gmt":"2026-04-20T14:58:58","slug":"capsule-di-caffeina-esn-caffeina-pura","status":"publish","type":"product","link":"https:\/\/www.fitness-flohmarkt.ch\/it\/produkt\/esn-caffeine-caps-reines-koffein\/","title":{"rendered":"ESN Caffeine Caps | caffeina pura"},"content":{"rendered":"<div class=\"bb_boxtxt--content bb_text\">\n<div>\n<h3>ESN Caffeine Caps - Caffeina ad alto dosaggio per la concentrazione e l'energia<\/h3>\n<p class=\"\" data-start=\"109\" data-end=\"372\">Le Caffeine Caps di ESN (Elite Sports Nutrients - Made in Germany) forniscono 200 mg di caffeina per dose giornaliera. Sono adatte a tutti coloro che desiderano assumere una dose maggiore di caffeina prima dell'allenamento o per favorire la vigilanza.<\/p>\n<p class=\"\" data-start=\"374\" data-end=\"584\">La caffeina contenuta \u00e8 idrosolubile e pu\u00f2 quindi essere assorbita pi\u00f9 rapidamente dall'organismo. Il rapido utilizzo fornisce un'immediata carica di energia e pu\u00f2 aumentare la concentrazione mentale.<\/p>\n<p class=\"\" data-start=\"586\" data-end=\"751\">Le capsule di caffeina favoriscono la prontezza mentale, possono contrastare l'affaticamento, migliorare la resistenza e aumentare la forza durante l'esercizio fisico prolungato.<\/p>\n<p class=\"\" data-start=\"753\" data-end=\"942\">Le materie prime utilizzate provengono da produttori selezionati. ESN attribuisce grande importanza a una qualit\u00e0 elevata e costante. La produzione avviene in Germania secondo standard riconosciuti.<\/p>\n<\/div>\n<h4>Punti salienti<\/h4>\n<ul>\n<li>Capsule di caffeina ad alto dosaggio<\/li>\n<li>contengono 200 mg di caffeina per dose giornaliera<\/li>\n<li>Rilascio rapido di caffeina<\/li>\n<li>Stimolante ideale<\/li>\n<li>La concentrazione mentale aumenta<\/li>\n<li>sessioni di allenamento pi\u00f9 lunghe<\/li>\n<li>100% prodotto vegano<\/li>\n<li>Prodotto di qualit\u00e0, realizzato in Germania<\/li>\n<\/ul>\n<div class=\"small\">\n<h4>Ingredienti:<\/h4>\n<p>Maltodestrina, caffeina, materiale della capsula (idrossipropilmetilcellulosa*), cellulosa microcristallina, agente antiagglomerante (sali di magnesio degli acidi grassi). *di origine vegetale<\/p>\n<\/div>\n<table class=\"werte\">\n<tbody>\n<tr>\n<th>Valori nutrizionali<\/th>\n<th><\/th>\n<th>1 capsula per porzione giornaliera<\/th>\n<\/tr>\n<tr>\n<td>Caffeina<\/td>\n<td><\/td>\n<td>200 mg<\/td>\n<\/tr>\n<\/tbody>\n<\/table>\n<h4>Contenuti<\/h4>\n<p>120 capsule<\/p>\n<\/div>","protected":false},"excerpt":{"rendered":"<p>Le capsule di caffeina ESN contengono 200 mg di caffeina idrosolubile per porzione. Il rapido assorbimento favorisce la concentrazione mentale e pu\u00f2 ridurre l'affaticamento. Sviluppate per l'esercizio fisico intenso, a base esclusivamente vegetale e prodotte in Germania.<\/p>","protected":false},"featured_media":9048639,"comment_status":"open","ping_status":"closed","template":"","meta":{"_acf_changed":false,"_gspb_post_css":""},"product_brand":[2290],"product_cat":[377],"product_tag":[],"class_list":{"0":"post-3724","1":"product","2":"type-product","3":"status-publish","4":"has-post-thumbnail","6":"product_brand-esn","7":"product_cat-food","8":"pa_artikel-pro-verkaufseinheit-1x","9":"pa_form-gelkapsel","10":"pa_geschmacksrichtung-unflavoured","11":"pa_herkunft-deutschland","12":"pa_inhalt-120-kapseln","13":"pa_lieferumfang-1x-supplement","14":"pa_vegan-ja","16":"first","17":"instock","18":"taxable","19":"shipping-taxable","20":"purchasable","21":"product-type-simple"},"bundled_by":[],"bundle_stock_status":"instock","bundle_stock_quantity":2,"bundle_virtual":false,"bundle_layout":"","bundle_add_to_cart_form_location":"","bundle_editable_in_cart":false,"bundle_sold_individually_context":"","bundle_item_grouping":"","bundle_min_size":"","bundle_max_size":"","bundle_price":[],"bundled_items":[],"bundle_sell_ids":[],"acf":[],"df_price":19.95,"df_sale_price":"","df_regular_price":19.95,"df_image_link":"https:\/\/www.fitness-flohmarkt.ch\/wp-content\/uploads\/F-74327_ESN-Caffeine-Caps-reines-Koffein_0-20250314-102242_1080x1080-1-300x300.png","_links":{"self":[{"href":"https:\/\/www.fitness-flohmarkt.ch\/it\/wp-json\/wp\/v2\/product\/3724","targetHints":{"allow":["GET"]}}],"collection":[{"href":"https:\/\/www.fitness-flohmarkt.ch\/it\/wp-json\/wp\/v2\/product"}],"about":[{"href":"https:\/\/www.fitness-flohmarkt.ch\/it\/wp-json\/wp\/v2\/types\/product"}],"replies":[{"embeddable":true,"href":"https:\/\/www.fitness-flohmarkt.ch\/it\/wp-json\/wp\/v2\/comments?post=3724"}],"wp:featuredmedia":[{"embeddable":true,"href":"https:\/\/www.fitness-flohmarkt.ch\/it\/wp-json\/wp\/v2\/media\/9048639"}],"wp:attachment":[{"href":"https:\/\/www.fitness-flohmarkt.ch\/it\/wp-json\/wp\/v2\/media?parent=3724"}],"wp:term":[{"taxonomy":"product_brand","embeddable":true,"href":"https:\/\/www.fitness-flohmarkt.ch\/it\/wp-json\/wp\/v2\/product_brand?post=3724"},{"taxonomy":"product_cat","embeddable":true,"href":"https:\/\/www.fitness-flohmarkt.ch\/it\/wp-json\/wp\/v2\/product_cat?post=3724"},{"taxonomy":"product_tag","embeddable":true,"href":"https:\/\/www.fitness-flohmarkt.ch\/it\/wp-json\/wp\/v2\/product_tag?post=3724"}],"curies":[{"name":"wp","href":"https:\/\/api.w.org\/{rel}","templated":true}]}}