{"id":3699,"date":"2025-01-25T16:19:36","date_gmt":"2025-01-25T15:19:36","guid":{"rendered":"https:\/\/www2.fitness-flohmarkt.ch\/produkt\/parallelgriff-kabelzug-rudergriff-gummiert\/"},"modified":"2026-04-21T17:51:24","modified_gmt":"2026-04-21T15:51:24","slug":"maniglia-del-timone-gommata-con-cavo-a-presa-parallela","status":"publish","type":"product","link":"https:\/\/www.fitness-flohmarkt.ch\/it\/produkt\/parallelgriff-kabelzug-rudergriff-gummiert\/","title":{"rendered":"Carrucola a cavo a presa parallela | Impugnatura gommata per il canottaggio"},"content":{"rendered":"<h3 data-start=\"70\" data-end=\"177\">Maniglia parallela cromata per vogare - con area di presa gommata per una presa pi\u00f9 sicura<\/h3>\n<p data-start=\"179\" data-end=\"401\">L'impugnatura per vogatore parallelo in acciaio cromato \u00e8 progettata per essere utilizzata sulle stazioni di trazione a cavo ed \u00e8 adatta a vari esercizi di voga. I tappi di plastica facilitano la manipolazione e proteggono le estremit\u00e0 della maniglia.<\/p>\n<p data-start=\"403\" data-end=\"658\">Il manico \u00e8 dotato di una zona di presa gommata per una migliore presa. La superficie zigrinata favorisce la presa anche con le mani bagnate. Robusto e durevole, questo manico \u00e8 progettato per essere utilizzato a casa e in studio.<\/p>","protected":false},"excerpt":{"rendered":"<p>Impugnatura cromata per vogatori paralleli con area di presa gommata e superficie zigrinata per una presa sicura e un uso duraturo.<\/p>","protected":false},"featured_media":57840,"comment_status":"open","ping_status":"closed","template":"","meta":{"_acf_changed":false,"_gspb_post_css":""},"product_brand":[1000],"product_cat":[815],"product_tag":[],"class_list":{"0":"post-3699","1":"product","2":"type-product","3":"status-publish","4":"has-post-thumbnail","6":"product_brand-fitcom","7":"product_cat-griffe-kabelzug","8":"pa_artikel-pro-verkaufseinheit-1x","9":"pa_breite-18-cm","10":"pa_ergonomischer-griff-nein","11":"pa_farbe-chrom","12":"pa_fitness-zubehoertyp-kabelzuggriff","13":"pa_griffdurchmesser-31-mm","14":"pa_griffweitenmarkierung-nein","15":"pa_hoehe-12-cm","16":"pa_lieferumfang-1x-kabelzuggriff","17":"pa_material-stahl","18":"pa_material-griff-gummi","19":"pa_tiefe-19-cm","21":"first","22":"instock","23":"taxable","24":"shipping-taxable","25":"purchasable","26":"product-type-simple"},"bundled_by":[],"bundle_stock_status":"instock","bundle_stock_quantity":15,"bundle_virtual":false,"bundle_layout":"","bundle_add_to_cart_form_location":"","bundle_editable_in_cart":false,"bundle_sold_individually_context":"","bundle_item_grouping":"","bundle_min_size":"","bundle_max_size":"","bundle_price":[],"bundled_items":[],"bundle_sell_ids":[],"acf":[],"df_price":15,"df_sale_price":"","df_regular_price":15,"df_image_link":"https:\/\/www.fitness-flohmarkt.ch\/wp-content\/uploads\/F-37957_Parallelgriff-Kabelzug-Rudergriff-gummiert_0-20250314-102214-300x300.jpg","_links":{"self":[{"href":"https:\/\/www.fitness-flohmarkt.ch\/it\/wp-json\/wp\/v2\/product\/3699","targetHints":{"allow":["GET"]}}],"collection":[{"href":"https:\/\/www.fitness-flohmarkt.ch\/it\/wp-json\/wp\/v2\/product"}],"about":[{"href":"https:\/\/www.fitness-flohmarkt.ch\/it\/wp-json\/wp\/v2\/types\/product"}],"replies":[{"embeddable":true,"href":"https:\/\/www.fitness-flohmarkt.ch\/it\/wp-json\/wp\/v2\/comments?post=3699"}],"wp:featuredmedia":[{"embeddable":true,"href":"https:\/\/www.fitness-flohmarkt.ch\/it\/wp-json\/wp\/v2\/media\/57840"}],"wp:attachment":[{"href":"https:\/\/www.fitness-flohmarkt.ch\/it\/wp-json\/wp\/v2\/media?parent=3699"}],"wp:term":[{"taxonomy":"product_brand","embeddable":true,"href":"https:\/\/www.fitness-flohmarkt.ch\/it\/wp-json\/wp\/v2\/product_brand?post=3699"},{"taxonomy":"product_cat","embeddable":true,"href":"https:\/\/www.fitness-flohmarkt.ch\/it\/wp-json\/wp\/v2\/product_cat?post=3699"},{"taxonomy":"product_tag","embeddable":true,"href":"https:\/\/www.fitness-flohmarkt.ch\/it\/wp-json\/wp\/v2\/product_tag?post=3699"}],"curies":[{"name":"wp","href":"https:\/\/api.w.org\/{rel}","templated":true}]}}