{"id":3671,"date":"2025-01-25T16:19:08","date_gmt":"2025-01-25T15:19:08","guid":{"rendered":"https:\/\/www2.fitness-flohmarkt.ch\/produkt\/pull-up-bar-crossfitness-klimmzugstange\/"},"modified":"2026-05-04T19:50:19","modified_gmt":"2026-05-04T17:50:19","slug":"barra-per-pull-up-crossfitness-barra-per-pull-up","status":"publish","type":"product","link":"https:\/\/www.fitness-flohmarkt.ch\/it\/produkt\/pull-up-bar-crossfitness-klimmzugstange\/","title":{"rendered":"Barra per le trazioni ascensionali | Barra per le trazioni ascensionali CrossFitness"},"content":{"rendered":"<h3 dir=\"auto\"><strong data-start=\"410\" data-end=\"494\">Barra per pull-up - barra per pull-up a parete per un allenamento versatile della parte superiore del corpo.<\/strong><\/h3>\n<div dir=\"auto\">Questa robusta barra per trazioni \u00e8 adatta per le classiche trazioni, i chin-up e altri esercizi per rafforzare la schiena, le spalle, le braccia e il core. La barra per trazioni \u00e8 fissata alla parete e, con una larghezza di presa di 133 cm e una distanza di 77 cm dalla parete, offre spazio sufficiente per un'ampia variet\u00e0 di sequenze di allenamento. Il manubrio ha un diametro di 3 cm e sta comodamente in mano. Con un'altezza di 79 cm e una profondit\u00e0 di 81 cm, la struttura \u00e8 progettata per garantire la stabilit\u00e0. La consegna include gli accessori per il montaggio a parete. Ideale per l'uso in palestra o in studio.<\/div>\n<div dir=\"auto\"><\/div>\n<div dir=\"auto\"><strong>Nota:<\/strong> inclusi gli accessori per il montaggio a parete.<\/div>","protected":false},"excerpt":{"rendered":"<p>Robusta barra di trazione per il montaggio a parete, incluso il materiale di montaggio. Versione larga con 133 cm di lunghezza totale e 77 cm di distanza dalla parete. Maniglia con diametro di 3 cm, adatta a diverse varianti di trazioni. Realizzata in robusto acciaio.<\/p>","protected":false},"featured_media":57808,"comment_status":"open","ping_status":"closed","template":"","meta":{"_acf_changed":false,"_gspb_post_css":""},"product_brand":[1000],"product_cat":[818],"product_tag":[],"class_list":{"0":"post-3671","1":"product","2":"type-product","3":"status-publish","4":"has-post-thumbnail","6":"product_brand-fitcom","7":"product_cat-conditioning","8":"pa_artikel-pro-verkaufseinheit-1x","9":"pa_breite-133-cm","10":"pa_farbe-schwarz","11":"pa_gewichtetyp-koerpergewicht","12":"pa_hoehe-79-cm","13":"pa_kraftstationtyp-dip-klimmzug-station","14":"pa_lieferumfang-1x-klimmzugstation","15":"pa_material-stahl","16":"pa_max-belastung-200-kg","17":"pa_tiefe-81-cm","18":"pa_verstellbar-nein","20":"first","21":"instock","22":"taxable","23":"shipping-taxable","24":"purchasable","25":"product-type-simple"},"bundled_by":[],"bundle_stock_status":"instock","bundle_stock_quantity":35,"bundle_virtual":false,"bundle_layout":"","bundle_add_to_cart_form_location":"","bundle_editable_in_cart":false,"bundle_sold_individually_context":"","bundle_item_grouping":"","bundle_min_size":"","bundle_max_size":"","bundle_price":[],"bundled_items":[],"bundle_sell_ids":[],"acf":[],"df_price":70,"df_sale_price":"","df_regular_price":70,"df_image_link":"https:\/\/www.fitness-flohmarkt.ch\/wp-content\/uploads\/F-93323_Klimmzugstange_0-20250314-102122-300x300.jpg","_links":{"self":[{"href":"https:\/\/www.fitness-flohmarkt.ch\/it\/wp-json\/wp\/v2\/product\/3671","targetHints":{"allow":["GET"]}}],"collection":[{"href":"https:\/\/www.fitness-flohmarkt.ch\/it\/wp-json\/wp\/v2\/product"}],"about":[{"href":"https:\/\/www.fitness-flohmarkt.ch\/it\/wp-json\/wp\/v2\/types\/product"}],"replies":[{"embeddable":true,"href":"https:\/\/www.fitness-flohmarkt.ch\/it\/wp-json\/wp\/v2\/comments?post=3671"}],"wp:featuredmedia":[{"embeddable":true,"href":"https:\/\/www.fitness-flohmarkt.ch\/it\/wp-json\/wp\/v2\/media\/57808"}],"wp:attachment":[{"href":"https:\/\/www.fitness-flohmarkt.ch\/it\/wp-json\/wp\/v2\/media?parent=3671"}],"wp:term":[{"taxonomy":"product_brand","embeddable":true,"href":"https:\/\/www.fitness-flohmarkt.ch\/it\/wp-json\/wp\/v2\/product_brand?post=3671"},{"taxonomy":"product_cat","embeddable":true,"href":"https:\/\/www.fitness-flohmarkt.ch\/it\/wp-json\/wp\/v2\/product_cat?post=3671"},{"taxonomy":"product_tag","embeddable":true,"href":"https:\/\/www.fitness-flohmarkt.ch\/it\/wp-json\/wp\/v2\/product_tag?post=3671"}],"curies":[{"name":"wp","href":"https:\/\/api.w.org\/{rel}","templated":true}]}}