{"id":3619,"date":"2025-01-25T16:18:27","date_gmt":"2025-01-25T15:18:27","guid":{"rendered":"https:\/\/www2.fitness-flohmarkt.ch\/produkt\/plate-loaded-lat-pull-down-latzug\/"},"modified":"2026-03-01T23:30:42","modified_gmt":"2026-03-01T22:30:42","slug":"trazioni-lombari-alla-piastra-trazioni-lombari-alla-piastra","status":"publish","type":"product","link":"https:\/\/www.fitness-flohmarkt.ch\/it\/produkt\/plate-loaded-lat-pull-down-latzug\/","title":{"rendered":"Trazioni alla sbarra con carico sulla piastra | Trazioni alla sbarra"},"content":{"rendered":"<h3>Lat Pull Down con carico su piastra - Un allenamento efficace per il latissimus<\/h3>\n<p data-start=\"238\" data-end=\"467\">Il Plate Loaded Lat Pull Down \u00e8 un dispositivo di allenamento di alta qualit\u00e0 che rafforza in modo specifico i muscoli del latissimus e della parte superiore della schiena. Il movimento di trazione guidato favorisce un'esecuzione pulita e un'attivazione muscolare ottimale.<\/p>\n<p data-start=\"469\" data-end=\"589\">Il sedile \u00e8 regolabile in altezza e permette di adattare la posizione di allenamento alle diverse corporature.<\/p>\n<p data-start=\"591\" data-end=\"802\">Il dispositivo \u00e8 costituito da un robusto telaio tubolare in acciaio ed \u00e8 adatto sia per l'uso in studio che in palestra. La struttura solida garantisce un'elevata stabilit\u00e0 durante l'allenamento.<\/p>\n<p data-start=\"804\" data-end=\"1005\">L'apparecchio \u00e8 nuovo, inutilizzato e in perfette condizioni - pronto per l'uso immediato senza usura o segni di utilizzo. L'apparecchio \u00e8 di colore nero e giallo, sportivo e di grande effetto.<\/p>\n<p data-start=\"1007\" data-end=\"1180\">La resistenza pu\u00f2 essere facilmente regolata utilizzando qualsiasi disco di peso con attacco da 50 mm, per livelli di carico flessibili e allenamenti progressivi.<\/p>\n<p data-start=\"1182\" data-end=\"1255\"><strong>Nota:<\/strong> L'apparecchio \u00e8 nuovo, inutilizzato e in perfette condizioni. Il montaggio \u00e8 a cura dell'acquirente.<\/p>","protected":false},"excerpt":{"rendered":"<p>Lat Pull Down con carico su piastra per un allenamento mirato della schiena. Sedile regolabile in altezza, robusta struttura in acciaio tubolare, adatto a dischi da 50 mm. In nero e giallo sportivo, nuovo e non usato.<\/p>","protected":false},"featured_media":9036891,"comment_status":"open","ping_status":"closed","template":"","meta":{"_acf_changed":false,"_gspb_post_css":""},"product_brand":[1000],"product_cat":[342],"product_tag":[],"class_list":{"0":"post-3619","1":"product","2":"type-product","3":"status-publish","4":"has-post-thumbnail","6":"product_brand-fitcom","7":"product_cat-plate-loaded","8":"product_shipping_class-nicht-stapelbar","9":"pa_artikel-pro-verkaufseinheit-1x","10":"pa_farbe-gelb","11":"pa_farbe-schwarz","12":"pa_lieferumfang-1x-plate-loaded-geraet","13":"pa_material-stahl","14":"pa_max-belastung-500-kg","15":"pa_verstellbarer-sitz-ja","17":"first","18":"outofstock","19":"taxable","20":"shipping-taxable","21":"purchasable","22":"product-type-simple"},"bundled_by":[],"bundle_stock_status":"outofstock","bundle_stock_quantity":0,"bundle_virtual":false,"bundle_layout":"","bundle_add_to_cart_form_location":"","bundle_editable_in_cart":false,"bundle_sold_individually_context":"","bundle_item_grouping":"","bundle_min_size":"","bundle_max_size":"","bundle_price":[],"bundled_items":[],"bundle_sell_ids":[],"acf":[],"df_price":1290,"df_sale_price":"","df_regular_price":1290,"df_image_link":"https:\/\/www.fitness-flohmarkt.ch\/wp-content\/uploads\/F-73617_Plate-Loaded-Lat-Pull-Down-Latzug_0-20250314-102037-removebg-300x300.png","_links":{"self":[{"href":"https:\/\/www.fitness-flohmarkt.ch\/it\/wp-json\/wp\/v2\/product\/3619","targetHints":{"allow":["GET"]}}],"collection":[{"href":"https:\/\/www.fitness-flohmarkt.ch\/it\/wp-json\/wp\/v2\/product"}],"about":[{"href":"https:\/\/www.fitness-flohmarkt.ch\/it\/wp-json\/wp\/v2\/types\/product"}],"replies":[{"embeddable":true,"href":"https:\/\/www.fitness-flohmarkt.ch\/it\/wp-json\/wp\/v2\/comments?post=3619"}],"wp:featuredmedia":[{"embeddable":true,"href":"https:\/\/www.fitness-flohmarkt.ch\/it\/wp-json\/wp\/v2\/media\/9036891"}],"wp:attachment":[{"href":"https:\/\/www.fitness-flohmarkt.ch\/it\/wp-json\/wp\/v2\/media?parent=3619"}],"wp:term":[{"taxonomy":"product_brand","embeddable":true,"href":"https:\/\/www.fitness-flohmarkt.ch\/it\/wp-json\/wp\/v2\/product_brand?post=3619"},{"taxonomy":"product_cat","embeddable":true,"href":"https:\/\/www.fitness-flohmarkt.ch\/it\/wp-json\/wp\/v2\/product_cat?post=3619"},{"taxonomy":"product_tag","embeddable":true,"href":"https:\/\/www.fitness-flohmarkt.ch\/it\/wp-json\/wp\/v2\/product_tag?post=3619"}],"curies":[{"name":"wp","href":"https:\/\/api.w.org\/{rel}","templated":true}]}}