{"id":3532,"date":"2025-01-25T16:16:51","date_gmt":"2025-01-25T15:16:51","guid":{"rendered":"https:\/\/www2.fitness-flohmarkt.ch\/produkt\/bodenmatte-foam-60-x-60-x-1-2cm-fitness-boden\/"},"modified":"2026-04-20T15:13:23","modified_gmt":"2026-04-20T13:13:23","slug":"tappetino-in-schiuma-60-x-60-x-1-2cm-pavimento-fitness","status":"publish","type":"product","link":"https:\/\/www.fitness-flohmarkt.ch\/it\/produkt\/bodenmatte-foam-60-x-60-x-1-2cm-fitness-boden\/","title":{"rendered":"Tappetino in schiuma 60 x 60 x 1,2 cm | Pavimento fitness"},"content":{"rendered":"<h3>Tappeto anticaduta 60 x 60 x 1,2 cm - Tappeto in schiuma leggera per allenamento e ginnastica<\/h3>\n<p class=\"whitespace-normal break-words\">Il tappetino in schiuma (foam) di dimensioni 60 x 60 x 1,2 cm offre una superficie morbida e confortevole per la palestra di casa. \u00c8 ideale per allenarsi con il proprio peso corporeo, per l'aerobica, per gli esercizi di stretching, per la ginnastica e per il core training. Rispetto ai tradizionali pavimenti in gomma, la pavimentazione in schiuma \u00e8 pi\u00f9 leggera e decisamente pi\u00f9 morbida.<\/p>\n<p class=\"whitespace-normal break-words\">Questo tappetino non \u00e8 antiscivolo e viene utilizzato principalmente come superficie morbida per gli esercizi a terra. Per esercizi come l'arrampicata in montagna, si consiglia di utilizzare un tappetino da allenamento separato.<\/p>\n<p class=\"whitespace-normal break-words\">Per l'uso commerciale nell'area dei pesi liberi o come base per le macchine per pesi nei centri fitness, tuttavia, si consiglia l'uso di un pavimento in gomma piena.<\/p>\n<p><strong>Nota:<\/strong> Prezzo per pezzo. I bordi su 2 lati sono inclusi.<\/p>","protected":false},"excerpt":{"rendered":"<p>Tappetino in morbida schiuma (60 x 60 x 1,2 cm) - ideale come comoda base per gli esercizi a terra nella palestra di casa. Assorbe il rumore e protegge il pavimento. Facile da pulire e da stendere.<\/p>","protected":false},"featured_media":57668,"comment_status":"open","ping_status":"closed","template":"","meta":{"_acf_changed":false,"_gspb_post_css":""},"product_brand":[1000],"product_cat":[804,824],"product_tag":[],"class_list":{"0":"post-3532","1":"product","2":"type-product","3":"status-publish","4":"has-post-thumbnail","6":"product_brand-fitcom","7":"product_cat-fitness-bodenschutzmatte","8":"product_cat-kampfsport-bodenmatte","9":"pa_anzahl-verpackungseinheit-689","10":"pa_artikel-pro-verkaufseinheit-1x","11":"pa_breite-60-cm","12":"pa_dicke-12-mm","13":"pa_farbe-schwarz","14":"pa_fitnessbodentyp-einzelne-matte","15":"pa_geraeuschdaempfend-ja","16":"pa_haertegrad-soft","17":"pa_laenge-60-cm","18":"pa_lieferumfang-1x-matte","19":"pa_material-schaumstoff","20":"pa_shock-absorption-system-ja","21":"pa_verbindungsart-puzzle-verbindung","23":"first","24":"instock","25":"taxable","26":"shipping-taxable","27":"purchasable","28":"product-type-simple"},"bundled_by":[],"bundle_stock_status":"instock","bundle_stock_quantity":293,"bundle_virtual":false,"bundle_layout":"","bundle_add_to_cart_form_location":"","bundle_editable_in_cart":false,"bundle_sold_individually_context":"","bundle_item_grouping":"","bundle_min_size":"","bundle_max_size":"","bundle_price":[],"bundled_items":[],"bundle_sell_ids":[],"acf":[],"df_price":5,"df_sale_price":"","df_regular_price":5,"df_image_link":"https:\/\/www.fitness-flohmarkt.ch\/wp-content\/uploads\/F-68774_Bodenmatte-Foam-60-x-60-x-1.2cm-Fitness-Boden_0-20250314-101842-300x300.jpg","_links":{"self":[{"href":"https:\/\/www.fitness-flohmarkt.ch\/it\/wp-json\/wp\/v2\/product\/3532","targetHints":{"allow":["GET"]}}],"collection":[{"href":"https:\/\/www.fitness-flohmarkt.ch\/it\/wp-json\/wp\/v2\/product"}],"about":[{"href":"https:\/\/www.fitness-flohmarkt.ch\/it\/wp-json\/wp\/v2\/types\/product"}],"replies":[{"embeddable":true,"href":"https:\/\/www.fitness-flohmarkt.ch\/it\/wp-json\/wp\/v2\/comments?post=3532"}],"wp:featuredmedia":[{"embeddable":true,"href":"https:\/\/www.fitness-flohmarkt.ch\/it\/wp-json\/wp\/v2\/media\/57668"}],"wp:attachment":[{"href":"https:\/\/www.fitness-flohmarkt.ch\/it\/wp-json\/wp\/v2\/media?parent=3532"}],"wp:term":[{"taxonomy":"product_brand","embeddable":true,"href":"https:\/\/www.fitness-flohmarkt.ch\/it\/wp-json\/wp\/v2\/product_brand?post=3532"},{"taxonomy":"product_cat","embeddable":true,"href":"https:\/\/www.fitness-flohmarkt.ch\/it\/wp-json\/wp\/v2\/product_cat?post=3532"},{"taxonomy":"product_tag","embeddable":true,"href":"https:\/\/www.fitness-flohmarkt.ch\/it\/wp-json\/wp\/v2\/product_tag?post=3532"}],"curies":[{"name":"wp","href":"https:\/\/api.w.org\/{rel}","templated":true}]}}