{"id":3328,"date":"2025-01-25T16:13:44","date_gmt":"2025-01-25T15:13:44","guid":{"rendered":"https:\/\/www2.fitness-flohmarkt.ch\/produkt\/keiser-crosstrainer-m5i-strider-elliptical\/"},"modified":"2026-04-20T15:53:51","modified_gmt":"2026-04-20T13:53:51","slug":"keiser-crosstrainer-m5i-strider-ellittica","status":"publish","type":"product","link":"https:\/\/www.fitness-flohmarkt.ch\/it\/produkt\/keiser-crosstrainer-m5i-strider-elliptical\/","title":{"rendered":"Keiser Crosstrainer M5i | Strider Ellittica"},"content":{"rendered":"<h3>Keiser M5i Strider - Crosstrainer con resistenza magnetica e connettivit\u00e0 Bluetooth<\/h3>\n<p data-start=\"0\" data-end=\"837\">Il Keiser M5i Strider \u00e8 un cross trainer di alta qualit\u00e0 con resistenza magnetica senza usura e connettivit\u00e0 Bluetooth completa. Offre dati precisi sull'allenamento come i giri al minuto, il wattaggio, le calorie bruciate, la frequenza cardiaca (compatibile con Polar\u2122), il tempo, i livelli di resistenza e la distanza, tutti chiaramente visualizzati sul computer. L'impostazione della resistenza \u00e8 variabile in modo continuo grazie a un regolatore scorrevole, che consente un allenamento personalizzato e fluido. Il cross trainer \u00e8 dotato di doppie maniglie imbottite e mobili e di manubri regolabili in altezza per un comfort ottimale. Praticamente privo di manutenzione e dotato di ruote per il trasporto, \u00e8 ideale per l'uso domestico e commerciale leggero. Il dispositivo viene fornito smontato e nella sua confezione originale, con la garanzia di fabbrica Keiser.<\/p>\n<h4 data-start=\"839\" data-end=\"859\"><strong data-start=\"839\" data-end=\"859\">A colpo d'occhio:<\/strong><\/h4>\n<ul data-start=\"860\" data-end=\"1468\">\n<li data-start=\"860\" data-end=\"894\">\n<p data-start=\"862\" data-end=\"894\">Resistenza magnetica, senza usura<\/p>\n<\/li>\n<li data-start=\"895\" data-end=\"951\">\n<p data-start=\"897\" data-end=\"951\">Trasmettitore Bluetooth per la connessione a smartphone e tablet<\/p>\n<\/li>\n<li data-start=\"895\" data-end=\"951\">\n<p data-start=\"897\" data-end=\"951\">Computer con visualizzazione di: RPM (giri al minuto), risultato della prestazione in watt (riproduzione corrente), chilocalorie (numero totale per corsa), frequenza cardiaca (compatibile con Polar\u2122), tempo completato, marcia (resistenza, da 1 a 24 marce), distanza completata<\/p>\n<\/li>\n<li data-start=\"895\" data-end=\"951\">\n<p data-start=\"897\" data-end=\"951\">Resistenza regolabile all'infinito con una regolazione fluida<\/p>\n<\/li>\n<li data-start=\"895\" data-end=\"951\">\n<p data-start=\"897\" data-end=\"951\">Maniglie a doppia posizione, imbottite e mobili<\/p>\n<\/li>\n<li data-start=\"895\" data-end=\"951\">\n<p data-start=\"897\" data-end=\"951\">Manubrio regolabile in altezza<\/p>\n<\/li>\n<li data-start=\"895\" data-end=\"951\">\n<p data-start=\"897\" data-end=\"951\">Battistrada confortevoli<\/p>\n<\/li>\n<li data-start=\"895\" data-end=\"951\">\n<p data-start=\"897\" data-end=\"951\">Rulli di trasporto<\/p>\n<\/li>\n<li data-start=\"895\" data-end=\"951\">\n<p data-start=\"897\" data-end=\"951\">Imballaggio originale, non montato<\/p>\n<\/li>\n<li data-start=\"895\" data-end=\"951\">\n<p data-start=\"897\" data-end=\"951\">Garanzia: 2 anni per uso domestico, 1 anno per uso istituzionale o commerciale leggero<\/p>\n<\/li>\n<li data-start=\"895\" data-end=\"951\">\n<p data-start=\"897\" data-end=\"951\">Accessori: ricevitore Polar, portabottiglie, vano portaoggetti<\/p>\n<\/li>\n<li data-start=\"895\" data-end=\"951\">\n<p data-start=\"897\" data-end=\"951\">Dimensioni del cartone: 57 x 58 x 113 cm (L x P x A)<\/p>\n<\/li>\n<\/ul>\n<p data-start=\"65\" data-end=\"209\"><strong data-start=\"65\" data-end=\"79\">Osservazione:<\/strong> L'apparecchio si trova nella sua confezione originale in una scatola di cartone (non assemblata) e viene fornito con una garanzia ufficiale di fabbrica Keiser.<\/p>\n<p data-start=\"211\" data-end=\"236\"><strong data-start=\"211\" data-end=\"234\">Accessori e garanzia:<\/strong><\/p>\n<ul data-start=\"237\" data-end=\"478\" data-is-last-node=\"\" data-is-only-node=\"\">\n<li data-start=\"237\" data-end=\"313\">\n<p data-start=\"239\" data-end=\"313\"><strong data-start=\"239\" data-end=\"251\">Accessori:<\/strong> Ricevitore polare integrato, portabottiglie e vano portaoggetti<\/p>\n<\/li>\n<li data-start=\"314\" data-end=\"478\" data-is-last-node=\"\">\n<p data-start=\"316\" data-end=\"478\" data-is-last-node=\"\"><strong data-start=\"316\" data-end=\"329\">Garanzia:<\/strong> 2 anni di garanzia completa per l'uso domestico (escluse le parti soggette a usura), 1 anno di garanzia completa per l'uso istituzionale o commerciale leggero.<\/p>\n<\/li>\n<\/ul>","protected":false},"excerpt":{"rendered":"<p>Keiser M5i Strider con resistenza magnetica a regolazione continua, computer di allenamento Bluetooth e manubrio regolabile in altezza. Visualizza RPM, watt, calorie, tempo, distanza, marcia e frequenza cardiaca (compatibile con Polar). Richiede poca manutenzione, con ruote per il trasporto e accessori come il portaborraccia e il vano portaoggetti.<\/p>","protected":false},"featured_media":67176,"comment_status":"open","ping_status":"closed","template":"","meta":{"_acf_changed":false,"_gspb_post_css":""},"product_brand":[],"product_cat":[818,357,304],"product_tag":[],"class_list":{"0":"post-3328","1":"product","2":"type-product","3":"status-publish","4":"has-post-thumbnail","6":"product_cat-conditioning","7":"product_cat-crosstrainer","8":"product_cat-reha-physio","9":"product_shipping_class-standard","10":"pa_angezeigte-messwerte-distanz","11":"pa_angezeigte-messwerte-kalorien","12":"pa_angezeigte-messwerte-leistungsergebnis-in-watt","13":"pa_angezeigte-messwerte-puls-in-verbindung-mit-brustgurt-nicht-inkl","14":"pa_angezeigte-messwerte-rpm","15":"pa_angezeigte-messwerte-widerstand","16":"pa_angezeigte-messwerte-zeit","17":"pa_anzahl-widerstandsstufen-2015","18":"pa_breite-60-cm","19":"pa_bremssystem-magnetwiderstand","20":"pa_crosstrainer-features-ablage-fuer-smartphone","21":"pa_crosstrainer-features-ablagefach-fuer-kleinteile","22":"pa_crosstrainer-features-flaschenhalter","23":"pa_crosstrainer-features-polarempfaenger","24":"pa_farbe-schwarz","25":"pa_gewicht-58-kg","26":"pa_hoehe-168-cm-2","27":"pa_hometrainertyp-crosstrainer","28":"pa_kompatibel-pulsempfaenger-polar-empfaenger","29":"pa_laenge-130-cm","30":"pa_max-belastung-180-kg","31":"pa_transportrollen-ja","33":"first","34":"instock","35":"taxable","36":"shipping-taxable","37":"purchasable","38":"product-type-simple"},"bundled_by":[],"bundle_stock_status":"instock","bundle_stock_quantity":9,"bundle_virtual":false,"bundle_layout":"","bundle_add_to_cart_form_location":"","bundle_editable_in_cart":false,"bundle_sold_individually_context":"","bundle_item_grouping":"","bundle_min_size":"","bundle_max_size":"","bundle_price":[],"bundled_items":[],"bundle_sell_ids":[],"acf":[],"df_price":2890,"df_sale_price":"","df_regular_price":2890,"df_image_link":"https:\/\/www.fitness-flohmarkt.ch\/wp-content\/uploads\/5602_M5i_Strider_Elliptical_Machine_Left_Three_Quarter-300x300.png","_links":{"self":[{"href":"https:\/\/www.fitness-flohmarkt.ch\/it\/wp-json\/wp\/v2\/product\/3328","targetHints":{"allow":["GET"]}}],"collection":[{"href":"https:\/\/www.fitness-flohmarkt.ch\/it\/wp-json\/wp\/v2\/product"}],"about":[{"href":"https:\/\/www.fitness-flohmarkt.ch\/it\/wp-json\/wp\/v2\/types\/product"}],"replies":[{"embeddable":true,"href":"https:\/\/www.fitness-flohmarkt.ch\/it\/wp-json\/wp\/v2\/comments?post=3328"}],"wp:featuredmedia":[{"embeddable":true,"href":"https:\/\/www.fitness-flohmarkt.ch\/it\/wp-json\/wp\/v2\/media\/67176"}],"wp:attachment":[{"href":"https:\/\/www.fitness-flohmarkt.ch\/it\/wp-json\/wp\/v2\/media?parent=3328"}],"wp:term":[{"taxonomy":"product_brand","embeddable":true,"href":"https:\/\/www.fitness-flohmarkt.ch\/it\/wp-json\/wp\/v2\/product_brand?post=3328"},{"taxonomy":"product_cat","embeddable":true,"href":"https:\/\/www.fitness-flohmarkt.ch\/it\/wp-json\/wp\/v2\/product_cat?post=3328"},{"taxonomy":"product_tag","embeddable":true,"href":"https:\/\/www.fitness-flohmarkt.ch\/it\/wp-json\/wp\/v2\/product_tag?post=3328"}],"curies":[{"name":"wp","href":"https:\/\/api.w.org\/{rel}","templated":true}]}}