{"id":3034,"date":"2025-01-25T16:10:21","date_gmt":"2025-01-25T15:10:21","guid":{"rendered":"https:\/\/www2.fitness-flohmarkt.ch\/produkt\/plate-loaded-leg-extension-beinstrecker\/"},"modified":"2026-04-20T16:58:54","modified_gmt":"2026-04-20T14:58:54","slug":"estensione-delle-gambe-con-piastra-estensione-delle-gambe","status":"publish","type":"product","link":"https:\/\/www.fitness-flohmarkt.ch\/it\/produkt\/plate-loaded-leg-extension-beinstrecker\/","title":{"rendered":"Estensione delle gambe con carico a piastra | Estensione delle gambe"},"content":{"rendered":"<h3 data-start=\"246\" data-end=\"561\">Estensione delle gambe con carico su piastra - estensione delle gambe per un allenamento mirato dei quadricipiti<\/h3>\n<p data-start=\"246\" data-end=\"561\">La Leg Extension con carico su piastra \u00e8 stata progettata per l'allenamento isolato della parte anteriore della coscia (quadricipite). Il movimento di estensione guidato in posizione seduta consente di ottenere un carico uniforme su tutto l'arco di movimento.<\/p>\n<p data-start=\"563\" data-end=\"761\">La rotella imbottita \u00e8 posizionata in modo ergonomico. Schienale regolabile per adattarsi alle diverse corporature e posizioni di seduta.<\/p>\n<p data-start=\"763\" data-end=\"974\">Il dispositivo \u00e8 costituito da un robusto telaio tubolare in acciaio ed \u00e8 adatto sia per l'uso in studio che in palestra. La struttura solida garantisce un'elevata stabilit\u00e0 durante l'allenamento.<\/p>\n<p data-start=\"976\" data-end=\"1177\">L'apparecchio \u00e8 nuovo, inutilizzato e in perfette condizioni - pronto per l'uso immediato senza usura o segni di utilizzo. L'apparecchio \u00e8 di colore nero e giallo, sportivo e di grande effetto.<\/p>\n<p data-start=\"1179\" data-end=\"1352\">La resistenza pu\u00f2 essere facilmente regolata utilizzando qualsiasi disco di peso con attacco da 50 mm, per livelli di carico flessibili e allenamenti progressivi.<\/p>\n<p data-start=\"1354\" data-end=\"1427\"><strong>Nota:<\/strong> L'apparecchio \u00e8 nuovo, inutilizzato e in perfette condizioni. Il montaggio \u00e8 a cura dell'acquirente.<\/p>","protected":false},"excerpt":{"rendered":"<p>Estensione della gamba con carico a piastra per l'allenamento isolato della parte anteriore della coscia. Schienale regolabile in altezza, robusta struttura in acciaio tubolare, adatta a dischi di peso da 50 mm. In nero e giallo sportivo, nuovo e non usato.<\/p>","protected":false},"featured_media":57284,"comment_status":"open","ping_status":"closed","template":"","meta":{"_acf_changed":false,"_gspb_post_css":""},"product_brand":[1000],"product_cat":[342],"product_tag":[],"class_list":{"0":"post-3034","1":"product","2":"type-product","3":"status-publish","4":"has-post-thumbnail","6":"product_brand-fitcom","7":"product_cat-plate-loaded","8":"product_shipping_class-nicht-stapelbar","9":"pa_artikel-pro-verkaufseinheit-1x","10":"pa_breite-134-cm","11":"pa_farbe-gelb","12":"pa_farbe-schwarz","13":"pa_hoehe-160-cm","14":"pa_lieferumfang-1x-plate-loaded-geraet","15":"pa_material-stahl","16":"pa_max-belastung-500-kg","17":"pa_tiefe-102-cm","18":"pa_verstellbare-rueckenlehne-ja","19":"pa_verstellbarer-sitz-nein","21":"first","22":"instock","23":"taxable","24":"shipping-taxable","25":"purchasable","26":"product-type-simple"},"bundled_by":[],"bundle_stock_status":"instock","bundle_stock_quantity":1,"bundle_virtual":false,"bundle_layout":"","bundle_add_to_cart_form_location":"","bundle_editable_in_cart":false,"bundle_sold_individually_context":"","bundle_item_grouping":"","bundle_min_size":"","bundle_max_size":"","bundle_price":[],"bundled_items":[],"bundle_sell_ids":[],"acf":[],"df_price":1290,"df_sale_price":"","df_regular_price":1290,"df_image_link":"https:\/\/www.fitness-flohmarkt.ch\/wp-content\/uploads\/F-67686_Plate-Loaded-Leg-Extension-Beinstrecker_0-20250314-101112-300x300.jpg","_links":{"self":[{"href":"https:\/\/www.fitness-flohmarkt.ch\/it\/wp-json\/wp\/v2\/product\/3034","targetHints":{"allow":["GET"]}}],"collection":[{"href":"https:\/\/www.fitness-flohmarkt.ch\/it\/wp-json\/wp\/v2\/product"}],"about":[{"href":"https:\/\/www.fitness-flohmarkt.ch\/it\/wp-json\/wp\/v2\/types\/product"}],"replies":[{"embeddable":true,"href":"https:\/\/www.fitness-flohmarkt.ch\/it\/wp-json\/wp\/v2\/comments?post=3034"}],"wp:featuredmedia":[{"embeddable":true,"href":"https:\/\/www.fitness-flohmarkt.ch\/it\/wp-json\/wp\/v2\/media\/57284"}],"wp:attachment":[{"href":"https:\/\/www.fitness-flohmarkt.ch\/it\/wp-json\/wp\/v2\/media?parent=3034"}],"wp:term":[{"taxonomy":"product_brand","embeddable":true,"href":"https:\/\/www.fitness-flohmarkt.ch\/it\/wp-json\/wp\/v2\/product_brand?post=3034"},{"taxonomy":"product_cat","embeddable":true,"href":"https:\/\/www.fitness-flohmarkt.ch\/it\/wp-json\/wp\/v2\/product_cat?post=3034"},{"taxonomy":"product_tag","embeddable":true,"href":"https:\/\/www.fitness-flohmarkt.ch\/it\/wp-json\/wp\/v2\/product_tag?post=3034"}],"curies":[{"name":"wp","href":"https:\/\/api.w.org\/{rel}","templated":true}]}}