{"id":2951,"date":"2025-01-25T16:09:22","date_gmt":"2025-01-25T15:09:22","guid":{"rendered":"https:\/\/www2.fitness-flohmarkt.ch\/produkt\/plate-loaded-calf-press-wadenmaschine\/"},"modified":"2026-04-21T16:37:03","modified_gmt":"2026-04-21T14:37:03","slug":"pressa-per-polpacci-a-piastra-macchina-per-polpacci","status":"publish","type":"product","link":"https:\/\/www.fitness-flohmarkt.ch\/it\/produkt\/plate-loaded-calf-press-wadenmaschine\/","title":{"rendered":"Pressa per polpacci con carico di piastre e macchina per polpacci"},"content":{"rendered":"<h3 data-start=\"142\" data-end=\"552\"><strong data-start=\"142\" data-end=\"222\">Plate Loaded Calf Press - macchina per l'allenamento mirato dei polpacci con un angolo di 45\u00b0.<\/strong><\/h3>\n<p data-start=\"142\" data-end=\"552\">Il Plate Loaded Calf Press \u00e8 stato progettato appositamente per l'allenamento isolato dei muscoli del polpaccio. L'esercizio viene eseguito in posizione seduta con un angolo fisso di 45\u00b0, con una pressione controllata applicata tramite la pedana antiscivolo. Questa posizione consente un carico efficace con una sequenza di movimenti stabile.<\/p>\n<p data-start=\"554\" data-end=\"761\">Il dispositivo \u00e8 costituito da un robusto telaio tubolare in acciaio ed \u00e8 adatto sia per l'uso in studio che in palestra. La struttura solida garantisce un'elevata stabilit\u00e0 durante l'allenamento.<\/p>\n<p data-start=\"763\" data-end=\"964\">L'apparecchio \u00e8 nuovo, inutilizzato e in perfette condizioni - pronto per l'uso immediato senza usura o segni di utilizzo. L'apparecchio \u00e8 di colore nero e giallo, sportivo e di grande effetto.<\/p>\n<p data-start=\"966\" data-end=\"1139\">La resistenza pu\u00f2 essere facilmente regolata utilizzando qualsiasi disco di peso con attacco da 50 mm, per livelli di carico flessibili e allenamenti progressivi.<\/p>\n<p data-start=\"966\" data-end=\"1139\"><strong>Nota:<\/strong> L'apparecchio \u00e8 nuovo, inutilizzato e in perfette condizioni. Il montaggio \u00e8 a cura dell'acquirente.<\/p>","protected":false},"excerpt":{"rendered":"<p>Pressa per polpacci con carico su piastra per un rafforzamento mirato dei muscoli del polpaccio. Solida struttura tubolare in acciaio con piastra antiscivolo. Per dischi da 50 mm. In nero e giallo, nuovo e non usato.<\/p>","protected":false},"featured_media":57220,"comment_status":"open","ping_status":"closed","template":"","meta":{"_acf_changed":false,"_gspb_post_css":""},"product_brand":[1000],"product_cat":[342],"product_tag":[],"class_list":{"0":"post-2951","1":"product","2":"type-product","3":"status-publish","4":"has-post-thumbnail","6":"product_brand-fitcom","7":"product_cat-plate-loaded","8":"product_shipping_class-nicht-stapelbar","9":"pa_artikel-pro-verkaufseinheit-1x","10":"pa_breite-122-cm","11":"pa_farbe-gelb","12":"pa_farbe-schwarz","13":"pa_hoehe-167-cm-3","14":"pa_lieferumfang-1x-plate-loaded-geraet","15":"pa_material-stahl","16":"pa_max-belastung-500-kg","17":"pa_tiefe-121-cm","18":"pa_verstellbare-rueckenlehne-nein","19":"pa_verstellbarer-sitz-nein","21":"first","22":"instock","23":"taxable","24":"shipping-taxable","25":"purchasable","26":"product-type-simple"},"bundled_by":[],"bundle_stock_status":"instock","bundle_stock_quantity":1,"bundle_virtual":false,"bundle_layout":"","bundle_add_to_cart_form_location":"","bundle_editable_in_cart":false,"bundle_sold_individually_context":"","bundle_item_grouping":"","bundle_min_size":"","bundle_max_size":"","bundle_price":[],"bundled_items":[],"bundle_sell_ids":[],"acf":[],"df_price":1290,"df_sale_price":"","df_regular_price":1290,"df_image_link":"https:\/\/www.fitness-flohmarkt.ch\/wp-content\/uploads\/F-87618_Plate-Loaded-Calf-Press-Wadenmaschine_0-20250314-101026-300x300.jpg","_links":{"self":[{"href":"https:\/\/www.fitness-flohmarkt.ch\/it\/wp-json\/wp\/v2\/product\/2951","targetHints":{"allow":["GET"]}}],"collection":[{"href":"https:\/\/www.fitness-flohmarkt.ch\/it\/wp-json\/wp\/v2\/product"}],"about":[{"href":"https:\/\/www.fitness-flohmarkt.ch\/it\/wp-json\/wp\/v2\/types\/product"}],"replies":[{"embeddable":true,"href":"https:\/\/www.fitness-flohmarkt.ch\/it\/wp-json\/wp\/v2\/comments?post=2951"}],"wp:featuredmedia":[{"embeddable":true,"href":"https:\/\/www.fitness-flohmarkt.ch\/it\/wp-json\/wp\/v2\/media\/57220"}],"wp:attachment":[{"href":"https:\/\/www.fitness-flohmarkt.ch\/it\/wp-json\/wp\/v2\/media?parent=2951"}],"wp:term":[{"taxonomy":"product_brand","embeddable":true,"href":"https:\/\/www.fitness-flohmarkt.ch\/it\/wp-json\/wp\/v2\/product_brand?post=2951"},{"taxonomy":"product_cat","embeddable":true,"href":"https:\/\/www.fitness-flohmarkt.ch\/it\/wp-json\/wp\/v2\/product_cat?post=2951"},{"taxonomy":"product_tag","embeddable":true,"href":"https:\/\/www.fitness-flohmarkt.ch\/it\/wp-json\/wp\/v2\/product_tag?post=2951"}],"curies":[{"name":"wp","href":"https:\/\/api.w.org\/{rel}","templated":true}]}}