{"id":2854,"date":"2025-01-25T16:07:43","date_gmt":"2025-01-25T15:07:43","guid":{"rendered":"https:\/\/www2.fitness-flohmarkt.ch\/produkt\/assault-classic-bike-airbike\/"},"modified":"2026-04-20T13:12:55","modified_gmt":"2026-04-20T11:12:55","slug":"bici-dassalto-classica-airbike","status":"publish","type":"product","link":"https:\/\/www.fitness-flohmarkt.ch\/it\/produkt\/assault-classic-bike-airbike\/","title":{"rendered":"Assalto Classic Bike | Airbike"},"content":{"rendered":"<h3>Assault AirBike Classic - Robusta bici a resistenza d'aria per un allenamento intensivo di tutto il corpo<\/h3>\n<h4>L'Assault Airbike Classic in dettaglio:<\/h4>\n<ul>\n<li>\u00a0Con un peso morto di circa 44 kg, la capacit\u00e0 di carico massima \u00e8 di 155 kg.<\/li>\n<li>\u00a0Robusta struttura tubolare in acciaio con tubi metallici per impieghi gravosi e rivestimento antigraffio<\/li>\n<li>\u00a0Piedini gommati e rotelle di trasporto scorrevoli<\/li>\n<li>\u00a0Rapporto di trasmissione: 1:2.875<\/li>\n<li>\u00a0Il display LCD offre una buona visione d'insieme e una facile leggibilit\u00e0<\/li>\n<li>\u00a0Tutti i valori dell'allenamento in un colpo d'occhio: Tempo, distanza, velocit\u00e0, watt, RPM, calorie, frequenza cardiaca<\/li>\n<li>\u00a08 programmi e profili di formazione<\/li>\n<li>\u00a0Alimentatore indipendente dalla rete con batteria<\/li>\n<li>\u00a0Una seduta imbottita che pu\u00f2 essere regolata sia in orizzontale che in altezza<\/li>\n<li>\u00a0Sistema di trasmissione a catena di alta qualit\u00e0 per una trasmissione di potenza ottimale<\/li>\n<li>\u00a0Sistema frenante: Aria<\/li>\n<li>\u00a0Dimensioni di installazione - Assault Ergometer AirBike: (L) 130 cm x (L) 60 cm x (H) 127 cm<\/li>\n<\/ul>\n<h4>I vantaggi dell'Assault Bike:<\/h4>\n<p>L'allenamento fitness sull'Assault AirRower \u00e8 caratterizzato da un'ampia gamma di opzioni e offre molti vantaggi. Ci\u00f2 consente di raggiungere pi\u00f9 rapidamente i propri obiettivi di allenamento personale. Alcuni di questi vantaggi sono<\/p>\n<ul>\n<li>\u00a0\u00a0\u00a0 Il massimo successo con il minimo dispendio di tempo<\/li>\n<li>\u00a0\u00a0\u00a0 Allenamento completo del corpo con un solo dispositivo di allenamento<\/li>\n<li>\u00a0\u00a0\u00a0 Allenamento cardiovascolare<\/li>\n<li>\u00a0\u00a0\u00a0 Allenamento cardio ad alta intensit\u00e0 ed efficacia<\/li>\n<li>\u00a0\u00a0\u00a0 Nessun consumo di energia: pu\u00f2 essere utilizzato ovunque<\/li>\n<li>\u00a0\u00a0\u00a0 Alta individualit\u00e0<\/li>\n<li>\u00a0\u00a0\u00a0 Rapidi progressi nella formazione<\/li>\n<li>\u00a0\u00a0\u00a0 Integratore perfetto per il tuo allenamento di forza<\/li>\n<\/ul>","protected":false},"excerpt":{"rendered":"<p>L'Assault AirBike Classic offre un allenamento intensivo per tutto il corpo con resistenza ad aria, otto programmi e un display LCD indipendente dalla rete elettrica. Robusta struttura in acciaio, sedile regolabile e sistema di trasmissione a catena che richiede poca manutenzione: ideale per l'HIIT e il cardio.<\/p>","protected":false},"featured_media":9013176,"comment_status":"open","ping_status":"closed","template":"","meta":{"_acf_changed":false,"_gspb_post_css":""},"product_brand":[1065],"product_cat":[341,818,304],"product_tag":[],"class_list":{"0":"post-2854","1":"product","2":"type-product","3":"status-publish","4":"has-post-thumbnail","6":"product_brand-assault-fitness","7":"product_cat-bikes-ergometer","8":"product_cat-conditioning","9":"product_cat-reha-physio","10":"product_shipping_class-standard","11":"pa_breite-60-cm","12":"pa_bremssystem-luftwiderstand","13":"pa_farbe-schwarz","14":"pa_gewicht-44-kg","15":"pa_hoehe-127-cm","16":"pa_hometrainertyp-airbike","17":"pa_laenge-130-cm","18":"pa_max-belastung-155-kg","19":"pa_touchscreen-nein","20":"pa_transportrollen-ja","22":"first","23":"instock","24":"taxable","25":"shipping-taxable","26":"purchasable","27":"product-type-simple"},"bundled_by":[],"bundle_stock_status":"instock","bundle_stock_quantity":14,"bundle_virtual":false,"bundle_layout":"","bundle_add_to_cart_form_location":"","bundle_editable_in_cart":false,"bundle_sold_individually_context":"","bundle_item_grouping":"","bundle_min_size":"","bundle_max_size":"","bundle_price":[],"bundled_items":[],"bundle_sell_ids":[],"acf":[],"df_price":995,"df_sale_price":"","df_regular_price":995,"df_image_link":"https:\/\/www.fitness-flohmarkt.ch\/wp-content\/uploads\/F-14794_Assault-Classic-Bike-Airbike_0-20250326-163126-300x300.jpg","_links":{"self":[{"href":"https:\/\/www.fitness-flohmarkt.ch\/it\/wp-json\/wp\/v2\/product\/2854","targetHints":{"allow":["GET"]}}],"collection":[{"href":"https:\/\/www.fitness-flohmarkt.ch\/it\/wp-json\/wp\/v2\/product"}],"about":[{"href":"https:\/\/www.fitness-flohmarkt.ch\/it\/wp-json\/wp\/v2\/types\/product"}],"replies":[{"embeddable":true,"href":"https:\/\/www.fitness-flohmarkt.ch\/it\/wp-json\/wp\/v2\/comments?post=2854"}],"wp:featuredmedia":[{"embeddable":true,"href":"https:\/\/www.fitness-flohmarkt.ch\/it\/wp-json\/wp\/v2\/media\/9013176"}],"wp:attachment":[{"href":"https:\/\/www.fitness-flohmarkt.ch\/it\/wp-json\/wp\/v2\/media?parent=2854"}],"wp:term":[{"taxonomy":"product_brand","embeddable":true,"href":"https:\/\/www.fitness-flohmarkt.ch\/it\/wp-json\/wp\/v2\/product_brand?post=2854"},{"taxonomy":"product_cat","embeddable":true,"href":"https:\/\/www.fitness-flohmarkt.ch\/it\/wp-json\/wp\/v2\/product_cat?post=2854"},{"taxonomy":"product_tag","embeddable":true,"href":"https:\/\/www.fitness-flohmarkt.ch\/it\/wp-json\/wp\/v2\/product_tag?post=2854"}],"curies":[{"name":"wp","href":"https:\/\/api.w.org\/{rel}","templated":true}]}}