{"id":2828,"date":"2025-01-25T16:07:24","date_gmt":"2025-01-25T15:07:24","guid":{"rendered":"https:\/\/www2.fitness-flohmarkt.ch\/produkt\/assault-runner-pro-airrunner\/"},"modified":"2026-04-20T13:12:51","modified_gmt":"2026-04-20T11:12:51","slug":"assault-runner-pro-airrunner","status":"publish","type":"product","link":"https:\/\/www.fitness-flohmarkt.ch\/it\/produkt\/assault-runner-pro-airrunner\/","title":{"rendered":"Assault Runner Pro | Airrunner"},"content":{"rendered":"<h3 data-start=\"189\" data-end=\"238\"><strong data-start=\"193\" data-end=\"238\">Assault Fitness - Tapis roulant a doghe curve<\/strong><\/h3>\n<p data-start=\"240\" data-end=\"648\">Il tapis roulant a doghe Assault Fitness si basa su un principio di corsa completamente privo di motore. \u00c8 azionato esclusivamente dal tuo movimento: questo non solo regola la tua velocit\u00e0 di corsa in modo del tutto naturale, ma fa anche bruciare fino a 30 % di calorie in pi\u00f9. La superficie di corsa curva supporta una tecnica di corsa ergonomica e delicata per le articolazioni, con una guida naturale del piede e una pressione attiva della palla.<\/p>\n<p data-start=\"650\" data-end=\"1159\">Grazie alla struttura leggera del disco e ai cuscinetti a sfera di precisione di alta qualit\u00e0, il dispositivo risponde senza problemi ai cambiamenti di velocit\u00e0: l'ideale per l'HIIT, il jogging o la camminata. Il design resistente \u00e8 adatto sia all'uso domestico che all'uso professionale in studio. Un monitor LCD ad alto contrasto visualizza tutti i dati importanti dell'allenamento. Le fasce toraciche o l'app Assault Fitness possono essere collegate via Bluetooth. Il dispositivo richiede poca manutenzione, non necessita di alimentazione ed \u00e8 subito pronto all'uso.<\/p>\n<h4 data-start=\"215\" data-end=\"240\"><strong data-start=\"221\" data-end=\"240\">In sintesi<\/strong><\/h4>\n<ul data-start=\"242\" data-end=\"1185\">\n<li data-start=\"242\" data-end=\"298\">\n<p data-start=\"244\" data-end=\"298\">Tapis roulant senza motore con piano di corsa curvo a doghe<\/p>\n<\/li>\n<li data-start=\"299\" data-end=\"365\">\n<p data-start=\"301\" data-end=\"365\">Velocit\u00e0 semovente - non \u00e8 necessario il collegamento alla rete elettrica<\/p>\n<\/li>\n<li data-start=\"366\" data-end=\"399\">\n<p data-start=\"368\" data-end=\"399\">Ampia superficie di corsa: 155 x 43 cm<\/p>\n<\/li>\n<li data-start=\"400\" data-end=\"462\">\n<p data-start=\"402\" data-end=\"462\">Doghe in plastica di alta qualit\u00e0 con un'eccellente ammortizzazione<\/p>\n<\/li>\n<li data-start=\"463\" data-end=\"523\">\n<p data-start=\"465\" data-end=\"523\">Cuscinetti a sfera di precisione per un comportamento fluido e silenzioso<\/p>\n<\/li>\n<li data-start=\"524\" data-end=\"548\">\n<p data-start=\"526\" data-end=\"548\">Peso proprio: 127 kg<\/p>\n<\/li>\n<li data-start=\"549\" data-end=\"583\">\n<p data-start=\"551\" data-end=\"583\">Carico massimo: circa 159 kg<\/p>\n<\/li>\n<li data-start=\"584\" data-end=\"636\">\n<p data-start=\"586\" data-end=\"636\">Design ergonomico per una corsa facile per le articolazioni<\/p>\n<\/li>\n<li data-start=\"637\" data-end=\"685\">\n<p data-start=\"639\" data-end=\"685\">Adatto per altezze del corpo da 150 a 194 cm<\/p>\n<\/li>\n<li data-start=\"686\" data-end=\"757\">\n<p data-start=\"688\" data-end=\"757\">Ruote per il trasporto e maniglie integrate per un facile posizionamento<\/p>\n<\/li>\n<li data-start=\"758\" data-end=\"798\">\n<p data-start=\"760\" data-end=\"798\">Bassa manutenzione e pronto per l'uso immediato<\/p>\n<\/li>\n<li data-start=\"799\" data-end=\"979\">\n<p data-start=\"801\" data-end=\"851\">Display LCD (alimentato a batteria) con visualizzazione di:<\/p>\n<ul data-start=\"854\" data-end=\"979\">\n<li data-start=\"854\" data-end=\"873\">\n<p data-start=\"856\" data-end=\"873\">velocit\u00e0<\/p>\n<\/li>\n<li data-start=\"876\" data-end=\"884\">\n<p data-start=\"878\" data-end=\"884\">Tempo<\/p>\n<\/li>\n<li data-start=\"887\" data-end=\"898\">\n<p data-start=\"889\" data-end=\"898\">Distanza<\/p>\n<\/li>\n<li data-start=\"901\" data-end=\"913\">\n<p data-start=\"903\" data-end=\"913\">Calorie<\/p>\n<\/li>\n<li data-start=\"916\" data-end=\"924\">\n<p data-start=\"918\" data-end=\"924\">Pace<\/p>\n<\/li>\n<li data-start=\"927\" data-end=\"979\">\n<p data-start=\"929\" data-end=\"979\">Frequenza cardiaca (compatibile con la fascia toracica, non inclusa)<\/p>\n<\/li>\n<\/ul>\n<\/li>\n<li data-start=\"980\" data-end=\"1016\">\n<p data-start=\"982\" data-end=\"1016\">8 programmi di formazione integrata<\/p>\n<\/li>\n<li data-start=\"1017\" data-end=\"1082\">\n<p data-start=\"1019\" data-end=\"1082\">Interfaccia Bluetooth per il collegamento con l'app o la fascia toracica<\/p>\n<\/li>\n<li data-start=\"1083\" data-end=\"1143\">\n<p data-start=\"1085\" data-end=\"1143\">Ricevitore integrato per il cardiofrequenzimetro (fascia toracica opzionale)<\/p>\n<\/li>\n<li data-start=\"1144\" data-end=\"1185\">\n<p data-start=\"1146\" data-end=\"1185\">Funzionamento semplice tramite il menu delle funzioni<\/p>\n<\/li>\n<\/ul>","protected":false},"excerpt":{"rendered":"<p>Il tapis roulant Assault Curved funziona senza motore ed \u00e8 alimentato esclusivamente dal vostro movimento. Per movimenti di corsa naturali, maggiore consumo di calorie e unit\u00e0 HIIT intensive - senza elettricit\u00e0, a bassa manutenzione, con display LCD e 8 programmi.<\/p>","protected":false},"featured_media":9013152,"comment_status":"open","ping_status":"closed","template":"","meta":{"_acf_changed":false,"_gspb_post_css":""},"product_brand":[1065],"product_cat":[818,1197,312,304],"product_tag":[],"class_list":{"0":"post-2828","1":"product","2":"type-product","3":"status-publish","4":"has-post-thumbnail","6":"product_brand-assault-fitness","7":"product_cat-conditioning","8":"product_cat-hyrox","9":"product_cat-laufbaender","10":"product_cat-reha-physio","11":"product_shipping_class-standard","12":"pa_angezeigte-messwerte-distanz","13":"pa_angezeigte-messwerte-geschwindigkeit","14":"pa_angezeigte-messwerte-kalorien","15":"pa_angezeigte-messwerte-puls-in-verbindung-mit-brustgurt-nicht-inkl","16":"pa_angezeigte-messwerte-trainingsprofile","17":"pa_angezeigte-messwerte-zeit","18":"pa_breite-84-cm","19":"pa_breite-laufflaeche-43-cm","20":"pa_bremssystem-eigenantrieb","21":"pa_energieversorgung-keine","22":"pa_energieversorgung-stromlos","23":"pa_farbe-schwarz","24":"pa_gewicht-160-kg","25":"pa_hoehe-163-cm","26":"pa_hometrainertyp-laufband","27":"pa_kompatibel-pulsempfaenger-brustgurt-optional","28":"pa_laenge-178-cm","29":"pa_laenge-laufflaeche-155-cm","30":"pa_laufband-features-eigenantrieb","31":"pa_laufband-features-halterung-smartphone","32":"pa_laufband-features-konkave-laufflaeche","33":"pa_laufband-features-transportrollen","34":"pa_max-belastung-180-kg","35":"pa_max-geschwindigkeit-unbegrenzt","37":"first","38":"instock","39":"taxable","40":"shipping-taxable","41":"purchasable","42":"product-type-simple"},"bundled_by":[],"bundle_stock_status":"instock","bundle_stock_quantity":14,"bundle_virtual":false,"bundle_layout":"","bundle_add_to_cart_form_location":"","bundle_editable_in_cart":false,"bundle_sold_individually_context":"","bundle_item_grouping":"","bundle_min_size":"","bundle_max_size":"","bundle_price":[],"bundled_items":[],"bundle_sell_ids":[],"acf":[],"df_price":4115,"df_sale_price":"","df_regular_price":4115,"df_image_link":"https:\/\/www.fitness-flohmarkt.ch\/wp-content\/uploads\/F-37717_Assault-Runner-Pro-Airrunner_0-20250326-163103-300x300.jpg","_links":{"self":[{"href":"https:\/\/www.fitness-flohmarkt.ch\/it\/wp-json\/wp\/v2\/product\/2828","targetHints":{"allow":["GET"]}}],"collection":[{"href":"https:\/\/www.fitness-flohmarkt.ch\/it\/wp-json\/wp\/v2\/product"}],"about":[{"href":"https:\/\/www.fitness-flohmarkt.ch\/it\/wp-json\/wp\/v2\/types\/product"}],"replies":[{"embeddable":true,"href":"https:\/\/www.fitness-flohmarkt.ch\/it\/wp-json\/wp\/v2\/comments?post=2828"}],"wp:featuredmedia":[{"embeddable":true,"href":"https:\/\/www.fitness-flohmarkt.ch\/it\/wp-json\/wp\/v2\/media\/9013152"}],"wp:attachment":[{"href":"https:\/\/www.fitness-flohmarkt.ch\/it\/wp-json\/wp\/v2\/media?parent=2828"}],"wp:term":[{"taxonomy":"product_brand","embeddable":true,"href":"https:\/\/www.fitness-flohmarkt.ch\/it\/wp-json\/wp\/v2\/product_brand?post=2828"},{"taxonomy":"product_cat","embeddable":true,"href":"https:\/\/www.fitness-flohmarkt.ch\/it\/wp-json\/wp\/v2\/product_cat?post=2828"},{"taxonomy":"product_tag","embeddable":true,"href":"https:\/\/www.fitness-flohmarkt.ch\/it\/wp-json\/wp\/v2\/product_tag?post=2828"}],"curies":[{"name":"wp","href":"https:\/\/api.w.org\/{rel}","templated":true}]}}