{"id":28089,"date":"2025-02-11T17:55:33","date_gmt":"2025-02-11T16:55:33","guid":{"rendered":"https:\/\/www2.fitness-flohmarkt.ch\/?post_type=product&#038;p=28089"},"modified":"2026-03-04T13:55:22","modified_gmt":"2026-03-04T12:55:22","slug":"scala-di-agilita-nuova-2025","status":"publish","type":"product","link":"https:\/\/www.fitness-flohmarkt.ch\/it\/produkt\/agility-leiter-neu-2025\/","title":{"rendered":"Agility Speed Ladder | Regolabile"},"content":{"rendered":"<h3 data-start=\"453\" data-end=\"858\"><strong data-start=\"453\" data-end=\"523\">Agility Speed Ladder - scala di coordinazione e sistema a ostacoli in un'unica soluzione<\/strong><\/h3>\n<p data-start=\"453\" data-end=\"858\">L'Agility Speed Ladder \u00e8 un dispositivo di allenamento versatile per migliorare la coordinazione, la velocit\u00e0 e la forza di sostegno. Pu\u00f2 essere trasformata da una scala piatta di coordinazione in mini ostacoli alti fino a 10,5 cm in pochissimo tempo: l'ideale per esercitazioni varie nell'allenamento funzionale, nel boot camp o nell'allenamento di calcio.<\/p>\n<p data-start=\"860\" data-end=\"1181\">Gli otto pioli distano 40 cm l'uno dall'altro e sono realizzati in plastica ABS resistente alle intemperie. L'ingegnoso meccanismo pieghevole riduce il rischio di inciampare e consente un allenamento sicuro e intensivo con un alto grado di flessibilit\u00e0. In piano, la scala misura 300 \u00d7 66 \u00d7 2 cm, in modalit\u00e0 ostacoli 300 \u00d7 50 \u00d7 10,5 cm.<\/p>\n<p data-start=\"1183\" data-end=\"1432\">Grazie alla borsa da trasporto in dotazione, la scala da addestramento \u00e8 facile da trasportare e pu\u00f2 essere riposta per risparmiare spazio. Con un design accattivante in nero e giallo, \u00e8 funzionale, robusta e ideale per un allenamento di agilit\u00e0 ambizioso sia all'interno che all'esterno.<\/p>","protected":false},"excerpt":{"rendered":"<p>Scala di coordinazione pieghevole con 8 pioli che possono essere trasformati in ostacoli alti 10,5 cm. Ideale per la coordinazione, la velocit\u00e0 e la forza di sostegno. Realizzata in robusta plastica ABS, con borsa di trasporto inclusa.<\/p>","protected":false},"featured_media":9026628,"comment_status":"closed","ping_status":"closed","template":"","meta":{"_acf_changed":false,"_gspb_post_css":""},"product_brand":[1000],"product_cat":[818,319],"product_tag":[],"class_list":{"0":"post-28089","1":"product","2":"type-product","3":"status-publish","4":"has-post-thumbnail","6":"product_brand-fitcom","7":"product_cat-conditioning","8":"product_cat-fitness-zubehoer","9":"pa_artikel-pro-verkaufseinheit-2x","10":"pa_breite-50-cm","11":"pa_farbe-gelb","12":"pa_fitness-zubehoertyp-koordination-agility","13":"pa_gewicht-tbd","14":"pa_hoehe-10-5-cm","15":"pa_laenge-300-cm","16":"pa_lieferumfang-1x-agility-leiter","17":"pa_lieferumfang-1x-beutel","18":"pa_material-kunststoff","19":"pa_verstellbar-ja","21":"first","22":"instock","23":"taxable","24":"shipping-taxable","25":"purchasable","26":"product-type-simple"},"bundled_by":[],"bundle_stock_status":"instock","bundle_stock_quantity":40,"bundle_virtual":false,"bundle_layout":"","bundle_add_to_cart_form_location":"","bundle_editable_in_cart":false,"bundle_sold_individually_context":"","bundle_item_grouping":"","bundle_min_size":"","bundle_max_size":"","bundle_price":[],"bundled_items":[],"bundle_sell_ids":[],"acf":[],"df_price":19,"df_sale_price":"","df_regular_price":19,"df_image_link":"https:\/\/www.fitness-flohmarkt.ch\/wp-content\/uploads\/133_web-20250523-095028-300x300.png","_links":{"self":[{"href":"https:\/\/www.fitness-flohmarkt.ch\/it\/wp-json\/wp\/v2\/product\/28089","targetHints":{"allow":["GET"]}}],"collection":[{"href":"https:\/\/www.fitness-flohmarkt.ch\/it\/wp-json\/wp\/v2\/product"}],"about":[{"href":"https:\/\/www.fitness-flohmarkt.ch\/it\/wp-json\/wp\/v2\/types\/product"}],"replies":[{"embeddable":true,"href":"https:\/\/www.fitness-flohmarkt.ch\/it\/wp-json\/wp\/v2\/comments?post=28089"}],"wp:featuredmedia":[{"embeddable":true,"href":"https:\/\/www.fitness-flohmarkt.ch\/it\/wp-json\/wp\/v2\/media\/9026628"}],"wp:attachment":[{"href":"https:\/\/www.fitness-flohmarkt.ch\/it\/wp-json\/wp\/v2\/media?parent=28089"}],"wp:term":[{"taxonomy":"product_brand","embeddable":true,"href":"https:\/\/www.fitness-flohmarkt.ch\/it\/wp-json\/wp\/v2\/product_brand?post=28089"},{"taxonomy":"product_cat","embeddable":true,"href":"https:\/\/www.fitness-flohmarkt.ch\/it\/wp-json\/wp\/v2\/product_cat?post=28089"},{"taxonomy":"product_tag","embeddable":true,"href":"https:\/\/www.fitness-flohmarkt.ch\/it\/wp-json\/wp\/v2\/product_tag?post=28089"}],"curies":[{"name":"wp","href":"https:\/\/api.w.org\/{rel}","templated":true}]}}