{"id":2598,"date":"2025-01-25T16:04:27","date_gmt":"2025-01-25T15:04:27","guid":{"rendered":"https:\/\/www2.fitness-flohmarkt.ch\/produkt\/keiser-functional-trainer-infinity-serie\/"},"modified":"2026-05-12T15:30:32","modified_gmt":"2026-05-12T13:30:32","slug":"keiser-functional-trainer-serie-infinity","status":"publish","type":"product","link":"https:\/\/www.fitness-flohmarkt.ch\/it\/produkt\/keiser-functional-trainer-infinity-serie\/","title":{"rendered":"Allenatore funzionale Keiser - Serie Infinity"},"content":{"rendered":"<div>\n<h3>Keiser Infinity Functional Trainer - Sistema di carrucole ad aria compressa per un allenamento versatile<\/h3>\n<p>La serie Keiser Infinity \u00e8 il primo sistema di carrucole al mondo alimentato dalla pressione dell'aria. Questo trainer funzionale \u00e8 stato progettato in modo da consentire l'allenamento a qualsiasi velocit\u00e0 desiderata, in quasi tutte le angolazioni e in qualsiasi direzione. L'allenamento al di fuori di un circuito chiuso migliora anche l'equilibrio e la stabilit\u00e0. Il Functional Trainer \u00e8 un sistema di carrucole che offre una variet\u00e0 quasi illimitata di esercizi. Regolando separatamente i bracci dall'alto verso il basso, \u00e8 possibile allenare l'intero corpo con un solo dispositivo. In combinazione con gli accessori del kit Infinity, \u00e8 possibile realizzare tutti i movimenti e gli esercizi funzionali. Che si tratti di riabilitazione, fitness generale o allenamento funzionale negli sport agonistici, questo dispositivo soddisfa tutte le esigenze. Il Functional Trainer pu\u00f2 essere utilizzato anche a casa; lo streaming online e i numerosi video di esempio consentono un allenamento completo nel proprio ambiente.<\/p>\n<\/div>\n<p><strong>I vantaggi del Functional Trainer solo a colpo d'occhio:<\/strong><\/p>\n<ul data-start=\"1205\" data-end=\"1598\">\n<li data-start=\"1205\" data-end=\"1308\">\n<p data-start=\"1207\" data-end=\"1308\">Controllo completo del livello di resistenza, a partire da 0,1 kg, aumentabile con incrementi di 100 grammi.<\/p>\n<\/li>\n<li data-start=\"1309\" data-end=\"1411\">\n<p data-start=\"1311\" data-end=\"1411\">Resistenza pneumatica costante per ridurre il carico d'impatto sul tessuto connettivo e sulle articolazioni<\/p>\n<\/li>\n<li data-start=\"1412\" data-end=\"1478\">\n<p data-start=\"1414\" data-end=\"1478\">Versatile personalizzazione per una progettazione individuale dell'allenamento<\/p>\n<\/li>\n<li data-start=\"1479\" data-end=\"1572\">\n<p data-start=\"1481\" data-end=\"1572\">Opzioni di allenamento illimitate: qualsiasi resistenza, qualsiasi angolo, qualsiasi velocit\u00e0<\/p>\n<\/li>\n<li data-start=\"1573\" data-end=\"1598\">\n<p data-start=\"1575\" data-end=\"1598\">Design salvaspazio<\/p>\n<\/li>\n<\/ul>\n<p><strong>Le informazioni tecniche in sintesi:<\/strong><\/p>\n<ul>\n<li>\u00a0\u00a0\u00a0 Altezza (bracci in alto): 2261 mm<\/li>\n<li>\u00a0\u00a0\u00a0 Altezza (bracci sotto): 1497 mm<\/li>\n<li>\u00a0\u00a0\u00a0 Larghezza (braccia distese): 2413 mm<\/li>\n<li>\u00a0\u00a0\u00a0 Larghezza della base: 813 mm<\/li>\n<li>\u00a0\u00a0\u00a0 Profondit\u00e0: 610 mm<\/li>\n<li>\u00a0\u00a0\u00a0 Peso: 59 kg<\/li>\n<li>\u00a0\u00a0\u00a0 Gamma di resistenza bilaterale: 0 - 48 kg<\/li>\n<li>\u00a0\u00a0\u00a0 Gamma di resistenza unilaterale: 0 - 24 kg<\/li>\n<li>\u00a0\u00a0\u00a0 Lunghezza del cavo bilaterale: 1829 mm<\/li>\n<li>\u00a0\u00a0\u00a0 Lunghezza del cavo unilaterale: 3658 mm<\/li>\n<\/ul>","protected":false},"excerpt":{"rendered":"<p>Keiser Infinity Functional Trainer con sistema di resistenza pneumatica per l'allenamento delle articolazioni a qualsiasi velocit\u00e0, direzione e angolazione. Consente di eseguire esercizi funzionali in poco spazio, dalla riabilitazione allo sport di alto livello. Resistenza regolabile finemente da 0,1 kg.<\/p>","protected":false},"featured_media":57032,"comment_status":"open","ping_status":"closed","template":"","meta":{"_acf_changed":false,"_gspb_post_css":""},"product_brand":[],"product_cat":[818,813,304,310],"product_tag":[],"class_list":{"0":"post-2598","1":"product","2":"type-product","3":"status-publish","4":"has-post-thumbnail","6":"product_cat-conditioning","7":"product_cat-fg-diverse","8":"product_cat-reha-physio","9":"product_cat-steckgewichte","10":"product_shipping_class-standard","11":"pa_artikel-pro-verkaufseinheit-1x","12":"pa_farbe-schwarz","13":"pa_gewicht-59-kg","14":"pa_lieferumfang-1x-functional-trainer","15":"pa_material-stahl-pulverbeschichtet","16":"pa_max-hoehe-226-cm","17":"pa_min-hoehe-150-cm","18":"pa_tiefe-61-cm","20":"first","21":"instock","22":"taxable","23":"shipping-taxable","24":"purchasable","25":"product-type-simple"},"bundled_by":[],"bundle_stock_status":"instock","bundle_stock_quantity":8,"bundle_virtual":false,"bundle_layout":"","bundle_add_to_cart_form_location":"","bundle_editable_in_cart":false,"bundle_sold_individually_context":"","bundle_item_grouping":"","bundle_min_size":"","bundle_max_size":"","bundle_price":[],"bundled_items":[],"bundle_sell_ids":[],"acf":[],"df_price":8990,"df_sale_price":"","df_regular_price":8990,"df_image_link":"https:\/\/www.fitness-flohmarkt.ch\/wp-content\/uploads\/F-65962_Keiser-Functional-Trainer-Infinity-Serie_0-20250314-100639-300x300.jpg","_links":{"self":[{"href":"https:\/\/www.fitness-flohmarkt.ch\/it\/wp-json\/wp\/v2\/product\/2598","targetHints":{"allow":["GET"]}}],"collection":[{"href":"https:\/\/www.fitness-flohmarkt.ch\/it\/wp-json\/wp\/v2\/product"}],"about":[{"href":"https:\/\/www.fitness-flohmarkt.ch\/it\/wp-json\/wp\/v2\/types\/product"}],"replies":[{"embeddable":true,"href":"https:\/\/www.fitness-flohmarkt.ch\/it\/wp-json\/wp\/v2\/comments?post=2598"}],"wp:featuredmedia":[{"embeddable":true,"href":"https:\/\/www.fitness-flohmarkt.ch\/it\/wp-json\/wp\/v2\/media\/57032"}],"wp:attachment":[{"href":"https:\/\/www.fitness-flohmarkt.ch\/it\/wp-json\/wp\/v2\/media?parent=2598"}],"wp:term":[{"taxonomy":"product_brand","embeddable":true,"href":"https:\/\/www.fitness-flohmarkt.ch\/it\/wp-json\/wp\/v2\/product_brand?post=2598"},{"taxonomy":"product_cat","embeddable":true,"href":"https:\/\/www.fitness-flohmarkt.ch\/it\/wp-json\/wp\/v2\/product_cat?post=2598"},{"taxonomy":"product_tag","embeddable":true,"href":"https:\/\/www.fitness-flohmarkt.ch\/it\/wp-json\/wp\/v2\/product_tag?post=2598"}],"curies":[{"name":"wp","href":"https:\/\/api.w.org\/{rel}","templated":true}]}}