{"id":2398,"date":"2025-01-25T16:01:26","date_gmt":"2025-01-25T15:01:26","guid":{"rendered":"https:\/\/www2.fitness-flohmarkt.ch\/produkt\/cast-iron-kettlebell-set-4-bis-12-kg\/"},"modified":"2026-05-13T05:19:15","modified_gmt":"2026-05-13T03:19:15","slug":"set-di-kettlebell-in-ghisa-da-4-a-12-kg","status":"publish","type":"product","link":"https:\/\/www.fitness-flohmarkt.ch\/it\/produkt\/cast-iron-kettlebell-set-4-bis-12-kg\/","title":{"rendered":"Set di Kettlebell in ghisa da 4 a 12 kg"},"content":{"rendered":"<h3>Set di kettlebell in ghisa - Robusti kettlebell per un allenamento funzionale efficace<\/h3>\n<p>Kettlebell in ghisa. Le kettlebell sono caratterizzate da una lavorazione eccellente e dal miglior rapporto qualit\u00e0-prezzo. Le nostre kettlebell sono fuse in un unico pezzo e non presentano saldature sensibili, il che le rende ideali per gli esercizi dinamici. Grazie alla struttura in ghisa, le kettlebell hanno una durata molto lunga e sono praticamente indistruttibili. Allo stesso tempo, l'involucro in gomma garantisce una manipolazione sicura e delicata per l'utente e la superficie (pavimento\/superficie di allenamento). Grazie alla parte inferiore appiattita, le nostre kettlebell hanno un appoggio solido e sicuro.<\/p>\n<p>Set di Kettlebell in evidenza:<\/p>\n<ul>\n<li>Set composto da 3 pezzi: 4 kg, 8 kg e 12 kg<\/li>\n<li>Robusta ghisa<\/li>\n<li>Indicazione del chilogrammo sul fronte<\/li>\n<li>Parte inferiore appiattita<\/li>\n<\/ul>\n<p>Le kettlebell sono pesi sferici (kettlebell) utilizzati frequentemente nel crossfitness e nell'allenamento funzionale. Le kettlebell sono perfette per aumentare la forza e la forma fisica generale con poco sforzo, sia a casa che in palestra o in viaggio.<\/p>\n<p>La variet\u00e0 di esercizi per l'allenamento con i kettlebell \u00e8 enorme. Gli esercizi pi\u00f9 popolari includono Kettlebell Swing, Snatch, Deadlift, Clean &amp; Press \/ Jerk, Goblet Squat, Single Arm Military Press, Turkish Get-Up e molti altri.<\/p>","protected":false},"excerpt":{"rendered":"<p>Set di kettlebell in ghisa: Robuste kettlebell per CrossFit e allenamento funzionale - set da 4 kg, 8 kg e 12 kg. Fusi in un unico pezzo, con la parte inferiore appiattita per un appoggio sicuro e l'involucro in gomma per un utilizzo delicato.<\/p>","protected":false},"featured_media":37412,"comment_status":"open","ping_status":"closed","template":"","meta":{"_acf_changed":false,"_gspb_post_css":""},"product_brand":[1000],"product_cat":[818,299],"product_tag":[],"class_list":{"0":"post-2398","1":"product","2":"type-product","3":"status-publish","4":"has-post-thumbnail","6":"product_brand-fitcom","7":"product_cat-conditioning","8":"product_cat-kettlebells","9":"pa_anzahl-gewichte-3x","10":"pa_artikel-pro-verkaufseinheit-3x","11":"pa_farbe-schwarz","12":"pa_gewicht-12-kg","13":"pa_gewicht-4-kg","14":"pa_gewicht-8-kg","15":"pa_kernmaterial-gusseisen","16":"pa_kettlebelltyp-ketlebell-set","17":"pa_lieferumfang-3x-kettlebell","18":"pa_max-gewicht-12-kg","19":"pa_min-gewicht-4-kg","21":"first","22":"instock","23":"taxable","24":"shipping-taxable","25":"purchasable","26":"product-type-simple"},"bundled_by":[],"bundle_stock_status":"instock","bundle_stock_quantity":24,"bundle_virtual":false,"bundle_layout":"","bundle_add_to_cart_form_location":"","bundle_editable_in_cart":false,"bundle_sold_individually_context":"","bundle_item_grouping":"","bundle_min_size":"","bundle_max_size":"","bundle_price":[],"bundled_items":[],"bundle_sell_ids":[],"acf":[],"df_price":90,"df_sale_price":79,"df_regular_price":90,"df_image_link":"https:\/\/www.fitness-flohmarkt.ch\/wp-content\/uploads\/F-66957_Cast-Iron-Kettlebell-Set-4-bis-12-Kg_0-2-300x300.jpg","_links":{"self":[{"href":"https:\/\/www.fitness-flohmarkt.ch\/it\/wp-json\/wp\/v2\/product\/2398","targetHints":{"allow":["GET"]}}],"collection":[{"href":"https:\/\/www.fitness-flohmarkt.ch\/it\/wp-json\/wp\/v2\/product"}],"about":[{"href":"https:\/\/www.fitness-flohmarkt.ch\/it\/wp-json\/wp\/v2\/types\/product"}],"replies":[{"embeddable":true,"href":"https:\/\/www.fitness-flohmarkt.ch\/it\/wp-json\/wp\/v2\/comments?post=2398"}],"wp:featuredmedia":[{"embeddable":true,"href":"https:\/\/www.fitness-flohmarkt.ch\/it\/wp-json\/wp\/v2\/media\/37412"}],"wp:attachment":[{"href":"https:\/\/www.fitness-flohmarkt.ch\/it\/wp-json\/wp\/v2\/media?parent=2398"}],"wp:term":[{"taxonomy":"product_brand","embeddable":true,"href":"https:\/\/www.fitness-flohmarkt.ch\/it\/wp-json\/wp\/v2\/product_brand?post=2398"},{"taxonomy":"product_cat","embeddable":true,"href":"https:\/\/www.fitness-flohmarkt.ch\/it\/wp-json\/wp\/v2\/product_cat?post=2398"},{"taxonomy":"product_tag","embeddable":true,"href":"https:\/\/www.fitness-flohmarkt.ch\/it\/wp-json\/wp\/v2\/product_tag?post=2398"}],"curies":[{"name":"wp","href":"https:\/\/api.w.org\/{rel}","templated":true}]}}