{"id":2182,"date":"2025-01-25T15:59:15","date_gmt":"2025-01-25T14:59:15","guid":{"rendered":"https:\/\/www2.fitness-flohmarkt.ch\/produkt\/verstellbare-kettlebell\/"},"modified":"2026-04-20T16:33:19","modified_gmt":"2026-04-20T14:33:19","slug":"kettlebell-regolabile","status":"publish","type":"product","link":"https:\/\/www.fitness-flohmarkt.ch\/it\/produkt\/verstellbare-kettlebell\/","title":{"rendered":"Kettlebell regolabile da 3,5 a 18 kg"},"content":{"rendered":"<h3>Kettlebell regolabile - salvaspazio e regolabile rapidamente per un allenamento personalizzato<\/h3>\n<p>Il Kettlebell regolabile \u00e8 un nuovo tipo di attrezzo per l'allenamento che combina le funzionalit\u00e0 di sei kettlebell di peso diverso in un design compatto e regolabile: 3,5 kg (8 libbre), 5,5 kg (12 libbre), 9 kg (20 libbre), 11 kg (25 libbre), 16 kg (35 libbre) e 18 kg (40 libbre). Questo rende il kettlebell ideale per un'ampia gamma di esercizi e adatto a utenti di tutti i livelli di fitness.<\/p>\n<p>L'uso delle kettlebell \u00e8 diventato molto popolare negli ultimi anni, soprattutto come parte dei programmi di allenamento a casa. La versatilit\u00e0 delle Kettlebell regolabili le rende un attrezzo ideale per gli allenamenti a casa. Molti corsi e programmi di fitness online incorporano gli esercizi con le kettlebell nelle loro routine perch\u00e9 supportano efficacemente una serie di obiettivi di fitness, tra cui lo sviluppo della forza, il miglioramento del condizionamento, la flessibilit\u00e0 e l'equilibrio. La facile personalizzazione dei pesi permette agli utenti di aumentare gradualmente l'intensit\u00e0 degli esercizi senza dover acquistare kettlebell diversi. Questo non solo \u00e8 conveniente, ma consente anche di risparmiare spazio nell'area di allenamento. Regolare i pesi \u00e8 facile e veloce e ti permette di passare da un esercizio all'altro senza problemi.<\/p>\n<p>La Kettlebell regolabile \u00e8 particolarmente adatta per gli esercizi per tutto il corpo. Ad esempio, puoi iniziare con l'impostazione da 3,5 kg (8 libbre) con oscillazioni leggere per riscaldarti. Poi aumenta il peso a 9 kg (20 lbs) per le oscillazioni con kettlebell. Per esercizi come i kettlebell cleans o snatches, puoi aumentare il peso a 16 kg (35 lbs) o 18 kg (40 lbs). Il prodotto \u00e8 ideale anche per i kettlebell squat. Il kettlebell regolabile \u00e8 ideale anche per gli esercizi di forza e stabilit\u00e0, come il goblet squat e il Turkish get-up. Inizia con un peso pi\u00f9 leggero per imparare la tecnica corretta e aumenta gradualmente il peso per aumentare l'intensit\u00e0.<\/p>\n<p>La struttura robusta del Kettlebell regolabile garantisce una lunga durata e sicurezza durante l'uso. Il design ergonomico assicura una presa salda e un'impugnatura confortevole, particolarmente importante durante le sessioni di allenamento pi\u00f9 impegnative.<\/p>","protected":false},"excerpt":{"rendered":"<p>Kettlebell regolabile: kettlebell versatile con 6 livelli di peso regolabili da 3,5 a 18 kg. Perfetto per l'allenamento a casa grazie alla regolazione del peso facile e veloce.<\/p>","protected":false},"featured_media":56744,"comment_status":"open","ping_status":"closed","template":"","meta":{"_acf_changed":false,"_gspb_post_css":""},"product_brand":[1000],"product_cat":[343,299,304],"product_tag":[91],"class_list":{"0":"post-2182","1":"product","2":"type-product","3":"status-publish","4":"has-post-thumbnail","6":"product_brand-fitcom","7":"product_cat-heimgebrauch","8":"product_cat-kettlebells","9":"product_cat-reha-physio","10":"product_tag-verstellbar","11":"pa_anzahl-gewichte-1x","12":"pa_artikel-pro-verkaufseinheit-1x","13":"pa_breite-22-5-cm","14":"pa_farbe-schwarz","15":"pa_gewicht-18-kg","16":"pa_griffdurchmesser-29-mm","17":"pa_griffumfang-91-mm","18":"pa_hoehe-32-cm","19":"pa_kernmaterial-kunststoff","20":"pa_kettlebelltyp-kettlebell-verstellbar","21":"pa_lieferumfang-1x-kettlebell","22":"pa_max-gewicht-18-kg","23":"pa_min-gewicht-3-5-kg","24":"pa_oberflaeche-kunststoff","25":"pa_tiefe-18-cm","26":"pa_verstellbar-ja","28":"first","29":"instock","30":"taxable","31":"shipping-taxable","32":"purchasable","33":"product-type-simple"},"bundled_by":[],"bundle_stock_status":"instock","bundle_stock_quantity":254,"bundle_virtual":false,"bundle_layout":"","bundle_add_to_cart_form_location":"","bundle_editable_in_cart":false,"bundle_sold_individually_context":"","bundle_item_grouping":"","bundle_min_size":"","bundle_max_size":"","bundle_price":[],"bundled_items":[],"bundle_sell_ids":[],"acf":[],"df_price":115,"df_sale_price":"","df_regular_price":115,"df_image_link":"https:\/\/www.fitness-flohmarkt.ch\/wp-content\/uploads\/F-47663_Verstellbare-Kettlebell_0-20250314-100309-300x300.jpg","_links":{"self":[{"href":"https:\/\/www.fitness-flohmarkt.ch\/it\/wp-json\/wp\/v2\/product\/2182","targetHints":{"allow":["GET"]}}],"collection":[{"href":"https:\/\/www.fitness-flohmarkt.ch\/it\/wp-json\/wp\/v2\/product"}],"about":[{"href":"https:\/\/www.fitness-flohmarkt.ch\/it\/wp-json\/wp\/v2\/types\/product"}],"replies":[{"embeddable":true,"href":"https:\/\/www.fitness-flohmarkt.ch\/it\/wp-json\/wp\/v2\/comments?post=2182"}],"wp:featuredmedia":[{"embeddable":true,"href":"https:\/\/www.fitness-flohmarkt.ch\/it\/wp-json\/wp\/v2\/media\/56744"}],"wp:attachment":[{"href":"https:\/\/www.fitness-flohmarkt.ch\/it\/wp-json\/wp\/v2\/media?parent=2182"}],"wp:term":[{"taxonomy":"product_brand","embeddable":true,"href":"https:\/\/www.fitness-flohmarkt.ch\/it\/wp-json\/wp\/v2\/product_brand?post=2182"},{"taxonomy":"product_cat","embeddable":true,"href":"https:\/\/www.fitness-flohmarkt.ch\/it\/wp-json\/wp\/v2\/product_cat?post=2182"},{"taxonomy":"product_tag","embeddable":true,"href":"https:\/\/www.fitness-flohmarkt.ch\/it\/wp-json\/wp\/v2\/product_tag?post=2182"}],"curies":[{"name":"wp","href":"https:\/\/api.w.org\/{rel}","templated":true}]}}