{"id":2153,"date":"2025-01-25T15:58:57","date_gmt":"2025-01-25T14:58:57","guid":{"rendered":"https:\/\/www2.fitness-flohmarkt.ch\/produkt\/climbing-rope-seil-kletterseil\/"},"modified":"2026-04-17T16:10:21","modified_gmt":"2026-04-17T14:10:21","slug":"corda-da-arrampicata-corda-da-arrampicata","status":"publish","type":"product","link":"https:\/\/www.fitness-flohmarkt.ch\/it\/produkt\/climbing-rope-seil-kletterseil\/","title":{"rendered":"Arrampicata \/ Corda a slitta | Corda da arrampicata"},"content":{"rendered":"<div class=\"product--description\">\n<h3 class=\"\" data-start=\"153\" data-end=\"249\"><strong data-start=\"157\" data-end=\"249\">Corda da arrampicata in poliestere con gancio preassemblato - per un allenamento funzionale versatile<\/strong><\/h3>\n<p class=\"\" data-start=\"188\" data-end=\"617\">Robusta corda da arrampicata in poliestere resistente - ideale per arrampicate su corda, trazioni con la slitta e altri esercizi di allenamento funzionale. Il robusto gancio ad occhiello preassemblato consente un fissaggio rapido e flessibile, ad esempio al soffitto, a un rig o a una slitta. All'aperto, la corda pu\u00f2 essere semplicemente lanciata su un ramo o una trave e tirata attraverso il gancio.<\/p>\n<p class=\"\" data-start=\"619\" data-end=\"833\">La corda ha un diametro di 38 mm ed \u00e8 disponibile in due lunghezze: 6 metri o 15 metri. L'estremit\u00e0 \u00e8 dotata di un rivestimento protettivo in gomma che impedisce lo sfilacciamento e garantisce una lunga durata.<\/p>\n<p class=\"\" data-start=\"835\" data-end=\"937\">Un dispositivo versatile per allenamenti intensivi e funzionali, sia all'interno che all'esterno.<\/p>\n<\/div>","protected":false},"excerpt":{"rendered":"<p>Robusta corda da arrampicata in poliestere con gancio ad occhiello premontato - ideale per arrampicate su corda, trazioni su slitta e altri esercizi funzionali. Pu\u00f2 essere fissata rapidamente al soffitto, alla slitta, alla trave o all'albero. L'estremit\u00e0 della corda rivestita in gomma impedisce lo sfilacciamento. Disponibile in lunghezze di 6 m o 15 m, diametro 38 mm.<\/p>","protected":false},"featured_media":71061,"comment_status":"open","ping_status":"closed","template":"","meta":{"_acf_changed":false,"_gspb_post_css":""},"product_brand":[1000],"product_cat":[818,1197],"product_tag":[],"class_list":{"0":"post-2153","1":"product","2":"type-product","3":"status-publish","4":"has-post-thumbnail","6":"product_brand-fitcom","7":"product_cat-conditioning","8":"product_cat-hyrox","9":"pa_artikel-pro-verkaufseinheit-1x","10":"pa_farbe-schwarz","11":"pa_fitness-zubehoertyp-climbing-und-battle-rope","12":"pa_griffdurchmesser-38-mm","13":"pa_laenge-15-m","14":"pa_laenge-6-m","15":"pa_lieferumfang-1x-climbing-rope","16":"pa_material-griff-gummi","17":"pa_material-seil-polyester","18":"pa_seildurchmesser-38-mm","19":"pa_seiltyp-climbing-rope","21":"first","22":"instock","23":"taxable","24":"shipping-taxable","25":"purchasable","26":"product-type-variable"},"bundled_by":[],"bundle_stock_status":"instock","bundle_stock_quantity":null,"bundle_virtual":false,"bundle_layout":"","bundle_add_to_cart_form_location":"","bundle_editable_in_cart":false,"bundle_sold_individually_context":"","bundle_item_grouping":"","bundle_min_size":"","bundle_max_size":"","bundle_price":[],"bundled_items":[],"bundle_sell_ids":[],"acf":[],"df_price":45,"df_sale_price":"","df_regular_price":45,"df_image_link":"https:\/\/www.fitness-flohmarkt.ch\/wp-content\/uploads\/F-74366_Climbing-Rope-Seil-Kletterseil_0-20250321-161452-300x300.jpg","_links":{"self":[{"href":"https:\/\/www.fitness-flohmarkt.ch\/it\/wp-json\/wp\/v2\/product\/2153","targetHints":{"allow":["GET"]}}],"collection":[{"href":"https:\/\/www.fitness-flohmarkt.ch\/it\/wp-json\/wp\/v2\/product"}],"about":[{"href":"https:\/\/www.fitness-flohmarkt.ch\/it\/wp-json\/wp\/v2\/types\/product"}],"replies":[{"embeddable":true,"href":"https:\/\/www.fitness-flohmarkt.ch\/it\/wp-json\/wp\/v2\/comments?post=2153"}],"wp:featuredmedia":[{"embeddable":true,"href":"https:\/\/www.fitness-flohmarkt.ch\/it\/wp-json\/wp\/v2\/media\/71061"}],"wp:attachment":[{"href":"https:\/\/www.fitness-flohmarkt.ch\/it\/wp-json\/wp\/v2\/media?parent=2153"}],"wp:term":[{"taxonomy":"product_brand","embeddable":true,"href":"https:\/\/www.fitness-flohmarkt.ch\/it\/wp-json\/wp\/v2\/product_brand?post=2153"},{"taxonomy":"product_cat","embeddable":true,"href":"https:\/\/www.fitness-flohmarkt.ch\/it\/wp-json\/wp\/v2\/product_cat?post=2153"},{"taxonomy":"product_tag","embeddable":true,"href":"https:\/\/www.fitness-flohmarkt.ch\/it\/wp-json\/wp\/v2\/product_tag?post=2153"}],"curies":[{"name":"wp","href":"https:\/\/api.w.org\/{rel}","templated":true}]}}