{"id":21203,"date":"2025-02-11T10:17:03","date_gmt":"2025-02-11T09:17:03","guid":{"rendered":"https:\/\/www2.fitness-flohmarkt.ch\/?post_type=product&#038;p=21203"},"modified":"2026-03-24T21:10:05","modified_gmt":"2026-03-24T20:10:05","slug":"bicicletta-ad-aria-compressa","status":"publish","type":"product","link":"https:\/\/www.fitness-flohmarkt.ch\/it\/produkt\/air-bike\/","title":{"rendered":"Airbike | Resistenza all'aria"},"content":{"rendered":"<div data-test-render-count=\"1\">\n<div>\n<div class=\"group relative pb-3\" data-is-streaming=\"false\">\n<div class=\"font-claude-response relative leading-[1.65rem] [&amp;_pre&gt;div]:bg-bg-000\/50 [&amp;_pre&gt;div]:border-0.5 [&amp;_pre&gt;div]:border-border-400 [&amp;_.ignore-pre-bg&gt;div]:bg-transparent [&amp;_.standard-markdown_:is(p,blockquote,h1,h2,h3,h4,h5,h6)]:pl-2 [&amp;_.standard-markdown_:is(p,blockquote,ul,ol,h1,h2,h3,h4,h5,h6)]:pr-8 [&amp;_.progressive-markdown_:is(p,blockquote,h1,h2,h3,h4,h5,h6)]:pl-2 [&amp;_.progressive-markdown_:is(p,blockquote,ul,ol,h1,h2,h3,h4,h5,h6)]:pr-8\">\n<div>\n<div class=\"grid-cols-1 grid gap-2.5 [&amp;_&gt;_*]:min-w-0 standard-markdown\">\n<h3 class=\"whitespace-normal break-words\"><strong>Air Bike \u2013 Professionelles Luftwiderstandsrad f\u00fcr maximales Ganzk\u00f6rpertraining<\/strong><\/h3>\n<p class=\"whitespace-normal break-words\">Das Air Bike in schwarzer Ausf\u00fchrung f\u00fcr intensives Ganzk\u00f6rpertraining. Das robuste Luftwiderstandssystem passt sich automatisch der Trainingsintensit\u00e4t an \u2013 die Widerstandsst\u00e4rke steigt proportional zur Tretgeschwindigkeit. Das integrierte LCD-Display bietet eine \u00fcbersichtliche Anzeige aller relevanten Trainingsdaten. Dank netzunabh\u00e4ngiger Stromversorgung ist das Ger\u00e4t flexibel in jedem Raum einsetzbar. Der gepolsterte Sitz ist sowohl horizontal als auch in der H\u00f6he verstellbar und erm\u00f6glicht eine ergonomische Trainingsposition. Das wartungsarme Kettenantriebssystem gew\u00e4hrleistet eine zuverl\u00e4ssige Kraft\u00fcbertragung, w\u00e4hrend die stabile Stahlkonstruktion mit robuster Beschichtung f\u00fcr Langlebigkeit sorgt. Gummierte Standf\u00fcsse und praktische Transportrollen komplettieren die durchdachte Konstruktion. Das Air Bike eignet sich sowohl f\u00fcr HIIT-Training als auch f\u00fcr klassische Cardio-Workouts und erm\u00f6glicht effektive Ganzk\u00f6rperworkouts mit minimalem Zeitaufwand. Die Kombination aus Ober- und Unterk\u00f6rpertraining macht es zur idealen Erg\u00e4nzung f\u00fcr jedes Fitnesstraining.<\/p>\n<\/div>\n<\/div>\n<\/div>\n<div class=\"absolute bottom-0 right-2 pointer-events-none\">\n<div class=\"rounded-lg transition min-w-max pointer-events-auto translate-x-2 translate-y-full pt-2\">\n<div class=\"text-text-300 flex items-stretch justify-between\">\n<div class=\"w-fit\" data-state=\"closed\"><\/div>\n<div class=\"w-fit\" data-state=\"closed\"><\/div>\n<div class=\"w-fit\" data-state=\"closed\"><\/div>\n<div class=\"flex items-center\"><\/div>\n<\/div>\n<\/div>\n<\/div>\n<\/div>\n<\/div>\n<\/div>\n","protected":false},"excerpt":{"rendered":"<p>L'Air Bike offre un allenamento intensivo per tutto il corpo grazie al sistema di resistenza ad aria e al display LCD. Robusta struttura in acciaio nero con sedile regolabile in altezza e in orizzontale e trasmissione a catena a bassa manutenzione: ideale per un efficace allenamento HIIT e cardio a casa o in palestra.<\/p>","protected":false},"featured_media":9047588,"comment_status":"closed","ping_status":"closed","template":"","meta":{"_acf_changed":false,"_gspb_post_css":""},"product_brand":[1000],"product_cat":[341,343],"product_tag":[],"class_list":{"0":"post-21203","1":"product","2":"type-product","3":"status-publish","4":"has-post-thumbnail","6":"product_brand-fitcom","7":"product_cat-bikes-ergometer","8":"product_cat-heimgebrauch","10":"first","11":"outofstock","12":"taxable","13":"shipping-taxable","14":"purchasable","15":"product-type-simple"},"bundled_by":[],"bundle_stock_status":"outofstock","bundle_stock_quantity":-1,"bundle_virtual":false,"bundle_layout":"","bundle_add_to_cart_form_location":"","bundle_editable_in_cart":false,"bundle_sold_individually_context":"","bundle_item_grouping":"","bundle_min_size":"","bundle_max_size":"","bundle_price":[],"bundled_items":[],"bundle_sell_ids":[],"acf":[],"df_price":590,"df_sale_price":"","df_regular_price":590,"df_image_link":"https:\/\/www.fitness-flohmarkt.ch\/wp-content\/uploads\/Aussault_2-300x300.jpg","_links":{"self":[{"href":"https:\/\/www.fitness-flohmarkt.ch\/it\/wp-json\/wp\/v2\/product\/21203","targetHints":{"allow":["GET"]}}],"collection":[{"href":"https:\/\/www.fitness-flohmarkt.ch\/it\/wp-json\/wp\/v2\/product"}],"about":[{"href":"https:\/\/www.fitness-flohmarkt.ch\/it\/wp-json\/wp\/v2\/types\/product"}],"replies":[{"embeddable":true,"href":"https:\/\/www.fitness-flohmarkt.ch\/it\/wp-json\/wp\/v2\/comments?post=21203"}],"wp:featuredmedia":[{"embeddable":true,"href":"https:\/\/www.fitness-flohmarkt.ch\/it\/wp-json\/wp\/v2\/media\/9047588"}],"wp:attachment":[{"href":"https:\/\/www.fitness-flohmarkt.ch\/it\/wp-json\/wp\/v2\/media?parent=21203"}],"wp:term":[{"taxonomy":"product_brand","embeddable":true,"href":"https:\/\/www.fitness-flohmarkt.ch\/it\/wp-json\/wp\/v2\/product_brand?post=21203"},{"taxonomy":"product_cat","embeddable":true,"href":"https:\/\/www.fitness-flohmarkt.ch\/it\/wp-json\/wp\/v2\/product_cat?post=21203"},{"taxonomy":"product_tag","embeddable":true,"href":"https:\/\/www.fitness-flohmarkt.ch\/it\/wp-json\/wp\/v2\/product_tag?post=21203"}],"curies":[{"name":"wp","href":"https:\/\/api.w.org\/{rel}","templated":true}]}}