{"id":2094,"date":"2025-01-25T15:58:21","date_gmt":"2025-01-25T14:58:21","guid":{"rendered":"https:\/\/www2.fitness-flohmarkt.ch\/produkt\/rower\/"},"modified":"2026-05-12T05:16:12","modified_gmt":"2026-05-12T03:16:12","slug":"vogatore","status":"publish","type":"product","link":"https:\/\/www.fitness-flohmarkt.ch\/it\/produkt\/rower\/","title":{"rendered":"AirRower | Vogatore"},"content":{"rendered":"<h3>AirRower - vogatore con resistenza all'aria regolabile<\/h3>\n<p data-start=\"70\" data-end=\"406\">Il vogatore Air Rower \u00e8 caratterizzato da un meccanismo di resistenza all'aria regolabile in dieci fasi. La macchina pu\u00f2 essere smontata in due parti per risparmiare spazio.<\/p>\n<p data-start=\"408\" data-end=\"679\">Il canottaggio \u00e8 una forma di esercizio che fa lavorare pi\u00f9 del 75 % dei muscoli e attiva allo stesso tempo il sistema cardiovascolare. L'allenamento pu\u00f2 essere utilizzato come programma di riscaldamento e raffreddamento, ma \u00e8 anche adatto come unit\u00e0 indipendente di forza o resistenza.<\/p>\n<p data-start=\"681\" data-end=\"855\"><strong>Nota:<\/strong> I valori delle prestazioni visualizzati sul display sono indicativi e possono discostarsi dalle prestazioni effettive che si verificano quando si rema sull'acqua.<\/p>","protected":false},"excerpt":{"rendered":"<p>L'Air Rower \u00e8 un vogatore con resistenza ad aria regolabile in dieci direzioni, adatto a diversi luoghi di allenamento. Fa lavorare oltre 75 % di muscoli e favorisce il sistema cardiovascolare. La macchina pu\u00f2 essere divisa per risparmiare spazio.<\/p>","protected":false},"featured_media":71869,"comment_status":"open","ping_status":"closed","template":"","meta":{"_acf_changed":false,"_gspb_post_css":""},"product_brand":[1000],"product_cat":[818,1197,306],"product_tag":[],"class_list":{"0":"post-2094","1":"product","2":"type-product","3":"status-publish","4":"has-post-thumbnail","6":"product_brand-fitcom","7":"product_cat-conditioning","8":"product_cat-hyrox","9":"product_cat-rudergeraete","10":"product_shipping_class-standard","11":"pa_breite-63-cm","12":"pa_bremssystem-luftwiderstand","13":"pa_farbe-schwarz","14":"pa_hoehe-85-cm","15":"pa_hometrainertyp-airrower","16":"pa_laenge-238-cm-2","17":"pa_max-belastung-200-kg","18":"pa_touchscreen-nein","19":"pa_transportrollen-ja","21":"first","22":"instock","23":"taxable","24":"shipping-taxable","25":"purchasable","26":"product-type-simple"},"bundled_by":[],"bundle_stock_status":"instock","bundle_stock_quantity":16,"bundle_virtual":false,"bundle_layout":"","bundle_add_to_cart_form_location":"","bundle_editable_in_cart":false,"bundle_sold_individually_context":"","bundle_item_grouping":"","bundle_min_size":"","bundle_max_size":"","bundle_price":[],"bundled_items":[],"bundle_sell_ids":[],"acf":[],"df_price":645,"df_sale_price":545,"df_regular_price":645,"df_image_link":"https:\/\/www.fitness-flohmarkt.ch\/wp-content\/uploads\/rudern_1-20250322-181751-300x300.jpg","_links":{"self":[{"href":"https:\/\/www.fitness-flohmarkt.ch\/it\/wp-json\/wp\/v2\/product\/2094","targetHints":{"allow":["GET"]}}],"collection":[{"href":"https:\/\/www.fitness-flohmarkt.ch\/it\/wp-json\/wp\/v2\/product"}],"about":[{"href":"https:\/\/www.fitness-flohmarkt.ch\/it\/wp-json\/wp\/v2\/types\/product"}],"replies":[{"embeddable":true,"href":"https:\/\/www.fitness-flohmarkt.ch\/it\/wp-json\/wp\/v2\/comments?post=2094"}],"wp:featuredmedia":[{"embeddable":true,"href":"https:\/\/www.fitness-flohmarkt.ch\/it\/wp-json\/wp\/v2\/media\/71869"}],"wp:attachment":[{"href":"https:\/\/www.fitness-flohmarkt.ch\/it\/wp-json\/wp\/v2\/media?parent=2094"}],"wp:term":[{"taxonomy":"product_brand","embeddable":true,"href":"https:\/\/www.fitness-flohmarkt.ch\/it\/wp-json\/wp\/v2\/product_brand?post=2094"},{"taxonomy":"product_cat","embeddable":true,"href":"https:\/\/www.fitness-flohmarkt.ch\/it\/wp-json\/wp\/v2\/product_cat?post=2094"},{"taxonomy":"product_tag","embeddable":true,"href":"https:\/\/www.fitness-flohmarkt.ch\/it\/wp-json\/wp\/v2\/product_tag?post=2094"}],"curies":[{"name":"wp","href":"https:\/\/api.w.org\/{rel}","templated":true}]}}