{"id":19516,"date":"2025-02-11T02:32:38","date_gmt":"2025-02-11T01:32:38","guid":{"rendered":"https:\/\/www2.fitness-flohmarkt.ch\/produkt\/premium-speed-jump-rope-springseil\/"},"modified":"2026-04-15T13:31:57","modified_gmt":"2026-04-15T11:31:57","slug":"corda-per-saltare-premium-speed-corda-per-saltare","status":"publish","type":"product","link":"https:\/\/www.fitness-flohmarkt.ch\/it\/produkt\/premium-speed-jump-rope-springseil\/","title":{"rendered":"Corda da salto Premium Speed | Corda per saltare"},"content":{"rendered":"<h3>Hi-End Speed Jump Rope - corda da salto ad alte prestazioni per velocit\u00e0, tecnica e controllo<\/h3>\n<p data-start=\"72\" data-end=\"1046\">La corda da salto Hi-End Speed \u00e8 una corda da salto particolarmente resistente, sviluppata appositamente per essere utilizzata negli sport agonistici. I manici sono realizzati in una lega resistente e sono dotati di perni in acciaio integrati e cuscinetti a sfera di alta qualit\u00e0, il che significa che la corda per saltare soddisfa tutti i requisiti per un allenamento ottimale di velocit\u00e0 o doppio salto. I manici in alluminio leggermente pi\u00f9 lunghi e molto robusti, con una lunghezza di 16 centimetri, si adattano comodamente alla mano, mentre l'area leggermente pi\u00f9 ruvida sull'impugnatura garantisce una presa sicura. I giunti girevoli a 360\u00b0 alle estremit\u00e0 dei manici garantiscono una rotazione rapida e uniforme e si adattano perfettamente all'angolo di oscillazione della corda. La fune metallica sottile e plastificata da 2,5 millimetri offre la leggerezza necessaria ed \u00e8 comunque molto robusta. La lunghezza della corda di tre metri, adatta a persone alte fino a due metri, pu\u00f2 essere facilmente regolata a mano grazie alle viti terminali regolabili.<\/p>\n<p data-start=\"1048\" data-end=\"1397\">La corda da salto Hi-End Speed \u00e8 perfetta per gli allenamenti e le competizioni e colpisce per la sua robusta fattura. \u00c8 un accessorio eccellente per migliorare la coordinazione, l'agilit\u00e0, la velocit\u00e0, il gioco di gambe e la resistenza.<\/p>\n<p><strong>Nota:<\/strong> Per un'oscillazione migliore, ti consigliamo di tagliare il filo in eccesso dopo aver regolato la lunghezza della corda.<\/p>","protected":false},"excerpt":{"rendered":"<p>Corda per salti di velocit\u00e0 di alta gamma con snodi girevoli a 360\u00b0 e maniglie in alluminio: ideale per allenamenti double-under, velocit\u00e0 e gare. Robusta corda in acciaio plastificato (2,5 mm) con una lunghezza di 3 m, regolabile fino a 2 m di altezza. Per la massima rotazione e precisione.<\/p>","protected":false},"featured_media":9013691,"comment_status":"closed","ping_status":"closed","template":"","meta":{"_acf_changed":false,"_gspb_post_css":""},"product_brand":[1000],"product_cat":[818,820],"product_tag":[],"class_list":{"0":"post-19516","1":"product","2":"type-product","3":"status-publish","4":"has-post-thumbnail","6":"product_brand-fitcom","7":"product_cat-conditioning","8":"product_cat-springseil","9":"pa_360-drehgelenk-ja","10":"pa_artikel-pro-verkaufseinheit-1x","11":"pa_farbe-blau","12":"pa_farbe-gold","13":"pa_farbe-pink","14":"pa_farbe-schwarz","15":"pa_gewicht-0-2-kg","16":"pa_griffdurchmesser-18-mm","17":"pa_grifflaenge-15-cm","18":"pa_laenge-3-m","19":"pa_lieferumfang-1x-springseil","20":"pa_material-griff-aluminium","21":"pa_material-seil-stahl","22":"pa_max-koerpergroesse-200-cm","23":"pa_seildurchmesser-25-mm-fr","24":"pa_springseil-ausstattung-laengenverstellbar","25":"pa_springseiltyp-speed-rope","27":"first","28":"instock","29":"taxable","30":"shipping-taxable","31":"purchasable","32":"product-type-variable"},"bundled_by":[],"bundle_stock_status":"instock","bundle_stock_quantity":null,"bundle_virtual":false,"bundle_layout":"","bundle_add_to_cart_form_location":"","bundle_editable_in_cart":false,"bundle_sold_individually_context":"","bundle_item_grouping":"","bundle_min_size":"","bundle_max_size":"","bundle_price":[],"bundled_items":[],"bundle_sell_ids":[],"acf":[],"df_price":15,"df_sale_price":"","df_regular_price":15,"df_image_link":"https:\/\/www.fitness-flohmarkt.ch\/wp-content\/uploads\/F-11375_Aluminium-Springseil_0-20250328-081151-300x300.jpg","_links":{"self":[{"href":"https:\/\/www.fitness-flohmarkt.ch\/it\/wp-json\/wp\/v2\/product\/19516","targetHints":{"allow":["GET"]}}],"collection":[{"href":"https:\/\/www.fitness-flohmarkt.ch\/it\/wp-json\/wp\/v2\/product"}],"about":[{"href":"https:\/\/www.fitness-flohmarkt.ch\/it\/wp-json\/wp\/v2\/types\/product"}],"replies":[{"embeddable":true,"href":"https:\/\/www.fitness-flohmarkt.ch\/it\/wp-json\/wp\/v2\/comments?post=19516"}],"wp:featuredmedia":[{"embeddable":true,"href":"https:\/\/www.fitness-flohmarkt.ch\/it\/wp-json\/wp\/v2\/media\/9013691"}],"wp:attachment":[{"href":"https:\/\/www.fitness-flohmarkt.ch\/it\/wp-json\/wp\/v2\/media?parent=19516"}],"wp:term":[{"taxonomy":"product_brand","embeddable":true,"href":"https:\/\/www.fitness-flohmarkt.ch\/it\/wp-json\/wp\/v2\/product_brand?post=19516"},{"taxonomy":"product_cat","embeddable":true,"href":"https:\/\/www.fitness-flohmarkt.ch\/it\/wp-json\/wp\/v2\/product_cat?post=19516"},{"taxonomy":"product_tag","embeddable":true,"href":"https:\/\/www.fitness-flohmarkt.ch\/it\/wp-json\/wp\/v2\/product_tag?post=19516"}],"curies":[{"name":"wp","href":"https:\/\/api.w.org\/{rel}","templated":true}]}}