{"id":1744,"date":"2025-01-15T01:12:52","date_gmt":"2025-01-15T00:12:52","guid":{"rendered":"https:\/\/www2.fitness-flohmarkt.ch\/produkt\/kettlebell-mit-gummimantel\/"},"modified":"2026-05-01T11:10:32","modified_gmt":"2026-05-01T09:10:32","slug":"kettlebell-con-rivestimento-in-gomma","status":"publish","type":"product","link":"https:\/\/www.fitness-flohmarkt.ch\/it\/produkt\/kettlebell-mit-gummimantel\/","title":{"rendered":"Kettlebell | con guscio in gomma"},"content":{"rendered":"<h3 class=\"font-claude-response-body break-words whitespace-normal leading-[1.7]\">Kettlebell mit Gummimantel \u2013 Vielseitiges Trainingsger\u00e4t aus Gusseisen<\/h3>\n<p class=\"font-claude-response-body break-words whitespace-normal leading-[1.7]\">Unsere Kettlebells bieten ein solides Preis-Leistungs-Verh\u00e4ltnis und eignen sich gut f\u00fcr den Einstieg ins Kettlebell-Training. Die Kugelhanteln bestehen aus Gusseisen mit einem sch\u00fctzenden Gummimantel, der den Untergrund schont. Dank der robusten Bauweise aus Gusseisen sind die Kettlebells langlebig und halten auch intensiveren Trainingseinheiten stand. Die abgeflachte Unterseite sorgt f\u00fcr einen stabilen Stand, und die Gewichtsangabe in Kilogramm ist sowohl auf der Vorder- als auch auf der R\u00fcckseite aufgedruckt.<\/p>\n<p class=\"font-claude-response-body break-words whitespace-normal leading-[1.7]\">Kettlebells sind kugelf\u00f6rmige Gewichte, die besonders im CrossFit und Functional Training beliebt sind. Sie eignen sich hervorragend, um Kraft und allgemeine Fitness zu verbessern \u2013 egal ob zu Hause, im Fitnessstudio oder unterwegs. Die \u00dcbungsvielfalt mit Kettlebells ist gross und umfasst g\u00e4ngige \u00dcbungen wie Kettlebell Swing, Snatch, Deadlift, Clean &amp; Press\/Jerk, Goblet Squat, Single Arm Military Press, Turkish Get-Up und viele mehr.<\/p>\n<p class=\"font-claude-response-body break-words whitespace-normal leading-[1.7]\"><strong>Hinweis:<\/strong> Bei dieser Einsteiger-Kettlebell aus Gusseisen mit Gummimantel k\u00f6nnen produktionsbedingt Gussnarben am Griff vorhanden sein. Farbe und Beschriftung variieren je nach Gewicht und Verf\u00fcgbarkeit.<\/p>\n","protected":false},"excerpt":{"rendered":"<p>Kettlebell con rivestimento in gomma: kettlebell in ghisa (da 4 a 40 kg) con rivestimento in gomma per proteggere la superficie. La parte inferiore \u00e8 appiattita per garantire la stabilit\u00e0 durante l'allenamento. Un'opzione conveniente per l'allenamento con i kettlebell.<\/p>","protected":false},"featured_media":9028824,"comment_status":"closed","ping_status":"closed","template":"","meta":{"_acf_changed":false,"_gspb_post_css":""},"product_brand":[1000],"product_cat":[818,299],"product_tag":[],"class_list":{"0":"post-1744","1":"product","2":"type-product","3":"status-publish","4":"has-post-thumbnail","6":"product_brand-fitcom","7":"product_cat-conditioning","8":"product_cat-kettlebells","9":"pa_anzahl-gewichte-1x","10":"pa_artikel-pro-verkaufseinheit-1x","11":"pa_breite-16-cm","12":"pa_breite-17-cm","13":"pa_breite-18-cm","14":"pa_breite-19-cm","15":"pa_breite-20-cm","16":"pa_breite-21-cm","17":"pa_breite-21-5-cm","18":"pa_breite-23-cm","19":"pa_farbe-blau","20":"pa_farbe-braun","21":"pa_farbe-gelb","22":"pa_farbe-grau","23":"pa_farbe-gruen","24":"pa_farbe-orange","25":"pa_farbe-pink","26":"pa_farbe-rot","27":"pa_farbe-schwarz","28":"pa_farbe-violett","29":"pa_gewicht-10-kg","30":"pa_gewicht-12-kg","31":"pa_gewicht-14-kg","32":"pa_gewicht-16-kg","33":"pa_gewicht-18-kg","34":"pa_gewicht-20-kg","35":"pa_gewicht-24-kg","36":"pa_gewicht-28-kg","37":"pa_gewicht-32-kg","38":"pa_gewicht-36-kg","39":"pa_gewicht-4-kg","40":"pa_gewicht-40-kg","41":"pa_gewicht-6-kg","42":"pa_gewicht-8-kg","43":"pa_griffdurchmesser-27-mm","44":"pa_griffdurchmesser-30-mm","45":"pa_griffdurchmesser-33-mm","46":"pa_griffdurchmesser-34-mm","47":"pa_griffdurchmesser-35-mm","48":"pa_griffdurchmesser-36-mm","49":"pa_griffdurchmesser-38-mm","50":"pa_griffdurchmesser-40-mm","51":"pa_griffumfang-104-mm","52":"pa_griffumfang-107-mm","53":"pa_griffumfang-110-mm","54":"pa_griffumfang-113-mm","55":"pa_griffumfang-120-mm","56":"pa_griffumfang-125-mm","57":"pa_griffumfang-85-mm","58":"pa_griffumfang-95-mm","59":"pa_hoehe-17-cm","60":"pa_hoehe-19-cm","61":"pa_hoehe-20-5-cm","62":"pa_hoehe-21-5-cm","63":"pa_hoehe-23-cm","64":"pa_hoehe-24-cm","65":"pa_hoehe-25-5-cm","66":"pa_hoehe-26-cm","67":"pa_hoehe-26-5-cm","68":"pa_hoehe-27-cm","69":"pa_hoehe-28-5-cm","70":"pa_hoehe-30-cm","71":"pa_hoehe-32-cm","72":"pa_hoehe-33-cm","73":"pa_kernmaterial-gusseisen","74":"pa_kettlebelltyp-kettlebell","75":"pa_laenge-10-cm","76":"pa_laenge-11-5-cm","77":"pa_laenge-12-5-cm","78":"pa_laenge-13-5-cm","79":"pa_laenge-14-cm","80":"pa_laenge-14-5-cm","81":"pa_laenge-15-cm","82":"pa_laenge-16-cm","83":"pa_laenge-16-5-cm","84":"pa_laenge-17-cm","85":"pa_laenge-18-cm","86":"pa_laenge-19-cm","87":"pa_laenge-20-cm","88":"pa_laenge-9-cm","89":"pa_lieferumfang-1x-kettlebell","90":"pa_max-gewicht-40-kg","91":"pa_min-gewicht-4-kg","92":"pa_oberflaeche-gummi","93":"pa_verstellbar-nein","95":"first","96":"instock","97":"taxable","98":"shipping-taxable","99":"purchasable","100":"product-type-variable"},"bundled_by":[],"bundle_stock_status":"instock","bundle_stock_quantity":null,"bundle_virtual":false,"bundle_layout":"","bundle_add_to_cart_form_location":"","bundle_editable_in_cart":false,"bundle_sold_individually_context":"","bundle_item_grouping":"","bundle_min_size":"","bundle_max_size":"","bundle_price":[],"bundled_items":[],"bundle_sell_ids":[],"acf":[],"df_price":10,"df_sale_price":"","df_regular_price":10,"df_image_link":"https:\/\/www.fitness-flohmarkt.ch\/wp-content\/uploads\/F-69381_Kettlebell_0-20250606-091011-300x300.jpg","_links":{"self":[{"href":"https:\/\/www.fitness-flohmarkt.ch\/it\/wp-json\/wp\/v2\/product\/1744","targetHints":{"allow":["GET"]}}],"collection":[{"href":"https:\/\/www.fitness-flohmarkt.ch\/it\/wp-json\/wp\/v2\/product"}],"about":[{"href":"https:\/\/www.fitness-flohmarkt.ch\/it\/wp-json\/wp\/v2\/types\/product"}],"replies":[{"embeddable":true,"href":"https:\/\/www.fitness-flohmarkt.ch\/it\/wp-json\/wp\/v2\/comments?post=1744"}],"wp:featuredmedia":[{"embeddable":true,"href":"https:\/\/www.fitness-flohmarkt.ch\/it\/wp-json\/wp\/v2\/media\/9028824"}],"wp:attachment":[{"href":"https:\/\/www.fitness-flohmarkt.ch\/it\/wp-json\/wp\/v2\/media?parent=1744"}],"wp:term":[{"taxonomy":"product_brand","embeddable":true,"href":"https:\/\/www.fitness-flohmarkt.ch\/it\/wp-json\/wp\/v2\/product_brand?post=1744"},{"taxonomy":"product_cat","embeddable":true,"href":"https:\/\/www.fitness-flohmarkt.ch\/it\/wp-json\/wp\/v2\/product_cat?post=1744"},{"taxonomy":"product_tag","embeddable":true,"href":"https:\/\/www.fitness-flohmarkt.ch\/it\/wp-json\/wp\/v2\/product_tag?post=1744"}],"curies":[{"name":"wp","href":"https:\/\/api.w.org\/{rel}","templated":true}]}}