{"id":1614,"date":"2025-01-15T01:10:46","date_gmt":"2025-01-15T00:10:46","guid":{"rendered":"https:\/\/www2.fitness-flohmarkt.ch\/produkt\/guss-hantelscheibe-50-mm\/"},"modified":"2026-04-17T19:11:04","modified_gmt":"2026-04-17T17:11:04","slug":"piastra-di-peso-fusa-50-mm","status":"publish","type":"product","link":"https:\/\/www.fitness-flohmarkt.ch\/it\/produkt\/guss-hantelscheibe-50-mm\/","title":{"rendered":"Piastra di peso fusa | 50 mm"},"content":{"rendered":"<h3 data-start=\"195\" data-end=\"281\"><strong data-start=\"195\" data-end=\"281\">Piastra portapesi in ghisa con maniglie - compatta, resistente e versatile<\/strong><\/h3>\n<p class=\"\" data-start=\"283\" data-end=\"625\">Queste piastre in ghisa massiccia convincono per l'elevata stabilit\u00e0, il design compatto e il classico look da studio. Grazie alla struttura particolarmente densa del materiale, il diametro \u00e8 relativamente ridotto anche con i pesi pi\u00f9 pesanti: questo crea pi\u00f9 spazio sulla barra e rende l'allenamento particolarmente efficiente.<\/p>\n<p class=\"\" data-start=\"627\" data-end=\"920\">La ghisa \u00e8 sinonimo di eccezionale durata: il robusto materiale con rivestimento colorato per una maggiore protezione dalla ruggine resiste anche a un uso intensivo per molti anni e non richiede praticamente alcuna manutenzione. Allo stesso tempo, il materiale \u00e8 inodore: l'ideale per tutti coloro che desiderano un'esperienza di allenamento senza fronzoli.<\/p>\n<p class=\"\" data-start=\"922\" data-end=\"1269\">L'anello interno, realizzato con precisione e con un diametro dei fori di 51 mm, garantisce una presa sicura su tutti i bilancieri standard da 50 mm. Grazie ai fori di presa integrati, i dischi possono essere facilmente presi, cambiati e utilizzati in vari modi anche senza bilanciere, ad esempio per esercizi come le torsioni in piedi, le alzate frontali, le torsioni russe o i crunch.<\/p>\n<p class=\"\" data-start=\"1271\" data-end=\"1433\">Che si tratti di studio o di palestra domestica, queste piastre pesi offrono una soluzione affidabile e solida per ogni livello di allenamento.<\/p>\n<p class=\"\" data-start=\"1271\" data-end=\"1433\">Disponibile in pesi da 1,25 kg a 20 kg.<\/p>\n<p data-start=\"1271\" data-end=\"1433\"><strong>Nota:<\/strong> Il colore grigio pu\u00f2 variare a seconda dell'unit\u00e0 di produzione.<\/p>","protected":false},"excerpt":{"rendered":"<p>Piastre per pesi in ghisa con maniglie: Design compatto con elevata stabilit\u00e0. Superficie robusta, facile da pulire e inodore. Anello interno in acciaio inox (51 mm) per una presa sicura su manubri da 50 mm. Fori di presa per una facile manipolazione. Disponibili con pesi da 1,25 kg a 20 kg.<\/p>","protected":false},"featured_media":9043388,"comment_status":"closed","ping_status":"closed","template":"","meta":{"_acf_changed":false,"_gspb_post_css":""},"product_brand":[1000],"product_cat":[807],"product_tag":[],"class_list":{"0":"post-1614","1":"product","2":"type-product","3":"status-publish","4":"has-post-thumbnail","6":"product_brand-fitcom","7":"product_cat-50mm-hantelscheiben","8":"pa_abwurffaehig-nein","9":"pa_anzahl-gewichte-1x","10":"pa_artikel-pro-verkaufseinheit-1x","11":"pa_dicke-20-mm","12":"pa_dicke-25-mm","13":"pa_dicke-30-mm","14":"pa_dicke-35-mm","15":"pa_dicke-40-mm","16":"pa_durchmesser-15-5-cm","17":"pa_durchmesser-19-cm","18":"pa_durchmesser-22-5-cm","19":"pa_durchmesser-30-cm","20":"pa_durchmesser-36-5-cm","21":"pa_durchmesser-38-5-cm","22":"pa_farbe-grau","23":"pa_gewicht-1-25-kg","24":"pa_gewicht-10-kg","25":"pa_gewicht-15-kg","26":"pa_gewicht-2-5-kg","27":"pa_gewicht-20-kg","28":"pa_gewicht-5-kg","29":"pa_kernmaterial-gusseisen","30":"pa_lieferumfang-1x-hantelscheibe","31":"pa_lochdurchmesser-51-mm","32":"pa_oberflaeche-farbbeschichtung","33":"pa_scheibengewichtstyp-gusshantelscheibe","35":"first","36":"instock","37":"taxable","38":"shipping-taxable","39":"purchasable","40":"product-type-variable"},"bundled_by":[],"bundle_stock_status":"instock","bundle_stock_quantity":null,"bundle_virtual":false,"bundle_layout":"","bundle_add_to_cart_form_location":"","bundle_editable_in_cart":false,"bundle_sold_individually_context":"","bundle_item_grouping":"","bundle_min_size":"","bundle_max_size":"","bundle_price":[],"bundled_items":[],"bundle_sell_ids":[],"acf":[],"df_price":3.75,"df_sale_price":"","df_regular_price":3.75,"df_image_link":"https:\/\/www.fitness-flohmarkt.ch\/wp-content\/uploads\/F-13343_Hantelscheibe-Guss-50-mm_0-20250821-113134-300x300.jpg","_links":{"self":[{"href":"https:\/\/www.fitness-flohmarkt.ch\/it\/wp-json\/wp\/v2\/product\/1614","targetHints":{"allow":["GET"]}}],"collection":[{"href":"https:\/\/www.fitness-flohmarkt.ch\/it\/wp-json\/wp\/v2\/product"}],"about":[{"href":"https:\/\/www.fitness-flohmarkt.ch\/it\/wp-json\/wp\/v2\/types\/product"}],"replies":[{"embeddable":true,"href":"https:\/\/www.fitness-flohmarkt.ch\/it\/wp-json\/wp\/v2\/comments?post=1614"}],"wp:featuredmedia":[{"embeddable":true,"href":"https:\/\/www.fitness-flohmarkt.ch\/it\/wp-json\/wp\/v2\/media\/9043388"}],"wp:attachment":[{"href":"https:\/\/www.fitness-flohmarkt.ch\/it\/wp-json\/wp\/v2\/media?parent=1614"}],"wp:term":[{"taxonomy":"product_brand","embeddable":true,"href":"https:\/\/www.fitness-flohmarkt.ch\/it\/wp-json\/wp\/v2\/product_brand?post=1614"},{"taxonomy":"product_cat","embeddable":true,"href":"https:\/\/www.fitness-flohmarkt.ch\/it\/wp-json\/wp\/v2\/product_cat?post=1614"},{"taxonomy":"product_tag","embeddable":true,"href":"https:\/\/www.fitness-flohmarkt.ch\/it\/wp-json\/wp\/v2\/product_tag?post=1614"}],"curies":[{"name":"wp","href":"https:\/\/api.w.org\/{rel}","templated":true}]}}