{"id":12796,"date":"2025-02-10T00:58:43","date_gmt":"2025-02-09T23:58:43","guid":{"rendered":"https:\/\/www2.fitness-flohmarkt.ch\/produkt\/squat-stand-block-kniebeugenblock\/"},"modified":"2026-04-13T11:15:44","modified_gmt":"2026-04-13T09:15:44","slug":"blocco-stand-squat-blocco-squat","status":"publish","type":"product","link":"https:\/\/www.fitness-flohmarkt.ch\/it\/produkt\/squat-stand-block-kniebeugenblock\/","title":{"rendered":"Blocco per lo Squat Stand | Blocco per lo Squat"},"content":{"rendered":"<h3 data-start=\"431\" data-end=\"490\"><strong data-start=\"431\" data-end=\"490\">Squat Stand Block - Squat ottimizzati con maggiore stabilit\u00e0<\/strong><\/h3>\n<p class=\"\" data-start=\"492\" data-end=\"868\">Il blocco per lo squat \u00e8 un ausilio indispensabile per l'allenamento dello squat. Allevia le articolazioni della schiena e delle caviglie e consente di ottimizzare la postura della parte superiore del corpo. L'elevazione stabile dei talloni da 10 mm a 50 mm circa migliora l'equilibrio della barra e aumenta notevolmente la stabilit\u00e0 durante il movimento di squat.<\/p>\n<p class=\"\" data-start=\"870\" data-end=\"1209\">Il blocco per squat \u00e8 adatto anche per l'esecuzione di squat eccentrici e pu\u00f2 essere utilizzato anche come bilanciere per i polpacci o come roll stop per i bilancieri. Il blocco \u00e8 realizzato in gomma solida infrangibile e garantisce un'elevata durata e una superficie di appoggio antiscivolo per una maggiore sicurezza.<\/p>\n<p class=\"\" data-start=\"1211\" data-end=\"1481\">Con dimensioni di 70 x 16 x 5 cm, il blocco \u00e8 versatile e offre una soluzione resistente e robusta per gli allenamenti intensivi. Un ausilio durevole e funzionale che fa la differenza durante l'allenamento.<\/p>\n<p class=\"\" data-start=\"1483\" data-end=\"1503\"><strong data-start=\"1483\" data-end=\"1503\">Nota: <\/strong>Prezzo per pezzo.<\/p>","protected":false},"excerpt":{"rendered":"<p>Lo Squat Stand Block ottimizza la postura durante l'allenamento per la flessione del ginocchio, allevia le tensioni sulla schiena e sulle caviglie e aumenta la stabilit\u00e0. I talloni possono essere sollevati da 10 mm a 50 mm. Il blocco in gomma piena infrangibile \u00e8 resistente e antiscivolo.<\/p>","protected":false},"featured_media":56232,"comment_status":"open","ping_status":"closed","template":"","meta":{"_acf_changed":false,"_gspb_post_css":""},"product_brand":[1000],"product_cat":[319],"product_tag":[],"class_list":{"0":"post-12796","1":"product","2":"type-product","3":"status-publish","4":"has-post-thumbnail","6":"product_brand-fitcom","7":"product_cat-fitness-zubehoer","8":"pa_artikel-pro-verkaufseinheit-1x","9":"pa_breite-16-cm","10":"pa_farbe-schwarz","11":"pa_fitness-zubehoertyp-weightlifting","12":"pa_gewicht-5-kg","13":"pa_hoehe-5-cm","14":"pa_laenge-70-cm","15":"pa_lieferumfang-1x-squat-stand-block","16":"pa_material-gummi","18":"first","19":"instock","20":"taxable","21":"shipping-taxable","22":"purchasable","23":"product-type-simple"},"bundled_by":[],"bundle_stock_status":"instock","bundle_stock_quantity":10,"bundle_virtual":false,"bundle_layout":"","bundle_add_to_cart_form_location":"","bundle_editable_in_cart":false,"bundle_sold_individually_context":"","bundle_item_grouping":"","bundle_min_size":"","bundle_max_size":"","bundle_price":[],"bundled_items":[],"bundle_sell_ids":[],"acf":[],"df_price":29,"df_sale_price":"","df_regular_price":29,"df_image_link":"https:\/\/www.fitness-flohmarkt.ch\/wp-content\/uploads\/Squat-Stand-Block-1-20250314-095506-300x300.png","_links":{"self":[{"href":"https:\/\/www.fitness-flohmarkt.ch\/it\/wp-json\/wp\/v2\/product\/12796","targetHints":{"allow":["GET"]}}],"collection":[{"href":"https:\/\/www.fitness-flohmarkt.ch\/it\/wp-json\/wp\/v2\/product"}],"about":[{"href":"https:\/\/www.fitness-flohmarkt.ch\/it\/wp-json\/wp\/v2\/types\/product"}],"replies":[{"embeddable":true,"href":"https:\/\/www.fitness-flohmarkt.ch\/it\/wp-json\/wp\/v2\/comments?post=12796"}],"wp:featuredmedia":[{"embeddable":true,"href":"https:\/\/www.fitness-flohmarkt.ch\/it\/wp-json\/wp\/v2\/media\/56232"}],"wp:attachment":[{"href":"https:\/\/www.fitness-flohmarkt.ch\/it\/wp-json\/wp\/v2\/media?parent=12796"}],"wp:term":[{"taxonomy":"product_brand","embeddable":true,"href":"https:\/\/www.fitness-flohmarkt.ch\/it\/wp-json\/wp\/v2\/product_brand?post=12796"},{"taxonomy":"product_cat","embeddable":true,"href":"https:\/\/www.fitness-flohmarkt.ch\/it\/wp-json\/wp\/v2\/product_cat?post=12796"},{"taxonomy":"product_tag","embeddable":true,"href":"https:\/\/www.fitness-flohmarkt.ch\/it\/wp-json\/wp\/v2\/product_tag?post=12796"}],"curies":[{"name":"wp","href":"https:\/\/api.w.org\/{rel}","templated":true}]}}