{"id":12699,"date":"2025-02-10T00:58:27","date_gmt":"2025-02-09T23:58:27","guid":{"rendered":"https:\/\/www2.fitness-flohmarkt.ch\/produkt\/aluminium-latzug-griff-kabelzug-premium\/"},"modified":"2026-04-20T13:30:09","modified_gmt":"2026-04-20T11:30:09","slug":"maniglia-di-trazione-in-alluminio-per-cavi-premium","status":"publish","type":"product","link":"https:\/\/www.fitness-flohmarkt.ch\/it\/produkt\/aluminium-latzug-griff-kabelzug-premium\/","title":{"rendered":"Maniglia in alluminio per lat pulldown a cavo | Premium"},"content":{"rendered":"<h3>Barra per trazioni cromata con snodo girevole - Robusta barra per trazioni per diverse varianti di presa<\/h3>\n<p class=\"\" data-start=\"298\" data-end=\"628\">La barra per lat pull-down cromata con giunto girevole integrato \u00e8 ideale per allenarsi sulla torre per pull-down a cavo. Con una larghezza di 123 cm e un diametro dell'impugnatura di 33 mm, consente diverse tecniche di presa - da quella stretta a quella larga - e quindi di sollecitare in modo mirato diverse aree della schiena.<\/p>\n<p class=\"\" data-start=\"630\" data-end=\"895\">Il giunto girevole riduce lo sforzo sui polsi e favorisce un'esecuzione pulita del movimento di trazione. Realizzata in qualit\u00e0 da studio, la sbarra pu\u00f2 sopportare carichi fino a 200 kg ed \u00e8 progettata per un allenamento intensivo della forza.<\/p>","protected":false},"excerpt":{"rendered":"<p>Barra di trazione cromata premium con snodo girevole integrato. Larghezza: 123 cm, diametro dell'impugnatura: 33 mm, portata fino a 200 kg. Design da studio di alta qualit\u00e0 per un allenamento efficace sulla torre a cavo.<\/p>","protected":false},"featured_media":56172,"comment_status":"open","ping_status":"closed","template":"","meta":{"_acf_changed":false,"_gspb_post_css":""},"product_brand":[1000],"product_cat":[815],"product_tag":[],"class_list":{"0":"post-12699","1":"product","2":"type-product","3":"status-publish","4":"has-post-thumbnail","6":"product_brand-fitcom","7":"product_cat-griffe-kabelzug","8":"pa_artikel-pro-verkaufseinheit-1x","9":"pa_breite-123-cm","10":"pa_ergonomischer-griff-nein","11":"pa_farbe-chrom","12":"pa_fitness-zubehoertyp-kabelzuggriff","13":"pa_griffdurchmesser-33-mm","14":"pa_griffweitenmarkierung-ja","15":"pa_hoehe-8-cm","16":"pa_lieferumfang-1x-kabelzuggriff","17":"pa_material-aluminium","19":"first","20":"instock","21":"taxable","22":"shipping-taxable","23":"purchasable","24":"product-type-simple"},"bundled_by":[],"bundle_stock_status":"instock","bundle_stock_quantity":33,"bundle_virtual":false,"bundle_layout":"","bundle_add_to_cart_form_location":"","bundle_editable_in_cart":false,"bundle_sold_individually_context":"","bundle_item_grouping":"","bundle_min_size":"","bundle_max_size":"","bundle_price":[],"bundled_items":[],"bundle_sell_ids":[],"acf":[],"df_price":45,"df_sale_price":"","df_regular_price":45,"df_image_link":"https:\/\/www.fitness-flohmarkt.ch\/wp-content\/uploads\/Aluminium-Latzug-Griff-1-20250314-095436-300x300.png","_links":{"self":[{"href":"https:\/\/www.fitness-flohmarkt.ch\/it\/wp-json\/wp\/v2\/product\/12699","targetHints":{"allow":["GET"]}}],"collection":[{"href":"https:\/\/www.fitness-flohmarkt.ch\/it\/wp-json\/wp\/v2\/product"}],"about":[{"href":"https:\/\/www.fitness-flohmarkt.ch\/it\/wp-json\/wp\/v2\/types\/product"}],"replies":[{"embeddable":true,"href":"https:\/\/www.fitness-flohmarkt.ch\/it\/wp-json\/wp\/v2\/comments?post=12699"}],"wp:featuredmedia":[{"embeddable":true,"href":"https:\/\/www.fitness-flohmarkt.ch\/it\/wp-json\/wp\/v2\/media\/56172"}],"wp:attachment":[{"href":"https:\/\/www.fitness-flohmarkt.ch\/it\/wp-json\/wp\/v2\/media?parent=12699"}],"wp:term":[{"taxonomy":"product_brand","embeddable":true,"href":"https:\/\/www.fitness-flohmarkt.ch\/it\/wp-json\/wp\/v2\/product_brand?post=12699"},{"taxonomy":"product_cat","embeddable":true,"href":"https:\/\/www.fitness-flohmarkt.ch\/it\/wp-json\/wp\/v2\/product_cat?post=12699"},{"taxonomy":"product_tag","embeddable":true,"href":"https:\/\/www.fitness-flohmarkt.ch\/it\/wp-json\/wp\/v2\/product_tag?post=12699"}],"curies":[{"name":"wp","href":"https:\/\/api.w.org\/{rel}","templated":true}]}}