{"id":1170,"date":"2025-01-04T17:25:07","date_gmt":"2025-01-04T16:25:07","guid":{"rendered":"https:\/\/www2.fitness-flohmarkt.ch\/produkt\/verstellbare-kurzhantel-24-kg\/"},"modified":"2026-04-26T10:10:11","modified_gmt":"2026-04-26T08:10:11","slug":"manubrio-regolabile-24-kg-manubri-regolabili","status":"publish","type":"product","link":"https:\/\/www.fitness-flohmarkt.ch\/it\/produkt\/adjustable-dumbbell-24-kg-verstellbare-kurzhanteln\/","title":{"rendered":"Manubrio regolabile 24 kg | Manubrio regolabile"},"content":{"rendered":"<h3>Manubrio regolabile con 15 livelli di peso - robusto, compatto e flessibile da 2,5 a 24 kg<\/h3>\n<p>Il manubrio regolabile con una gamma di pesi da 2,5 a 24 kg \u00e8 un dispositivo di allenamento estremamente robusto e durevole per gli amanti degli sport di forza. Con un totale di 15 livelli regolabili, consente una regolazione flessibile del peso. I livelli di peso sono i seguenti: 2,5, 3,5, 4,5, 5,5, 6,5, 8, 9, 10, 11,5, 13,5, 16, 18, 20,5, 22,5 e 24 kg.<\/p>\n<p>Il peso viene regolato ruotando il meccanismo di regolazione su entrambe le estremit\u00e0 del bilanciere. Questo meccanismo \u00e8 progettato per bloccarsi in modo sicuro e stabile per evitare di scivolare durante l'allenamento. A seconda della direzione di rotazione e della posizione della ruota, le piastre di peso vengono aggiunte o rimosse per ottenere il peso desiderato. L'impugnatura ergonomica garantisce una posizione ottimale della mano, riducendo la tensione di polsi e avambracci. L'impugnatura cromata e l'uso di materiali di alta qualit\u00e0 rendono il manubrio particolarmente robusto e resistente all'usura.<\/p>\n<p>Un altro vantaggio di questo manubrio \u00e8 il suo design compatto e salvaspazio. Grazie al sistema di pesi regolabili, risparmi spazio e denaro: il manubrio regolabile sostituisce 15 manubri separati ed \u00e8 perfetto per allenarsi a casa o in piccole palestre.<\/p>\n<p>Il manubrio regolabile pu\u00f2 essere utilizzato per una serie di esercizi, tra cui riccioli per bicipiti, pressioni per tricipiti, pressioni per le spalle, pressioni su panca, vogatore, affondi, deadlift e molti altri. Grazie alla regolazione flessibile del peso, \u00e8 possibile eseguire esercizi per gruppi muscolari isolati o per tutto il corpo. Il manubrio \u00e8 adatto per l'allenamento della forza, il potenziamento muscolare, il fitness e la resistenza, nonch\u00e9 per gli esercizi di riabilitazione e fisioterapia. I diversi livelli di peso offrono ai principianti e agli utenti esperti l'opportunit\u00e0 di personalizzare l'allenamento e di aumentare gradualmente la resistenza. Dagli esercizi di base alle sequenze di movimenti complessi, il manubrio regolabile consente un allenamento versatile ed efficace per tutto il corpo.<\/p>\n<p><strong>Nota:<\/strong> \u00c8 incluso solo un manubrio regolabile. Il supporto non \u00e8 incluso.<\/p>\n<p><strong>Supporto compatibile:<\/strong><br \/>\n- Manubri regolabili Stand Codice articolo: F-72381<\/p>","protected":false},"excerpt":{"rendered":"<p>Il manubrio regolabile con una gamma di peso da 2,5 a 24 kg \u00e8 un robusto dispositivo di allenamento con 15 livelli regolabili. Il peso viene regolato ruotando il meccanismo di regolazione su entrambe le estremit\u00e0 del manubrio. L'impugnatura ergonomica riduce le sollecitazioni su polsi e avambracci. Il design compatto consente di risparmiare spazio e denaro. Utilizzo versatile per diversi esercizi e obiettivi di allenamento.<\/p>","protected":false},"featured_media":9047047,"comment_status":"closed","ping_status":"closed","template":"","meta":{"_acf_changed":false,"_gspb_post_css":""},"product_brand":[1000],"product_cat":[343,302],"product_tag":[91],"class_list":{"0":"post-1170","1":"product","2":"type-product","3":"status-publish","4":"has-post-thumbnail","6":"product_brand-fitcom","7":"product_cat-heimgebrauch","8":"product_cat-kompakthanteln","9":"product_tag-verstellbar","10":"pa_anzahl-hanteln-1x","11":"pa_artikel-pro-verkaufseinheit-1x","12":"pa_breite-21-cm","13":"pa_ergonomischer-griff-ja","14":"pa_farbe-schwarz","15":"pa_gewicht-24-kg","16":"pa_griffdurchmesser-35-mm","17":"pa_griffinnenmass-12-5-cm","18":"pa_griffumfang-110-mm","19":"pa_hanteltyp-kurzhantel-verstellbar","20":"pa_hoehe-20-5-cm","21":"pa_kernmaterial-stahl","22":"pa_laenge-42-cm","23":"pa_lieferumfang-1x-hantel","24":"pa_max-gewicht-24-kg","25":"pa_min-gewicht-2-5-kg","26":"pa_oberflaeche-kunststoff","27":"pa_verstellbar-ja","29":"first","30":"instock","31":"taxable","32":"shipping-taxable","33":"purchasable","34":"product-type-simple"},"bundled_by":["9028995"],"bundle_stock_status":"instock","bundle_stock_quantity":11,"bundle_virtual":false,"bundle_layout":"","bundle_add_to_cart_form_location":"","bundle_editable_in_cart":false,"bundle_sold_individually_context":"","bundle_item_grouping":"","bundle_min_size":"","bundle_max_size":"","bundle_price":[],"bundled_items":[],"bundle_sell_ids":[],"acf":[],"df_price":125,"df_sale_price":"","df_regular_price":125,"df_image_link":"https:\/\/www.fitness-flohmarkt.ch\/wp-content\/uploads\/F-21645_Verstellbare-Kurzhantel-24-kg_0-20250922-111017-300x300.jpg","_links":{"self":[{"href":"https:\/\/www.fitness-flohmarkt.ch\/it\/wp-json\/wp\/v2\/product\/1170","targetHints":{"allow":["GET"]}}],"collection":[{"href":"https:\/\/www.fitness-flohmarkt.ch\/it\/wp-json\/wp\/v2\/product"}],"about":[{"href":"https:\/\/www.fitness-flohmarkt.ch\/it\/wp-json\/wp\/v2\/types\/product"}],"replies":[{"embeddable":true,"href":"https:\/\/www.fitness-flohmarkt.ch\/it\/wp-json\/wp\/v2\/comments?post=1170"}],"wp:featuredmedia":[{"embeddable":true,"href":"https:\/\/www.fitness-flohmarkt.ch\/it\/wp-json\/wp\/v2\/media\/9047047"}],"wp:attachment":[{"href":"https:\/\/www.fitness-flohmarkt.ch\/it\/wp-json\/wp\/v2\/media?parent=1170"}],"wp:term":[{"taxonomy":"product_brand","embeddable":true,"href":"https:\/\/www.fitness-flohmarkt.ch\/it\/wp-json\/wp\/v2\/product_brand?post=1170"},{"taxonomy":"product_cat","embeddable":true,"href":"https:\/\/www.fitness-flohmarkt.ch\/it\/wp-json\/wp\/v2\/product_cat?post=1170"},{"taxonomy":"product_tag","embeddable":true,"href":"https:\/\/www.fitness-flohmarkt.ch\/it\/wp-json\/wp\/v2\/product_tag?post=1170"}],"curies":[{"name":"wp","href":"https:\/\/api.w.org\/{rel}","templated":true}]}}