{"id":11532,"date":"2025-02-10T00:51:05","date_gmt":"2025-02-09T23:51:05","guid":{"rendered":"https:\/\/www2.fitness-flohmarkt.ch\/produkt\/gymnastikmatte-nbr-fitness-matte\/"},"modified":"2026-04-20T15:33:25","modified_gmt":"2026-04-20T13:33:25","slug":"tappetino-da-ginnastica-nbr-tappetino-fitness","status":"publish","type":"product","link":"https:\/\/www.fitness-flohmarkt.ch\/it\/produkt\/gymnastikmatte-nbr-fitness-matte\/","title":{"rendered":"Tappeto da ginnastica NBR | Tappeto fitness"},"content":{"rendered":"<h3 class=\"\" data-start=\"119\" data-end=\"185\"><strong data-start=\"123\" data-end=\"185\">Tappeto da ginnastica NBR - Tappeto da allenamento con occhielli e cinghia di trasporto<\/strong><\/h3>\n<p class=\"\" data-start=\"253\" data-end=\"518\">Il tappetino da ginnastica in NBR con uno spessore di 15 mm offre una base stabile e confortevole per l'allenamento grazie alla schiuma ad alta densit\u00e0. La superficie antiscivolo garantisce una presa sicura e favorisce un movimento controllato.<\/p>\n<p class=\"\" data-start=\"520\" data-end=\"838\">L'NBR (gomma nitrile butadiene) \u00e8 spesso utilizzato in ambito sportivo per tappetini da allenamento e coperture per impugnature, in quanto \u00e8 morbido, antiscivolo e facile da pulire. Il materiale \u00e8 anche idrorepellente, insensibile all'umidit\u00e0 e ha un'elevata resistenza allo strappo e all'abrasione.<\/p>\n<p class=\"\" data-start=\"840\" data-end=\"1075\">Dotato di occhielli per il montaggio a parete e di una cinghia per un facile trasporto. Il tappetino misura 180 \u00d7 60 cm ed \u00e8 caratterizzato da uno spessore superiore alla media, che garantisce un livello di comfort particolarmente elevato per l'allenamento.<\/p>\n<p data-start=\"840\" data-end=\"1075\"><strong>Nota:<\/strong> La staffa a muro non \u00e8 inclusa nella fornitura.<\/p>","protected":false},"excerpt":{"rendered":"<p>Tappeto da ginnastica in NBR di 15 mm di spessore con superficie antiscivolo ed elevata resistenza allo strappo. Morbido, idrorepellente e facile da pulire. Include occhielli e cinghia di trasporto. Dimensioni: 180 \u00d7 60 \u00d7 1,5 cm.<\/p>","protected":false},"featured_media":55944,"comment_status":"open","ping_status":"closed","template":"","meta":{"_acf_changed":false,"_gspb_post_css":""},"product_brand":[1000],"product_cat":[814],"product_tag":[],"class_list":{"0":"post-11532","1":"product","2":"type-product","3":"status-publish","4":"has-post-thumbnail","6":"product_brand-fitcom","7":"product_cat-yogamatte","8":"pa_artikel-pro-verkaufseinheit-1x","9":"pa_breite-60-cm","10":"pa_dicke-15-mm","11":"pa_farbe-grau","12":"pa_laenge-180-cm","13":"pa_lieferumfang-1x-gymnastikmatte","14":"pa_material-nbr-nitril-butadien-kautschuk","15":"pa_mattentyp-fitnessmatte","17":"first","18":"outofstock","19":"taxable","20":"shipping-taxable","21":"purchasable","22":"product-type-simple"},"bundled_by":[],"bundle_stock_status":"outofstock","bundle_stock_quantity":0,"bundle_virtual":false,"bundle_layout":"","bundle_add_to_cart_form_location":"","bundle_editable_in_cart":false,"bundle_sold_individually_context":"","bundle_item_grouping":"","bundle_min_size":"","bundle_max_size":"","bundle_price":[],"bundled_items":[],"bundle_sell_ids":[],"acf":[],"df_price":19,"df_sale_price":15,"df_regular_price":19,"df_image_link":"https:\/\/www.fitness-flohmarkt.ch\/wp-content\/uploads\/Gymnastikmatte-NBR-1-scaled-1-20250314-095203-300x300.jpg","_links":{"self":[{"href":"https:\/\/www.fitness-flohmarkt.ch\/it\/wp-json\/wp\/v2\/product\/11532","targetHints":{"allow":["GET"]}}],"collection":[{"href":"https:\/\/www.fitness-flohmarkt.ch\/it\/wp-json\/wp\/v2\/product"}],"about":[{"href":"https:\/\/www.fitness-flohmarkt.ch\/it\/wp-json\/wp\/v2\/types\/product"}],"replies":[{"embeddable":true,"href":"https:\/\/www.fitness-flohmarkt.ch\/it\/wp-json\/wp\/v2\/comments?post=11532"}],"wp:featuredmedia":[{"embeddable":true,"href":"https:\/\/www.fitness-flohmarkt.ch\/it\/wp-json\/wp\/v2\/media\/55944"}],"wp:attachment":[{"href":"https:\/\/www.fitness-flohmarkt.ch\/it\/wp-json\/wp\/v2\/media?parent=11532"}],"wp:term":[{"taxonomy":"product_brand","embeddable":true,"href":"https:\/\/www.fitness-flohmarkt.ch\/it\/wp-json\/wp\/v2\/product_brand?post=11532"},{"taxonomy":"product_cat","embeddable":true,"href":"https:\/\/www.fitness-flohmarkt.ch\/it\/wp-json\/wp\/v2\/product_cat?post=11532"},{"taxonomy":"product_tag","embeddable":true,"href":"https:\/\/www.fitness-flohmarkt.ch\/it\/wp-json\/wp\/v2\/product_tag?post=11532"}],"curies":[{"name":"wp","href":"https:\/\/api.w.org\/{rel}","templated":true}]}}