{"id":6006,"date":"2025-02-06T13:34:53","date_gmt":"2025-02-06T12:34:53","guid":{"rendered":"https:\/\/www2.fitness-flohmarkt.ch\/?page_id=6006"},"modified":"2025-04-04T17:02:03","modified_gmt":"2025-04-04T15:02:03","slug":"faq","status":"publish","type":"page","link":"https:\/\/www.fitness-flohmarkt.ch\/it\/faq\/","title":{"rendered":"FAQ"},"content":{"rendered":"<h3 id=\"gspb_heading-id-gsbp-bedba60\" class=\"gspb_heading gspb_heading-id-gsbp-bedba60\">ordine<\/h3>\n\n\n\n<div class=\"wp-block-greenshift-blocks-accordion gs-accordion gspb_accordion-id-gsbp-b52b16c\" id=\"gspb_accordion-id-gsbp-b52b16c\" >\n<div class=\"wp-block-greenshift-blocks-accordionitem gs-accordion-item gspb_accordionitem-gsbp-025a275 gsclose\" id=\"gspb_accordionitem-gsbp-025a275\" itemscope><div id=\"gs-trigger-gsbp-b52b16c-0\" class=\"gs-accordion-item__title\" aria-expanded=\"false\" role=\"button\" tabindex=\"0\" aria-controls=\"gspb-accordion-item-content-gsbp-025a275\"><div class=\"gs-accordion-item__heading\"><strong>Posso prenotare in anticipo gli articoli che desidero acquistare?\u00a0<\/strong><\/div><meta itemprop=\"name\" content=\"<strong&gt;Kann ich Artikel, die ich gerne kaufen w\u00fcrde, vorab reservieren?\u00a0<\/strong&gt;\"\/><span class=\"iconfortoggle\"><span class=\"gs-iconbefore\"><\/span><span class=\"gs-iconafter\"><\/span><\/span><\/div><div aria-labelledby=\"gs-trigger-gsbp-b52b16c-0\" class=\"gs-accordion-item__content\" itemscope id=\"gspb-accordion-item-content-gsbp-025a275\" ><div class=\"gs-accordion-item__text\" itemprop=\"text\">\n<p>Purtroppo non \u00e8 possibile prenotare: chi prima arriva, meglio alloggia. Purtroppo non possiamo accettare prenotazioni anticipate.<\/p>\n\n\n\n<div class=\"wp-block-greenshift-blocks-infobox gspb_infoBox gspb_infoBox-id-gsbp-a4359bf\" id=\"gspb_infoBox-id-gsbp-a4359bf\"><div class=\"gs-box update_type\"><div class=\"gs-box-icon\"><\/div><div class=\"gs-box-text\">\n<p>Suggerimento: per ogni articolo esaurito, puoi inserire il tuo indirizzo e-mail direttamente sulla nostra homepage. Non appena l'articolo sar\u00e0 nuovamente disponibile, riceverai automaticamente un'e-mail.<\/p>\n<\/div><\/div><\/div>\n<\/div><\/div><\/div>\n<\/div>\n\n\n\n<div class=\"wp-block-greenshift-blocks-accordion gs-accordion gspb_accordion-id-gsbp-5966419\" id=\"gspb_accordion-id-gsbp-5966419\" >\n<div class=\"wp-block-greenshift-blocks-accordionitem gs-accordion-item gspb_accordionitem-gsbp-ac4c239 gsclose\" id=\"gspb_accordionitem-gsbp-ac4c239\" itemscope><div id=\"gs-trigger-gsbp-5966419-0\" class=\"gs-accordion-item__title\" aria-expanded=\"false\" role=\"button\" tabindex=\"0\" aria-controls=\"gspb-accordion-item-content-gsbp-ac4c239\"><div class=\"gs-accordion-item__heading\"><strong><strong>\u00c8 possibile acquistare in loco?\u00a0<\/strong><\/strong><\/div><meta itemprop=\"name\" content=\"<strong&gt;<strong&gt;Ist ein Einkauf vor Ort m\u00f6glich?\u00a0<\/strong&gt;<\/strong&gt;\"\/><span class=\"iconfortoggle\"><span class=\"gs-iconbefore\"><\/span><span class=\"gs-iconafter\"><\/span><\/span><\/div><div aria-labelledby=\"gs-trigger-gsbp-5966419-0\" class=\"gs-accordion-item__content\" itemscope id=\"gspb-accordion-item-content-gsbp-ac4c239\" ><div class=\"gs-accordion-item__text\" itemprop=\"text\">\n<p>Al momento non \u00e8 possibile acquistare da noi in loco.<\/p>\n<\/div><\/div><\/div>\n<\/div>\n\n\n\n<h3 id=\"gspb_heading-id-gsbp-2769901\" class=\"gspb_heading gspb_heading-id-gsbp-2769901\">consegna<\/h3>\n\n\n\n<div class=\"wp-block-greenshift-blocks-accordion gs-accordion gspb_accordion-id-gsbp-eb216d1\" id=\"gspb_accordion-id-gsbp-eb216d1\" >\n<div class=\"wp-block-greenshift-blocks-accordionitem gs-accordion-item gspb_accordionitem-gsbp-950a37f gsclose\" id=\"gspb_accordionitem-gsbp-950a37f\" itemscope><div id=\"gs-trigger-gsbp-eb216d1-0\" class=\"gs-accordion-item__title\" aria-expanded=\"false\" role=\"button\" tabindex=\"0\" aria-controls=\"gspb-accordion-item-content-gsbp-950a37f\"><div class=\"gs-accordion-item__heading\"><strong><strong>Come posso sapere quando il mio ordine \u00e8 stato spedito? Dove posso vedere il codice di spedizione postale?\u00a0<\/strong><\/strong><\/div><meta itemprop=\"name\" content=\"<strong&gt;<strong&gt;Wie erfahre ich, wann meine Bestellung versendet worden ist? Wo sehe ich den Post-Trackingcode?\u00a0<\/strong&gt;<\/strong&gt;\"\/><span class=\"iconfortoggle\"><span class=\"gs-iconbefore\"><\/span><span class=\"gs-iconafter\"><\/span><\/span><\/div><div aria-labelledby=\"gs-trigger-gsbp-eb216d1-0\" class=\"gs-accordion-item__content\" itemscope id=\"gspb-accordion-item-content-gsbp-950a37f\" ><div class=\"gs-accordion-item__text\" itemprop=\"text\">\n<p>Puoi visualizzare lo stato attuale del tuo ordine e i codici di tracciamento in qualsiasi momento nel tuo account utente su Fitness-Flohmarkt.ch.<\/p>\n<\/div><\/div><\/div>\n<\/div>\n\n\n\n<div class=\"wp-block-greenshift-blocks-accordion gs-accordion gspb_accordion-id-gsbp-07b4543\" id=\"gspb_accordion-id-gsbp-07b4543\" >\n<div class=\"wp-block-greenshift-blocks-accordionitem gs-accordion-item gspb_accordionitem-gsbp-e61457c gsclose\" id=\"gspb_accordionitem-gsbp-e61457c\" itemscope><div id=\"gs-trigger-gsbp-07b4543-0\" class=\"gs-accordion-item__title\" aria-expanded=\"false\" role=\"button\" tabindex=\"0\" aria-controls=\"gspb-accordion-item-content-gsbp-e61457c\"><div class=\"gs-accordion-item__heading\"><strong><strong><strong>Il mio ordine \u00e8 stato consegnato, ma la consegna non \u00e8 completa. Cosa devo fare?\u00a0<\/strong><\/strong><\/strong><\/div><meta itemprop=\"name\" content=\"<strong&gt;<strong&gt;<strong&gt;Meine Bestellung wurde geliefert, jedoch ist die Lieferung nicht vollst\u00e4ndig. Wie muss ich vorgehen?\u00a0<\/strong&gt;<\/strong&gt;<\/strong&gt;\"\/><span class=\"iconfortoggle\"><span class=\"gs-iconbefore\"><\/span><span class=\"gs-iconafter\"><\/span><\/span><\/div><div aria-labelledby=\"gs-trigger-gsbp-07b4543-0\" class=\"gs-accordion-item__content\" itemscope id=\"gspb-accordion-item-content-gsbp-e61457c\" ><div class=\"gs-accordion-item__text\" itemprop=\"text\">\n<p>Purtroppo abbiamo spesso questo problema: spediamo tutti i pacchi con la Posta Svizzera. Questa permette un peso massimo di 30 kg per pacco, quindi spesso dobbiamo fare pi\u00f9 pacchi per un ordine. Allo stesso tempo, una spedizione PostPac Priority (posta A) viene solitamente consegnata il giorno lavorativo successivo, ma non \u00e8 detto.&nbsp;<\/p>\n\n\n\n<p>Per farla breve: una parte del tuo pacco \u00e8 probabilmente ancora in viaggio e dovrebbe arrivare entro le prossime 48 ore. Se cos\u00ec non fosse, contattaci di nuovo.<\/p>\n<\/div><\/div><\/div>\n\n\n\n<div class=\"wp-block-greenshift-blocks-accordionitem gs-accordion-item gspb_accordionitem-gsbp-da9d975 gsclose\" id=\"gspb_accordionitem-gsbp-da9d975\" itemscope><div id=\"gs-trigger-gsbp-07b4543-1\" class=\"gs-accordion-item__title\" aria-expanded=\"false\" role=\"button\" tabindex=\"0\" aria-controls=\"gspb-accordion-item-content-gsbp-da9d975\"><div class=\"gs-accordion-item__heading\"><strong><strong><strong>Il mio ordine non \u00e8 stato consegnato o \u00e8 arrivato difettoso. Cosa devo fare?\u00a0<\/strong><\/strong><\/strong><\/div><meta itemprop=\"name\" content=\"<strong&gt;<strong&gt;<strong&gt;Meine Bestellung wurde nicht geliefert oder ist defekt angekommen. Was muss ich tun?\u00a0<\/strong&gt;<\/strong&gt;<\/strong&gt;\"\/><span class=\"iconfortoggle\"><span class=\"gs-iconbefore\"><\/span><span class=\"gs-iconafter\"><\/span><\/span><\/div><div aria-labelledby=\"gs-trigger-gsbp-07b4543-1\" class=\"gs-accordion-item__content\" itemscope id=\"gspb-accordion-item-content-gsbp-da9d975\" ><div class=\"gs-accordion-item__text\" itemprop=\"text\">\n<p>Se il tuo ordine non \u00e8 arrivato dopo 4 giorni lavorativi o se la merce \u00e8 arrivata danneggiata, contattaci immediatamente. La merce smarrita o danneggiata inviata dalle poste deve essere segnalata entro 8 giorni. In caso contrario, la responsabilit\u00e0 dell'ufficio postale decade e purtroppo non possiamo prendere ulteriori provvedimenti. Tuttavia, questo vale solo se la merce \u00e8 stata chiaramente danneggiata durante la spedizione.<\/p>\n<\/div><\/div><\/div>\n<\/div>\n\n\n\n<h3 id=\"gspb_heading-id-gsbp-443e202\" class=\"gspb_heading gspb_heading-id-gsbp-443e202\">Assistenza<\/h3>\n\n\n\n<div class=\"wp-block-greenshift-blocks-accordion gs-accordion gspb_accordion-id-gsbp-79b68fe\" id=\"gspb_accordion-id-gsbp-79b68fe\" >\n<div class=\"wp-block-greenshift-blocks-accordionitem gs-accordion-item gspb_accordionitem-gsbp-587aaec gsclose\" id=\"gspb_accordionitem-gsbp-587aaec\" itemscope><div id=\"gs-trigger-gsbp-79b68fe-0\" class=\"gs-accordion-item__title\" aria-expanded=\"false\" role=\"button\" tabindex=\"0\" aria-controls=\"gspb-accordion-item-content-gsbp-587aaec\"><div class=\"gs-accordion-item__heading\"><strong><strong><strong><strong>Posso restituire un articolo se non mi serve pi\u00f9?\u00a0<\/strong><\/strong><\/strong><\/strong><\/div><meta itemprop=\"name\" content=\"<strong&gt;<strong&gt;<strong&gt;<strong&gt;Kann ich einen Artikel zur\u00fcckgeben, wenn ich ihn nun doch nicht mehr ben\u00f6tige?\u00a0<\/strong&gt;<\/strong&gt;<\/strong&gt;<\/strong&gt;\"\/><span class=\"iconfortoggle\"><span class=\"gs-iconbefore\"><\/span><span class=\"gs-iconafter\"><\/span><\/span><\/div><div aria-labelledby=\"gs-trigger-gsbp-79b68fe-0\" class=\"gs-accordion-item__content\" itemscope id=\"gspb-accordion-item-content-gsbp-587aaec\" ><div class=\"gs-accordion-item__text\" itemprop=\"text\">\n<p>Poich\u00e9 vendiamo prodotti nuovi, ma anche rimanenze di magazzino e articoli di seconda mano e lavoriamo in modo molto semplificato nella nostra struttura (PMI), dobbiamo limitare notevolmente il nostro quadro amministrativo: solo cos\u00ec possiamo offrire prezzi imbattibili (in tutta Europa) e rendere la nostra attivit\u00e0 redditizia. Per questo motivo, purtroppo, non possiamo accettare resi o cambi di merce a meno che non sia colpa nostra (consegna errata, merce difettosa, ecc.).<\/p>\n<\/div><\/div><\/div>\n\n\n\n<div class=\"wp-block-greenshift-blocks-accordionitem gs-accordion-item gspb_accordionitem-gsbp-22fdfa1 gsclose\" id=\"gspb_accordionitem-gsbp-22fdfa1\" itemscope><div id=\"gs-trigger-gsbp-79b68fe-1\" class=\"gs-accordion-item__title\" aria-expanded=\"false\" role=\"button\" tabindex=\"0\" aria-controls=\"gspb-accordion-item-content-gsbp-22fdfa1\"><div class=\"gs-accordion-item__heading\"><strong><strong><strong><strong>Un articolo \u00e8 incompleto, presenta dei difetti o \u00e8 difettoso: cosa devo fare?<\/strong><\/strong><\/strong><\/strong><\/div><meta itemprop=\"name\" content=\"<strong&gt;<strong&gt;<strong&gt;<strong&gt;Ein Artikel ist unvollst\u00e4ndig, hat M\u00e4ngel oder ist defekt \u2013 Wie soll ich vorgehen?<\/strong&gt;<\/strong&gt;<\/strong&gt;<\/strong&gt;\"\/><span class=\"iconfortoggle\"><span class=\"gs-iconbefore\"><\/span><span class=\"gs-iconafter\"><\/span><\/span><\/div><div aria-labelledby=\"gs-trigger-gsbp-79b68fe-1\" class=\"gs-accordion-item__content\" itemscope id=\"gspb-accordion-item-content-gsbp-22fdfa1\" ><div class=\"gs-accordion-item__text\" itemprop=\"text\">\n<p>Pu\u00f2 sempre capitare che un articolo presenti dei difetti, sia incompleto o si sia danneggiato pi\u00f9 rapidamente del previsto. Se questo \u00e8 il tuo caso e non si tratta di un difetto di spedizione, contattaci immediatamente. Inviaci semplicemente le foto della merce danneggiata insieme al numero d'ordine, in modo che possiamo trovare rapidamente una soluzione.<\/p>\n<\/div><\/div><\/div>\n<\/div>\n\n\n\n<p><\/p>","protected":false},"excerpt":{"rendered":"","protected":false},"author":1,"featured_media":0,"parent":0,"menu_order":0,"comment_status":"closed","ping_status":"closed","template":"","meta":{"_acf_changed":false,"_gspb_post_css":"#gspb_accordion-id-gsbp-b52b16c .gs-accordion-item.gsclose>.gs-accordion-item__content{overflow:hidden;opacity:0}#gspb_accordion-id-gsbp-b52b16c .gs-accordion-item.gsopen>.gs-accordion-item__content{opacity:1;max-height:5000px}#gspb_accordion-id-gsbp-b52b16c .gs-accordion-item>.gs-accordion-item__title>.gs-accordion-item__heading{outline:0;text-decoration:none;margin:0!important;padding:0!important;flex-grow:1}#gspb_accordion-id-gsbp-b52b16c .gs-accordion-item>.gs-accordion-item__title{z-index:1;margin:0;cursor:pointer;transition:all .3s ease-in-out;position:relative;display:flex;justify-content:space-between;align-items:center;flex-wrap:nowrap}#gspb_accordion-id-gsbp-b52b16c .gs-accordion-item>.gs-accordion-item__content{z-index:0;position:relative;max-height:0;will-change:max-height;transition:all .25s ease-out}#gspb_accordion-id-gsbp-b52b16c .gs-accordion-item>.gs-accordion-item__title{background-color:#f9f9f9;border-style:solid;border-width:1px;border-color:#00000012}#gspb_accordion-id-gsbp-b52b16c .gs-accordion-item>.gs-accordion-item__content{background-color:#fff;border-style:solid;border-width:1px;border-color:#00000000 #00000012 #00000012}#gspb_accordion-id-gsbp-b52b16c .gs-accordion-item>.gs-accordion-item__title span.iconfortoggle{margin-left:15px;display:inline-block;height:14px;width:14px;position:relative}#gspb_accordion-id-gsbp-07b4543 .gs-accordion-item,#gspb_accordion-id-gsbp-5966419 .gs-accordion-item,#gspb_accordion-id-gsbp-79b68fe .gs-accordion-item,#gspb_accordion-id-gsbp-b52b16c .gs-accordion-item,#gspb_accordion-id-gsbp-eb216d1 .gs-accordion-item{margin-bottom:10px}#gspb_accordion-id-gsbp-b52b16c .gs-accordion-item>.gs-accordion-item__content>.gs-accordion-item__text,#gspb_accordion-id-gsbp-b52b16c .gs-accordion-item>.gs-accordion-item__title{padding:15px 20px}.gs-accordion .gs-accordion-item.gsopen .gs-accordion-item__title .gs-iconafter{transform:rotate(0)}.gs-box{padding:20px;border-left:5px solid transparent;margin-bottom:25px}.gs-box-text>p{margin-bottom:20px;margin-top:0}.gs-box-text>p:last-of-type{margin-bottom:0}.gs-box.update_type{color:#004458;background-color:#d9edf7;border:1px solid #bce8f1}#gspb_accordion-id-gsbp-5966419 .gs-accordion-item.gsclose>.gs-accordion-item__content{overflow:hidden;opacity:0}#gspb_accordion-id-gsbp-5966419 .gs-accordion-item.gsopen>.gs-accordion-item__content{opacity:1;max-height:5000px}#gspb_accordion-id-gsbp-5966419 .gs-accordion-item>.gs-accordion-item__title>.gs-accordion-item__heading{outline:0;text-decoration:none;margin:0!important;padding:0!important;flex-grow:1}#gspb_accordion-id-gsbp-5966419 .gs-accordion-item>.gs-accordion-item__title{z-index:1;margin:0;cursor:pointer;transition:all .3s ease-in-out;position:relative;display:flex;justify-content:space-between;align-items:center;flex-wrap:nowrap}#gspb_accordion-id-gsbp-5966419 .gs-accordion-item>.gs-accordion-item__content{z-index:0;position:relative;max-height:0;will-change:max-height;transition:all .25s ease-out}#gspb_accordion-id-gsbp-5966419 .gs-accordion-item>.gs-accordion-item__title{background-color:#f9f9f9;border-style:solid;border-width:1px;border-color:#00000012}#gspb_accordion-id-gsbp-5966419 .gs-accordion-item>.gs-accordion-item__content{background-color:#fff;border-style:solid;border-width:1px;border-color:#00000000 #00000012 #00000012}#gspb_accordion-id-gsbp-5966419 .gs-accordion-item>.gs-accordion-item__content>.gs-accordion-item__text,#gspb_accordion-id-gsbp-5966419 .gs-accordion-item>.gs-accordion-item__title{padding:15px 20px}#gspb_accordion-id-gsbp-eb216d1 .gs-accordion-item.gsclose>.gs-accordion-item__content{overflow:hidden;opacity:0}#gspb_accordion-id-gsbp-eb216d1 .gs-accordion-item.gsopen>.gs-accordion-item__content{opacity:1;max-height:5000px}#gspb_accordion-id-gsbp-eb216d1 .gs-accordion-item>.gs-accordion-item__title>.gs-accordion-item__heading{outline:0;text-decoration:none;margin:0!important;padding:0!important;flex-grow:1}#gspb_accordion-id-gsbp-eb216d1 .gs-accordion-item>.gs-accordion-item__title{z-index:1;margin:0;cursor:pointer;transition:all .3s ease-in-out;position:relative;display:flex;justify-content:space-between;align-items:center;flex-wrap:nowrap}#gspb_accordion-id-gsbp-eb216d1 .gs-accordion-item>.gs-accordion-item__content{z-index:0;position:relative;max-height:0;will-change:max-height;transition:all .25s ease-out}#gspb_accordion-id-gsbp-eb216d1 .gs-accordion-item>.gs-accordion-item__title{background-color:#f9f9f9;border-style:solid;border-width:1px;border-color:#00000012}#gspb_accordion-id-gsbp-eb216d1 .gs-accordion-item>.gs-accordion-item__content{background-color:#fff;border-style:solid;border-width:1px;border-color:#00000000 #00000012 #00000012}#gspb_accordion-id-gsbp-5966419 .gs-accordion-item>.gs-accordion-item__title span.iconfortoggle,#gspb_accordion-id-gsbp-eb216d1 .gs-accordion-item>.gs-accordion-item__title span.iconfortoggle{margin-left:15px;display:inline-block;height:14px;width:14px;position:relative}#gspb_accordion-id-gsbp-eb216d1 .gs-accordion-item>.gs-accordion-item__content>.gs-accordion-item__text,#gspb_accordion-id-gsbp-eb216d1 .gs-accordion-item>.gs-accordion-item__title{padding:15px 20px}#gspb_accordion-id-gsbp-07b4543 .gs-accordion-item.gsclose>.gs-accordion-item__content{overflow:hidden;opacity:0}#gspb_accordion-id-gsbp-07b4543 .gs-accordion-item.gsopen>.gs-accordion-item__content{opacity:1;max-height:5000px}#gspb_accordion-id-gsbp-07b4543 .gs-accordion-item>.gs-accordion-item__title>.gs-accordion-item__heading{outline:0;text-decoration:none;margin:0!important;padding:0!important;flex-grow:1}#gspb_accordion-id-gsbp-07b4543 .gs-accordion-item>.gs-accordion-item__title{z-index:1;margin:0;cursor:pointer;transition:all .3s ease-in-out;position:relative;display:flex;justify-content:space-between;align-items:center;flex-wrap:nowrap}#gspb_accordion-id-gsbp-07b4543 .gs-accordion-item>.gs-accordion-item__content{z-index:0;position:relative;max-height:0;will-change:max-height;transition:all .25s ease-out}#gspb_accordion-id-gsbp-07b4543 .gs-accordion-item>.gs-accordion-item__title{background-color:#f9f9f9;border-style:solid;border-width:1px;border-color:#00000012}#gspb_accordion-id-gsbp-07b4543 .gs-accordion-item>.gs-accordion-item__content{background-color:#fff;border-style:solid;border-width:1px;border-color:#00000000 #00000012 #00000012}#gspb_accordion-id-gsbp-07b4543 .gs-accordion-item>.gs-accordion-item__content>.gs-accordion-item__text,#gspb_accordion-id-gsbp-07b4543 .gs-accordion-item>.gs-accordion-item__title{padding:15px 20px}#gspb_accordion-id-gsbp-79b68fe .gs-accordion-item.gsclose>.gs-accordion-item__content{overflow:hidden;opacity:0}#gspb_accordion-id-gsbp-79b68fe .gs-accordion-item.gsopen>.gs-accordion-item__content{opacity:1;max-height:5000px}#gspb_accordion-id-gsbp-79b68fe .gs-accordion-item>.gs-accordion-item__title>.gs-accordion-item__heading{outline:0;text-decoration:none;margin:0!important;padding:0!important;flex-grow:1}#gspb_accordion-id-gsbp-79b68fe .gs-accordion-item>.gs-accordion-item__title{z-index:1;margin:0;cursor:pointer;transition:all .3s ease-in-out;position:relative;display:flex;justify-content:space-between;align-items:center;flex-wrap:nowrap}#gspb_accordion-id-gsbp-79b68fe .gs-accordion-item>.gs-accordion-item__content{z-index:0;position:relative;max-height:0;will-change:max-height;transition:all .25s ease-out}#gspb_accordion-id-gsbp-79b68fe .gs-accordion-item>.gs-accordion-item__title{background-color:#f9f9f9;border-style:solid;border-width:1px;border-color:#00000012}#gspb_accordion-id-gsbp-79b68fe .gs-accordion-item>.gs-accordion-item__content{background-color:#fff;border-style:solid;border-width:1px;border-color:#00000000 #00000012 #00000012}#gspb_accordion-id-gsbp-07b4543 .gs-accordion-item>.gs-accordion-item__title span.iconfortoggle,#gspb_accordion-id-gsbp-79b68fe .gs-accordion-item>.gs-accordion-item__title span.iconfortoggle{margin-left:15px;display:inline-block;height:14px;width:14px;position:relative}#gspb_accordion-id-gsbp-79b68fe .gs-accordion-item>.gs-accordion-item__content>.gs-accordion-item__text,#gspb_accordion-id-gsbp-79b68fe .gs-accordion-item>.gs-accordion-item__title{padding:15px 20px}.gs-accordion .gs-accordion-item__title span.iconfortoggle .gs-iconafter,.gs-accordion .gs-accordion-item__title span.iconfortoggle .gs-iconbefore{content:'';width:14px;height:2px;border-radius:2px;background-color:#111;position:absolute;top:6px;left:0}.gs-accordion .gs-accordion-item__title span.iconfortoggle .gs-iconafter{transform:rotate(90deg);transition:all .3s ease-in-out}","footnotes":""},"class_list":["post-6006","page","type-page","status-publish","hentry"],"blocksy_meta":[],"acf":[],"_links":{"self":[{"href":"https:\/\/www.fitness-flohmarkt.ch\/it\/wp-json\/wp\/v2\/pages\/6006","targetHints":{"allow":["GET"]}}],"collection":[{"href":"https:\/\/www.fitness-flohmarkt.ch\/it\/wp-json\/wp\/v2\/pages"}],"about":[{"href":"https:\/\/www.fitness-flohmarkt.ch\/it\/wp-json\/wp\/v2\/types\/page"}],"author":[{"embeddable":true,"href":"https:\/\/www.fitness-flohmarkt.ch\/it\/wp-json\/wp\/v2\/users\/1"}],"replies":[{"embeddable":true,"href":"https:\/\/www.fitness-flohmarkt.ch\/it\/wp-json\/wp\/v2\/comments?post=6006"}],"version-history":[{"count":18,"href":"https:\/\/www.fitness-flohmarkt.ch\/it\/wp-json\/wp\/v2\/pages\/6006\/revisions"}],"predecessor-version":[{"id":9015537,"href":"https:\/\/www.fitness-flohmarkt.ch\/it\/wp-json\/wp\/v2\/pages\/6006\/revisions\/9015537"}],"wp:attachment":[{"href":"https:\/\/www.fitness-flohmarkt.ch\/it\/wp-json\/wp\/v2\/media?parent=6006"}],"curies":[{"name":"wp","href":"https:\/\/api.w.org\/{rel}","templated":true}]}}