{"id":5998,"date":"2025-02-06T13:33:46","date_gmt":"2025-02-06T12:33:46","guid":{"rendered":"https:\/\/www2.fitness-flohmarkt.ch\/?page_id=5998"},"modified":"2025-04-03T13:13:28","modified_gmt":"2025-04-03T11:13:28","slug":"invio-del-pagamento","status":"publish","type":"page","link":"https:\/\/www.fitness-flohmarkt.ch\/it\/zahlung-versand\/","title":{"rendered":"Pagamento e spedizione"},"content":{"rendered":"<p><strong>L'invio <\/strong><strong>ha luogo<\/strong><strong> di solito entro 1-4 giorni lavorativi<\/strong> dalla Posta Svizzera o da uno spedizioniere. La scelta del partner di spedizione dipende dal peso, dal volume e dal domicilio della spedizione.<\/p>\n\n\n\n<p><strong>Le spese di spedizione vengono calcolate automaticamente nel carrello.<\/strong> La tariffa base \u00e8 di 9,90 CHF per 30 kg. Gli oggetti con una lunghezza totale superiore a 100 cm non possono essere spediti o possono essere spediti solo come merce ingombrante. Anche gli oggetti pi\u00f9 pesanti di 30 kg e che non possono essere suddivisi in pi\u00f9 colli (ad esempio un kettlebell da 32 kg) devono essere considerati separatamente. Ci\u00f2 pu\u00f2 comportare costi aggiuntivi. Il prezzo esatto della spedizione viene visualizzato nel carrello. Per qualsiasi domanda, non esitate a contattarci in qualsiasi momento.<\/p>\n\n\n\n<p>Si prega di notare che il peso indicato sui prodotti non corrisponde necessariamente al peso di spedizione. Potrebbe esserci una differenza dovuta al peso dell'imballaggio, dell'imbottitura e del materiale di spedizione.<\/p>\n\n\n\n<p>Se non diversamente definito per iscritto o concordato tra le parti, la spedizione avviene presso il domicilio del destinatario. Ci\u00f2 vale per le consegne di pacchi per posta e per le consegne da parte di spedizionieri.<\/p>","protected":false},"excerpt":{"rendered":"<p>Der Versand erfolgt in der Regel innerhalb von 1-4 Arbeitstagen durch die Schweizer Post oder Spedition. Die Wahl des Versandpartners ist abh\u00e4ngig von Gewicht, Volumen und Domizil der Sendung. Die Versandkosten werden automatisch im Warenkorb berechnet. Der Basistarif ist CHF 9.90 pro 30 kg. Objekte mit einer Gesamtl\u00e4nge von \u00fcber 100 cm k\u00f6nnen gegebenenfalls nicht [&hellip;]<\/p>\n","protected":false},"author":1,"featured_media":0,"parent":0,"menu_order":0,"comment_status":"closed","ping_status":"closed","template":"","meta":{"_acf_changed":false,"_gspb_post_css":"","footnotes":""},"class_list":["post-5998","page","type-page","status-publish","hentry"],"blocksy_meta":[],"acf":[],"_links":{"self":[{"href":"https:\/\/www.fitness-flohmarkt.ch\/it\/wp-json\/wp\/v2\/pages\/5998","targetHints":{"allow":["GET"]}}],"collection":[{"href":"https:\/\/www.fitness-flohmarkt.ch\/it\/wp-json\/wp\/v2\/pages"}],"about":[{"href":"https:\/\/www.fitness-flohmarkt.ch\/it\/wp-json\/wp\/v2\/types\/page"}],"author":[{"embeddable":true,"href":"https:\/\/www.fitness-flohmarkt.ch\/it\/wp-json\/wp\/v2\/users\/1"}],"replies":[{"embeddable":true,"href":"https:\/\/www.fitness-flohmarkt.ch\/it\/wp-json\/wp\/v2\/comments?post=5998"}],"version-history":[{"count":4,"href":"https:\/\/www.fitness-flohmarkt.ch\/it\/wp-json\/wp\/v2\/pages\/5998\/revisions"}],"predecessor-version":[{"id":9015213,"href":"https:\/\/www.fitness-flohmarkt.ch\/it\/wp-json\/wp\/v2\/pages\/5998\/revisions\/9015213"}],"wp:attachment":[{"href":"https:\/\/www.fitness-flohmarkt.ch\/it\/wp-json\/wp\/v2\/media?parent=5998"}],"curies":[{"name":"wp","href":"https:\/\/api.w.org\/{rel}","templated":true}]}}