{"id":5996,"date":"2025-02-06T13:30:28","date_gmt":"2025-02-06T12:30:28","guid":{"rendered":"https:\/\/www2.fitness-flohmarkt.ch\/?page_id=5996"},"modified":"2025-03-17T22:58:15","modified_gmt":"2025-03-17T21:58:15","slug":"soluzioni-di-finanziamento","status":"publish","type":"page","link":"https:\/\/www.fitness-flohmarkt.ch\/it\/finanzierungsloesungen\/","title":{"rendered":"Soluzioni di leasing e finanziamento"},"content":{"rendered":"<p>Insieme ai nostri partner, possiamo offrirvi interessanti soluzioni di finanziamento per le vostre start-up e PMI. A seconda del volume degli ordini e della solvibilit\u00e0, sono possibili i seguenti dati chiave:<\/p>\n\n\n\n<ul class=\"wp-block-list\">\n<li>Tassi di interesse interessanti<\/li>\n\n\n\n<li>Pagamento rateale fino a 60 mesi<\/li>\n\n\n\n<li>Acconto da 10 % a 20 % del valore totale<\/li>\n\n\n\n<li>Volume da CHF 10.000 a CHF 500.000<\/li>\n<\/ul>\n\n\n\n<p>Saremo lieti di consigliarvi le opzioni di finanziamento pi\u00f9 adatte alla vostra azienda. Saremo lieti di ricevere la vostra attenzione.<\/p>\n\n\n\n<p class=\"has-small-font-size\"><em>(Queste cifre sono solo indicative. Ci riserviamo espressamente il diritto di apportare modifiche. Il leasing non pu\u00f2 portare a un sovraindebitamento del consumatore).&nbsp;<\/em><\/p>\n\n\n\n<p><\/p>","protected":false},"excerpt":{"rendered":"<p>Zusammen mit unseren Partnern k\u00f6nnen wir dir attraktive Finanzierungsl\u00f6sungen f\u00fcr dein Start-Up und KMU anbieten. Je nach Bestellvolumen und Bonit\u00e4t sind folgende Eckdaten m\u00f6glich: Gerne beraten wir dich zu den passenden Finanzierungsm\u00f6glichkeiten f\u00fcr dein Unternehmen. Wir freuen uns auf deine Kontaktaufnahme. (Angaben dienen als Richtwert. \u00c4nderungen sind ausdr\u00fccklich vorbehalten. Die Leasingvergabe darf nicht zur \u00dcberschuldung [&hellip;]<\/p>\n","protected":false},"author":1,"featured_media":0,"parent":0,"menu_order":0,"comment_status":"closed","ping_status":"closed","template":"","meta":{"_acf_changed":false,"_gspb_post_css":"","footnotes":""},"class_list":["post-5996","page","type-page","status-publish","hentry"],"blocksy_meta":[],"acf":[],"_links":{"self":[{"href":"https:\/\/www.fitness-flohmarkt.ch\/it\/wp-json\/wp\/v2\/pages\/5996","targetHints":{"allow":["GET"]}}],"collection":[{"href":"https:\/\/www.fitness-flohmarkt.ch\/it\/wp-json\/wp\/v2\/pages"}],"about":[{"href":"https:\/\/www.fitness-flohmarkt.ch\/it\/wp-json\/wp\/v2\/types\/page"}],"author":[{"embeddable":true,"href":"https:\/\/www.fitness-flohmarkt.ch\/it\/wp-json\/wp\/v2\/users\/1"}],"replies":[{"embeddable":true,"href":"https:\/\/www.fitness-flohmarkt.ch\/it\/wp-json\/wp\/v2\/comments?post=5996"}],"version-history":[{"count":4,"href":"https:\/\/www.fitness-flohmarkt.ch\/it\/wp-json\/wp\/v2\/pages\/5996\/revisions"}],"predecessor-version":[{"id":64982,"href":"https:\/\/www.fitness-flohmarkt.ch\/it\/wp-json\/wp\/v2\/pages\/5996\/revisions\/64982"}],"wp:attachment":[{"href":"https:\/\/www.fitness-flohmarkt.ch\/it\/wp-json\/wp\/v2\/media?parent=5996"}],"curies":[{"name":"wp","href":"https:\/\/api.w.org\/{rel}","templated":true}]}}