{"id":12923,"date":"2025-02-10T01:21:14","date_gmt":"2025-02-10T00:21:14","guid":{"rendered":"https:\/\/www2.fitness-flohmarkt.ch\/?page_id=12923"},"modified":"2025-04-04T12:42:34","modified_gmt":"2025-04-04T10:42:34","slug":"impronta","status":"publish","type":"page","link":"https:\/\/www.fitness-flohmarkt.ch\/it\/impressum\/","title":{"rendered":"Impronta"},"content":{"rendered":"<h3 class=\"wp-block-heading\" id=\"kontaktadresse\"><strong>Indirizzo di contatto<\/strong><\/h3>\n\n\n\n<p>Fitcom AG<br>B\u00e4chliackerweg 11<br>4410 Liestal<br>Svizzera<br>info@fitness-flohmarkt.ch<br>+41 61 901 12 40<\/p>\n\n\n\n<h3 class=\"wp-block-heading\" id=\"vertretungsberechtigte-personen\"><strong>Persone autorizzate a rappresentare la societ\u00e0<\/strong><\/h3>\n\n\n\n<p>Rebekka Nachbur, membro del Consiglio di amministrazione<\/p>\n\n\n\n<h3 class=\"wp-block-heading\" id=\"handelsregistereintrag\"><strong>Iscrizione al registro delle imprese<\/strong><\/h3>\n\n\n\n<p>Nome della societ\u00e0 registrata: Fitcom AG<br>Numero: CH-280.3.021.050-3<\/p>\n\n\n\n<h3 class=\"wp-block-heading\" id=\"mehrwertsteuernummer\"><strong>Numero di partita IVA<\/strong><\/h3>\n\n\n\n<p>CHE-490.710.916<\/p>\n\n\n\n<h3 class=\"wp-block-heading\" id=\"haftungsausschluss\"><strong>Esclusione di responsabilit\u00e0<\/strong><\/h3>\n\n\n\n<p>L'autore non si assume alcuna responsabilit\u00e0 per la correttezza, l'accuratezza, l'attualit\u00e0, l'affidabilit\u00e0 e la completezza delle informazioni. Sono escluse le richieste di responsabilit\u00e0 nei confronti dell'autore per danni materiali o immateriali causati dall'accesso, dall'utilizzo o dal mancato utilizzo delle informazioni pubblicate, dall'uso improprio della connessione o da guasti tecnici. Tutte le offerte non sono vincolanti. L'autore si riserva espressamente il diritto di modificare, integrare o cancellare parti delle pagine o l'intera offerta senza preavviso o di interrompere temporaneamente o definitivamente la pubblicazione.<\/p>\n\n\n\n<h3 class=\"wp-block-heading\" id=\"haftung-fur-links\"><strong>Responsabilit\u00e0 per i link<\/strong><\/h3>\n\n\n\n<p>I riferimenti e i link a siti web di terzi non rientrano nella nostra sfera di responsabilit\u00e0. Si declina ogni responsabilit\u00e0 per tali siti web. Gli utenti accedono e utilizzano tali siti web a proprio rischio e pericolo.<\/p>\n\n\n\n<h3 class=\"wp-block-heading\" id=\"urheberrechte\"><strong>Diritti d'autore<\/strong><\/h3>\n\n\n\n<p>I diritti d'autore e tutti gli altri diritti su contenuti, immagini, foto o altri file di questo sito web appartengono esclusivamente a Fitcom AG o ai titolari dei diritti specificamente indicati. Per la riproduzione di qualsiasi elemento \u00e8 necessario ottenere preventivamente il consenso scritto del titolare del copyright.<\/p>","protected":false},"excerpt":{"rendered":"<p>Kontaktadresse Fitcom AGB\u00e4chliackerweg 114410 LiestalSchweizinfo@fitness-flohmarkt.ch+41 61 901 12 40 Vertretungsberechtigte Personen Rebekka Nachbur, Mitglied des Verwaltungsrates Handelsregistereintrag Eingetragener Firmenname: Fitcom AGNummer: CH-280.3.021.050-3 Mehrwertsteuernummer CHE-490.710.916 Haftungsausschluss Der Autor \u00fcbernimmt keinerlei Gew\u00e4hr f\u00fcr die inhaltliche Richtigkeit, Genauigkeit, Aktualit\u00e4t, Zuverl\u00e4ssigkeit und Vollst\u00e4ndigkeit der Informationen. Haftungsanspr\u00fcche gegen den Autor, die sich auf Sch\u00e4den materieller oder immaterieller Art beziehen und [&hellip;]<\/p>\n","protected":false},"author":1,"featured_media":0,"parent":0,"menu_order":0,"comment_status":"closed","ping_status":"closed","template":"","meta":{"_acf_changed":false,"_gspb_post_css":"","footnotes":""},"class_list":["post-12923","page","type-page","status-publish","hentry"],"blocksy_meta":[],"acf":[],"_links":{"self":[{"href":"https:\/\/www.fitness-flohmarkt.ch\/it\/wp-json\/wp\/v2\/pages\/12923","targetHints":{"allow":["GET"]}}],"collection":[{"href":"https:\/\/www.fitness-flohmarkt.ch\/it\/wp-json\/wp\/v2\/pages"}],"about":[{"href":"https:\/\/www.fitness-flohmarkt.ch\/it\/wp-json\/wp\/v2\/types\/page"}],"author":[{"embeddable":true,"href":"https:\/\/www.fitness-flohmarkt.ch\/it\/wp-json\/wp\/v2\/users\/1"}],"replies":[{"embeddable":true,"href":"https:\/\/www.fitness-flohmarkt.ch\/it\/wp-json\/wp\/v2\/comments?post=12923"}],"version-history":[{"count":5,"href":"https:\/\/www.fitness-flohmarkt.ch\/it\/wp-json\/wp\/v2\/pages\/12923\/revisions"}],"predecessor-version":[{"id":9015474,"href":"https:\/\/www.fitness-flohmarkt.ch\/it\/wp-json\/wp\/v2\/pages\/12923\/revisions\/9015474"}],"wp:attachment":[{"href":"https:\/\/www.fitness-flohmarkt.ch\/it\/wp-json\/wp\/v2\/media?parent=12923"}],"curies":[{"name":"wp","href":"https:\/\/api.w.org\/{rel}","templated":true}]}}