{"id":9067694,"date":"2026-05-15T10:33:44","date_gmt":"2026-05-15T08:33:44","guid":{"rendered":"https:\/\/www.fitness-flohmarkt.ch\/produkt\/tunturi-ball-und-powerbag-staender-occasion\/"},"modified":"2026-05-15T12:54:24","modified_gmt":"2026-05-15T10:54:24","slug":"tunturi-ball-und-powerbag-staender-occasion","status":"publish","type":"product","link":"https:\/\/www.fitness-flohmarkt.ch\/fr\/produkt\/tunturi-ball-und-powerbag-staender-occasion\/","title":{"rendered":"Tunturi Ball- und Powerbag St\u00e4nder | Occasion"},"content":{"rendered":"","protected":false},"excerpt":{"rendered":"<p><strong>Les articles d'occasion pr\u00e9sentent des traces dues \u00e0 l'utilisation. Il est recommand\u00e9 de se rendre sur place pour se faire une id\u00e9e personnelle.<\/strong><\/p>","protected":false},"featured_media":9067691,"comment_status":"closed","ping_status":"closed","template":"","meta":{"_acf_changed":false,"_gspb_post_css":""},"product_brand":[2409],"product_cat":[332,313,620],"product_tag":[309],"class_list":{"0":"post-9067694","1":"product","2":"type-product","3":"status-publish","4":"has-post-thumbnail","6":"product_brand-tunturi","7":"product_cat-hantelstaender","8":"product_cat-outlet","9":"product_cat-hg-zubehoer","10":"product_tag-occasion","11":"product_shipping_class-nicht-stapelbar","13":"first","14":"instock","15":"taxable","16":"shipping-taxable","17":"purchasable","18":"product-type-simple"},"bundled_by":[],"bundle_stock_status":"instock","bundle_stock_quantity":1,"bundle_virtual":false,"bundle_layout":"","bundle_add_to_cart_form_location":"","bundle_editable_in_cart":false,"bundle_sold_individually_context":"","bundle_item_grouping":"","bundle_min_size":"","bundle_max_size":"","bundle_price":[],"bundled_items":[],"bundle_sell_ids":[],"acf":[],"df_price":25,"df_sale_price":"","df_regular_price":25,"df_image_link":"https:\/\/www.fitness-flohmarkt.ch\/wp-content\/uploads\/IMG_0905-rotated-1-225x300.avif","_links":{"self":[{"href":"https:\/\/www.fitness-flohmarkt.ch\/fr\/wp-json\/wp\/v2\/product\/9067694","targetHints":{"allow":["GET"]}}],"collection":[{"href":"https:\/\/www.fitness-flohmarkt.ch\/fr\/wp-json\/wp\/v2\/product"}],"about":[{"href":"https:\/\/www.fitness-flohmarkt.ch\/fr\/wp-json\/wp\/v2\/types\/product"}],"replies":[{"embeddable":true,"href":"https:\/\/www.fitness-flohmarkt.ch\/fr\/wp-json\/wp\/v2\/comments?post=9067694"}],"wp:featuredmedia":[{"embeddable":true,"href":"https:\/\/www.fitness-flohmarkt.ch\/fr\/wp-json\/wp\/v2\/media\/9067691"}],"wp:attachment":[{"href":"https:\/\/www.fitness-flohmarkt.ch\/fr\/wp-json\/wp\/v2\/media?parent=9067694"}],"wp:term":[{"taxonomy":"product_brand","embeddable":true,"href":"https:\/\/www.fitness-flohmarkt.ch\/fr\/wp-json\/wp\/v2\/product_brand?post=9067694"},{"taxonomy":"product_cat","embeddable":true,"href":"https:\/\/www.fitness-flohmarkt.ch\/fr\/wp-json\/wp\/v2\/product_cat?post=9067694"},{"taxonomy":"product_tag","embeddable":true,"href":"https:\/\/www.fitness-flohmarkt.ch\/fr\/wp-json\/wp\/v2\/product_tag?post=9067694"}],"curies":[{"name":"wp","href":"https:\/\/api.w.org\/{rel}","templated":true}]}}