{"id":9067686,"date":"2026-05-15T10:33:02","date_gmt":"2026-05-15T08:33:02","guid":{"rendered":"https:\/\/www.fitness-flohmarkt.ch\/produkt\/shuttle-rebound-occasion\/"},"modified":"2026-05-15T10:33:02","modified_gmt":"2026-05-15T08:33:02","slug":"shuttle-rebound-occasion","status":"publish","type":"product","link":"https:\/\/www.fitness-flohmarkt.ch\/fr\/produkt\/shuttle-rebound-occasion\/","title":{"rendered":"Shuttle System Rebound | Occasion"},"content":{"rendered":"","protected":false},"excerpt":{"rendered":"<p><strong>Les articles d'occasion pr\u00e9sentent des traces dues \u00e0 l'utilisation. Il est recommand\u00e9 de se rendre sur place pour se faire une id\u00e9e personnelle.<\/strong><\/p>","protected":false},"featured_media":9067683,"comment_status":"closed","ping_status":"closed","template":"","meta":{"_acf_changed":false,"_gspb_post_css":""},"product_brand":[2408],"product_cat":[818,816,902,313],"product_tag":[309],"class_list":{"0":"post-9067686","1":"product","2":"type-product","3":"status-publish","4":"has-post-thumbnail","6":"product_brand-shuttle","7":"product_cat-conditioning","8":"product_cat-ac-diverses","9":"product_cat-medizinbaelle","10":"product_cat-outlet","11":"product_tag-occasion","12":"product_shipping_class-nicht-stapelbar","14":"first","15":"instock","16":"taxable","17":"shipping-taxable","18":"purchasable","19":"product-type-simple"},"bundled_by":[],"bundle_stock_status":"instock","bundle_stock_quantity":1,"bundle_virtual":false,"bundle_layout":"","bundle_add_to_cart_form_location":"","bundle_editable_in_cart":false,"bundle_sold_individually_context":"","bundle_item_grouping":"","bundle_min_size":"","bundle_max_size":"","bundle_price":[],"bundled_items":[],"bundle_sell_ids":[],"acf":[],"df_price":750,"df_sale_price":"","df_regular_price":750,"df_image_link":"https:\/\/www.fitness-flohmarkt.ch\/wp-content\/uploads\/IMG_0903-rotated-1-225x300.avif","_links":{"self":[{"href":"https:\/\/www.fitness-flohmarkt.ch\/fr\/wp-json\/wp\/v2\/product\/9067686","targetHints":{"allow":["GET"]}}],"collection":[{"href":"https:\/\/www.fitness-flohmarkt.ch\/fr\/wp-json\/wp\/v2\/product"}],"about":[{"href":"https:\/\/www.fitness-flohmarkt.ch\/fr\/wp-json\/wp\/v2\/types\/product"}],"replies":[{"embeddable":true,"href":"https:\/\/www.fitness-flohmarkt.ch\/fr\/wp-json\/wp\/v2\/comments?post=9067686"}],"wp:featuredmedia":[{"embeddable":true,"href":"https:\/\/www.fitness-flohmarkt.ch\/fr\/wp-json\/wp\/v2\/media\/9067683"}],"wp:attachment":[{"href":"https:\/\/www.fitness-flohmarkt.ch\/fr\/wp-json\/wp\/v2\/media?parent=9067686"}],"wp:term":[{"taxonomy":"product_brand","embeddable":true,"href":"https:\/\/www.fitness-flohmarkt.ch\/fr\/wp-json\/wp\/v2\/product_brand?post=9067686"},{"taxonomy":"product_cat","embeddable":true,"href":"https:\/\/www.fitness-flohmarkt.ch\/fr\/wp-json\/wp\/v2\/product_cat?post=9067686"},{"taxonomy":"product_tag","embeddable":true,"href":"https:\/\/www.fitness-flohmarkt.ch\/fr\/wp-json\/wp\/v2\/product_tag?post=9067686"}],"curies":[{"name":"wp","href":"https:\/\/api.w.org\/{rel}","templated":true}]}}