{"id":9064543,"date":"2026-04-14T13:51:42","date_gmt":"2026-04-14T11:51:42","guid":{"rendered":"https:\/\/www.fitness-flohmarkt.ch\/produkt\/technogym-isotonic-line-hyperextension-occasion\/"},"modified":"2026-04-14T13:51:42","modified_gmt":"2026-04-14T11:51:42","slug":"technogym-isotonic-line-hyperextension-occasion","status":"publish","type":"product","link":"https:\/\/www.fitness-flohmarkt.ch\/fr\/produkt\/technogym-isotonic-line-hyperextension-occasion\/","title":{"rendered":"Technogym Isotonic Line Hyperextension |\u00a0Occasion"},"content":{"rendered":"","protected":false},"excerpt":{"rendered":"<p><strong>Les articles d'occasion pr\u00e9sentent des traces dues \u00e0 l'utilisation. Il est recommand\u00e9 de se rendre sur place pour se faire une id\u00e9e personnelle.<\/strong><\/p>","protected":false},"featured_media":9064540,"comment_status":"closed","ping_status":"closed","template":"","meta":{"_acf_changed":false,"_gspb_post_css":""},"product_brand":[1033],"product_cat":[358,313],"product_tag":[309],"class_list":{"0":"post-9064543","1":"product","2":"type-product","3":"status-publish","4":"has-post-thumbnail","6":"product_brand-technogym","7":"product_cat-hantelbaenke","8":"product_cat-outlet","9":"product_tag-occasion","10":"product_shipping_class-nicht-stapelbar","12":"first","13":"instock","14":"taxable","15":"shipping-taxable","16":"purchasable","17":"product-type-simple"},"bundled_by":[],"bundle_stock_status":"instock","bundle_stock_quantity":1,"bundle_virtual":false,"bundle_layout":"","bundle_add_to_cart_form_location":"","bundle_editable_in_cart":false,"bundle_sold_individually_context":"","bundle_item_grouping":"","bundle_min_size":"","bundle_max_size":"","bundle_price":[],"bundled_items":[],"bundle_sell_ids":[],"acf":[],"df_price":290,"df_sale_price":"","df_regular_price":290,"df_image_link":"https:\/\/www.fitness-flohmarkt.ch\/wp-content\/uploads\/6723fe9f-ac3d-4408-bb0b-381bb0dbdfcd-225x300.avif","_links":{"self":[{"href":"https:\/\/www.fitness-flohmarkt.ch\/fr\/wp-json\/wp\/v2\/product\/9064543","targetHints":{"allow":["GET"]}}],"collection":[{"href":"https:\/\/www.fitness-flohmarkt.ch\/fr\/wp-json\/wp\/v2\/product"}],"about":[{"href":"https:\/\/www.fitness-flohmarkt.ch\/fr\/wp-json\/wp\/v2\/types\/product"}],"replies":[{"embeddable":true,"href":"https:\/\/www.fitness-flohmarkt.ch\/fr\/wp-json\/wp\/v2\/comments?post=9064543"}],"wp:featuredmedia":[{"embeddable":true,"href":"https:\/\/www.fitness-flohmarkt.ch\/fr\/wp-json\/wp\/v2\/media\/9064540"}],"wp:attachment":[{"href":"https:\/\/www.fitness-flohmarkt.ch\/fr\/wp-json\/wp\/v2\/media?parent=9064543"}],"wp:term":[{"taxonomy":"product_brand","embeddable":true,"href":"https:\/\/www.fitness-flohmarkt.ch\/fr\/wp-json\/wp\/v2\/product_brand?post=9064543"},{"taxonomy":"product_cat","embeddable":true,"href":"https:\/\/www.fitness-flohmarkt.ch\/fr\/wp-json\/wp\/v2\/product_cat?post=9064543"},{"taxonomy":"product_tag","embeddable":true,"href":"https:\/\/www.fitness-flohmarkt.ch\/fr\/wp-json\/wp\/v2\/product_tag?post=9064543"}],"curies":[{"name":"wp","href":"https:\/\/api.w.org\/{rel}","templated":true}]}}