{"id":9064539,"date":"2026-04-14T13:51:23","date_gmt":"2026-04-14T11:51:23","guid":{"rendered":"https:\/\/www.fitness-flohmarkt.ch\/produkt\/matrix-shoulder-military-press-bench-occasion\/"},"modified":"2026-04-14T13:51:23","modified_gmt":"2026-04-14T11:51:23","slug":"matrix-shoulder-military-press-bench-occasion","status":"publish","type":"product","link":"https:\/\/www.fitness-flohmarkt.ch\/fr\/produkt\/matrix-shoulder-military-press-bench-occasion\/","title":{"rendered":"Matrix Shoulder Military Press Bench |\u00a0Occasion"},"content":{"rendered":"","protected":false},"excerpt":{"rendered":"<p><strong>Les articles d'occasion pr\u00e9sentent des traces dues \u00e0 l'utilisation. Il est recommand\u00e9 de se rendre sur place pour se faire une id\u00e9e personnelle.<\/strong><\/p>","protected":false},"featured_media":9064536,"comment_status":"closed","ping_status":"closed","template":"","meta":{"_acf_changed":false,"_gspb_post_css":""},"product_brand":[1036],"product_cat":[358,313],"product_tag":[309],"class_list":{"0":"post-9064539","1":"product","2":"type-product","3":"status-publish","4":"has-post-thumbnail","6":"product_brand-matrix","7":"product_cat-hantelbaenke","8":"product_cat-outlet","9":"product_tag-occasion","10":"product_shipping_class-nicht-stapelbar","12":"first","13":"instock","14":"taxable","15":"shipping-taxable","16":"purchasable","17":"product-type-simple"},"bundled_by":[],"bundle_stock_status":"instock","bundle_stock_quantity":1,"bundle_virtual":false,"bundle_layout":"","bundle_add_to_cart_form_location":"","bundle_editable_in_cart":false,"bundle_sold_individually_context":"","bundle_item_grouping":"","bundle_min_size":"","bundle_max_size":"","bundle_price":[],"bundled_items":[],"bundle_sell_ids":[],"acf":[],"df_price":590,"df_sale_price":"","df_regular_price":590,"df_image_link":"https:\/\/www.fitness-flohmarkt.ch\/wp-content\/uploads\/e14f1623-5a8e-4de6-97a4-74d473491158-225x300.avif","_links":{"self":[{"href":"https:\/\/www.fitness-flohmarkt.ch\/fr\/wp-json\/wp\/v2\/product\/9064539","targetHints":{"allow":["GET"]}}],"collection":[{"href":"https:\/\/www.fitness-flohmarkt.ch\/fr\/wp-json\/wp\/v2\/product"}],"about":[{"href":"https:\/\/www.fitness-flohmarkt.ch\/fr\/wp-json\/wp\/v2\/types\/product"}],"replies":[{"embeddable":true,"href":"https:\/\/www.fitness-flohmarkt.ch\/fr\/wp-json\/wp\/v2\/comments?post=9064539"}],"wp:featuredmedia":[{"embeddable":true,"href":"https:\/\/www.fitness-flohmarkt.ch\/fr\/wp-json\/wp\/v2\/media\/9064536"}],"wp:attachment":[{"href":"https:\/\/www.fitness-flohmarkt.ch\/fr\/wp-json\/wp\/v2\/media?parent=9064539"}],"wp:term":[{"taxonomy":"product_brand","embeddable":true,"href":"https:\/\/www.fitness-flohmarkt.ch\/fr\/wp-json\/wp\/v2\/product_brand?post=9064539"},{"taxonomy":"product_cat","embeddable":true,"href":"https:\/\/www.fitness-flohmarkt.ch\/fr\/wp-json\/wp\/v2\/product_cat?post=9064539"},{"taxonomy":"product_tag","embeddable":true,"href":"https:\/\/www.fitness-flohmarkt.ch\/fr\/wp-json\/wp\/v2\/product_tag?post=9064539"}],"curies":[{"name":"wp","href":"https:\/\/api.w.org\/{rel}","templated":true}]}}