{"id":9063439,"date":"2026-03-23T15:12:09","date_gmt":"2026-03-23T14:12:09","guid":{"rendered":"https:\/\/www.fitness-flohmarkt.ch\/produkt\/realleader-chest-press-shoulder-press-combo-pf-1001\/"},"modified":"2026-05-05T13:49:29","modified_gmt":"2026-05-05T11:49:29","slug":"realleader-chest-press-shoulder-press-combo-pf-1001","status":"publish","type":"product","link":"https:\/\/www.fitness-flohmarkt.ch\/fr\/produkt\/realleader-chest-press-shoulder-press-combo-pf-1001\/","title":{"rendered":"Presse \u00e0 pectoraux et d\u00e9velopp\u00e9 \u00e9paules combin\u00e9s RealLeader | PF-1001"},"content":{"rendered":"<h3 class=\"mb-2 whitespace-pre-wrap\">RealLeader Chest Press Shoulder Press Combo PF-1006<\/h3>\n<p class=\"mb-2 whitespace-pre-wrap\">Cette machine \u00e0 double fonction permet aux utilisateurs de travailler \u00e0 la fois les pectoraux et les delto\u00efdes arri\u00e8re. Elle est r\u00e9glable avec deux jeux de leviers : un sous le si\u00e8ge pour s'adapter \u00e0 la taille de l'utilisateur et un sur chaque bras de la machine pour adapter la position de d\u00e9part pour l'exercice choisi. Le poids se r\u00e8gle \u00e0 l'aide d'une goupille sur un empilement de poids.<\/p>\n<ul>\n<li class=\"mb-2 whitespace-pre-wrap\">Dimensions : 1950 x 1200 x 1420 mm<\/li>\n<li class=\"mb-2 whitespace-pre-wrap\">Poids net : 216 kg<\/li>\n<li class=\"mb-2 whitespace-pre-wrap\">Pile de poids : 119,3 kg (265 lbs)<\/li>\n<\/ul>\n<p class=\"mb-2 whitespace-pre-wrap\"><strong>Couleur :<\/strong> Cadre noir mat, sellerie noire avec coutures noires<\/p>\n<p class=\"mb-2 whitespace-pre-wrap\"><strong>PF Line :<\/strong> La solution de fitness \u00e0 double fonction peu encombrante (2-en-1) avec une simple plateforme d'empilement de poids. Ergonomiquement con\u00e7u pour une position d'entra\u00eenement confortable et r\u00e9glable, test\u00e9 par des bodybuilders de renomm\u00e9e mondiale. Construction de haute qualit\u00e9 selon les principes ergonomiques et kin\u00e9siologiques pour une s\u00e9rie professionnelle.<\/p>","protected":false},"excerpt":{"rendered":"<p>RealLeader Chest Press Shoulder Press Combo PF-1006 - machine \u00e0 double fonction pour le pressage de la poitrine et des \u00e9paules. Si\u00e8ge et positions des poign\u00e9es r\u00e9glables pour une position de d\u00e9part optimale des deux exercices, pile de poids de 119,3 kg avec syst\u00e8me de goupilles. Solution 2 en 1 peu encombrante selon les principes ergonomiques. 195 x 120 x 142 cm, 216 kg. Cadre noir mat, rembourrage noir.<\/p>","protected":false},"featured_media":9066692,"comment_status":"closed","ping_status":"closed","template":"","meta":{"_acf_changed":false,"_gspb_post_css":""},"product_brand":[1054],"product_cat":[310],"product_tag":[],"class_list":{"0":"post-9063439","1":"product","2":"type-product","3":"status-publish","4":"has-post-thumbnail","6":"product_brand-realleader","7":"product_cat-steckgewichte","8":"product_shipping_class-nicht-stapelbar","10":"first","11":"outofstock","12":"sale","13":"taxable","14":"shipping-taxable","15":"purchasable","16":"product-type-simple"},"bundled_by":[],"bundle_stock_status":"outofstock","bundle_stock_quantity":0,"bundle_virtual":false,"bundle_layout":"","bundle_add_to_cart_form_location":"","bundle_editable_in_cart":false,"bundle_sold_individually_context":"","bundle_item_grouping":"","bundle_min_size":"","bundle_max_size":"","bundle_price":[],"bundled_items":[],"bundle_sell_ids":[],"acf":[],"df_price":2990,"df_sale_price":2990,"df_regular_price":3990,"df_image_link":"https:\/\/www.fitness-flohmarkt.ch\/wp-content\/uploads\/Kein-Titel-1200-x-1200-px-10-2-300x300.avif","_links":{"self":[{"href":"https:\/\/www.fitness-flohmarkt.ch\/fr\/wp-json\/wp\/v2\/product\/9063439","targetHints":{"allow":["GET"]}}],"collection":[{"href":"https:\/\/www.fitness-flohmarkt.ch\/fr\/wp-json\/wp\/v2\/product"}],"about":[{"href":"https:\/\/www.fitness-flohmarkt.ch\/fr\/wp-json\/wp\/v2\/types\/product"}],"replies":[{"embeddable":true,"href":"https:\/\/www.fitness-flohmarkt.ch\/fr\/wp-json\/wp\/v2\/comments?post=9063439"}],"wp:featuredmedia":[{"embeddable":true,"href":"https:\/\/www.fitness-flohmarkt.ch\/fr\/wp-json\/wp\/v2\/media\/9066692"}],"wp:attachment":[{"href":"https:\/\/www.fitness-flohmarkt.ch\/fr\/wp-json\/wp\/v2\/media?parent=9063439"}],"wp:term":[{"taxonomy":"product_brand","embeddable":true,"href":"https:\/\/www.fitness-flohmarkt.ch\/fr\/wp-json\/wp\/v2\/product_brand?post=9063439"},{"taxonomy":"product_cat","embeddable":true,"href":"https:\/\/www.fitness-flohmarkt.ch\/fr\/wp-json\/wp\/v2\/product_cat?post=9063439"},{"taxonomy":"product_tag","embeddable":true,"href":"https:\/\/www.fitness-flohmarkt.ch\/fr\/wp-json\/wp\/v2\/product_tag?post=9063439"}],"curies":[{"name":"wp","href":"https:\/\/api.w.org\/{rel}","templated":true}]}}