{"id":9063428,"date":"2026-03-23T15:11:11","date_gmt":"2026-03-23T14:11:11","guid":{"rendered":"https:\/\/www.fitness-flohmarkt.ch\/produkt\/realleader-shoulder-press-rs-1012b\/"},"modified":"2026-05-05T13:46:41","modified_gmt":"2026-05-05T11:46:41","slug":"realleader-shoulder-press-rs-1012b","status":"publish","type":"product","link":"https:\/\/www.fitness-flohmarkt.ch\/fr\/produkt\/realleader-shoulder-press-rs-1012b\/","title":{"rendered":"Presse d'\u00e9paule RealLeader | RS-1012B"},"content":{"rendered":"<h3 class=\"mb-2 whitespace-pre-wrap\">Presse d'\u00e9paule RealLeader RS-1012B<\/h3>\n<p class=\"mb-2 whitespace-pre-wrap\">Cette robuste machine \u00e0 pousser les \u00e9paules est durable et adapt\u00e9e \u00e0 une utilisation fr\u00e9quente. Le si\u00e8ge est r\u00e9glable en fonction de la taille de l'utilisateur et dispose d'appuis de s\u00e9curit\u00e9 pour soutenir le poids avant et apr\u00e8s l'exercice. Les poign\u00e9es sont coud\u00e9es et permettent diff\u00e9rentes prises de pression avec une trajectoire de mouvement naturelle et fluide. Elle convient aussi bien \u00e0 l'entra\u00eenement des deux c\u00f4t\u00e9s qu'\u00e0 celui d'un seul c\u00f4t\u00e9. Chaque bras est charg\u00e9 avec des disques de poids, avec un espace de rangement suppl\u00e9mentaire pour les disques de poids des deux c\u00f4t\u00e9s de la machine.<\/p>\n<ul>\n<li class=\"mb-2 whitespace-pre-wrap\">Dimensions : 1360 x 1900 x 1900 mm<\/li>\n<li class=\"mb-2 whitespace-pre-wrap\">Poids net : 136 kg<\/li>\n<\/ul>\n<p class=\"mb-2 whitespace-pre-wrap\"><strong>Couleur :<\/strong> Cadre noir mat, sellerie en fibre de carbone avec coutures noires<\/p>\n<p class=\"mb-2 whitespace-pre-wrap\"><strong>RS Line :<\/strong> Des appareils robustes et puissants pour les champions de bodybuilding et les professionnels du fitness. La s\u00e9rie RS Plate Loaded a un design ergonomique parfait avec des arcs et des angles optimaux pour la physiologie humaine de l'entra\u00eenement. Construite en tubes d'acier de 80 x 40 x 3 mm, la s\u00e9rie RS est forte, stable et robuste.<\/p>","protected":false},"excerpt":{"rendered":"<p>RealLeader Shoulder Press RS-1012B - Machine de presse \u00e0 \u00e9paules robuste pour une utilisation fr\u00e9quente, avec si\u00e8ge r\u00e9glable et supports de s\u00e9curit\u00e9. Poign\u00e9es coud\u00e9es pour diff\u00e9rentes prises de pression, trajectoire de mouvement naturelle et fluide pour un entra\u00eenement bilat\u00e9ral ou unilat\u00e9ral. Chargement ind\u00e9pendant des disques de poids par bras avec un espace de rangement suppl\u00e9mentaire. 136 x 190 x 190 cm, 136 kg. Cadre noir mat, rembourrage en fibre de carbone.<\/p>","protected":false},"featured_media":9066686,"comment_status":"closed","ping_status":"closed","template":"","meta":{"_acf_changed":false,"_gspb_post_css":""},"product_brand":[1054],"product_cat":[342],"product_tag":[],"class_list":{"0":"post-9063428","1":"product","2":"type-product","3":"status-publish","4":"has-post-thumbnail","6":"product_brand-realleader","7":"product_cat-plate-loaded","8":"product_shipping_class-nicht-stapelbar","10":"first","11":"instock","12":"sale","13":"taxable","14":"shipping-taxable","15":"purchasable","16":"product-type-simple"},"bundled_by":[],"bundle_stock_status":"instock","bundle_stock_quantity":1,"bundle_virtual":false,"bundle_layout":"","bundle_add_to_cart_form_location":"","bundle_editable_in_cart":false,"bundle_sold_individually_context":"","bundle_item_grouping":"","bundle_min_size":"","bundle_max_size":"","bundle_price":[],"bundled_items":[],"bundle_sell_ids":[],"acf":[],"df_price":2990,"df_sale_price":2990,"df_regular_price":3990,"df_image_link":"https:\/\/www.fitness-flohmarkt.ch\/wp-content\/uploads\/Kein-Titel-1200-x-1200-px-6-2-300x300.avif","_links":{"self":[{"href":"https:\/\/www.fitness-flohmarkt.ch\/fr\/wp-json\/wp\/v2\/product\/9063428","targetHints":{"allow":["GET"]}}],"collection":[{"href":"https:\/\/www.fitness-flohmarkt.ch\/fr\/wp-json\/wp\/v2\/product"}],"about":[{"href":"https:\/\/www.fitness-flohmarkt.ch\/fr\/wp-json\/wp\/v2\/types\/product"}],"replies":[{"embeddable":true,"href":"https:\/\/www.fitness-flohmarkt.ch\/fr\/wp-json\/wp\/v2\/comments?post=9063428"}],"wp:featuredmedia":[{"embeddable":true,"href":"https:\/\/www.fitness-flohmarkt.ch\/fr\/wp-json\/wp\/v2\/media\/9066686"}],"wp:attachment":[{"href":"https:\/\/www.fitness-flohmarkt.ch\/fr\/wp-json\/wp\/v2\/media?parent=9063428"}],"wp:term":[{"taxonomy":"product_brand","embeddable":true,"href":"https:\/\/www.fitness-flohmarkt.ch\/fr\/wp-json\/wp\/v2\/product_brand?post=9063428"},{"taxonomy":"product_cat","embeddable":true,"href":"https:\/\/www.fitness-flohmarkt.ch\/fr\/wp-json\/wp\/v2\/product_cat?post=9063428"},{"taxonomy":"product_tag","embeddable":true,"href":"https:\/\/www.fitness-flohmarkt.ch\/fr\/wp-json\/wp\/v2\/product_tag?post=9063428"}],"curies":[{"name":"wp","href":"https:\/\/api.w.org\/{rel}","templated":true}]}}