{"id":9063424,"date":"2026-03-23T15:10:53","date_gmt":"2026-03-23T14:10:53","guid":{"rendered":"https:\/\/www.fitness-flohmarkt.ch\/produkt\/realleader-adjustable-bench-fw-1013a\/"},"modified":"2026-05-05T13:46:03","modified_gmt":"2026-05-05T11:46:03","slug":"realleader-banc-ajustable-fw-1013a","status":"publish","type":"product","link":"https:\/\/www.fitness-flohmarkt.ch\/fr\/produkt\/realleader-adjustable-bench-fw-1013a\/","title":{"rendered":"Banc ajustable RealLeader | FW-1013A"},"content":{"rendered":"<h3 class=\"mb-2 whitespace-pre-wrap\">Banc ajustable RealLeader FW-1013A<\/h3>\n<p class=\"mb-2 whitespace-pre-wrap\">Ce banc d'entra\u00eenement robuste est enti\u00e8rement r\u00e9glable de plat \u00e0 90 degr\u00e9s et dispose d'un large dossier qui offre une stabilit\u00e9 et un soutien maximum pour les poids libres lourds.<\/p>\n<ul>\n<li class=\"mb-2 whitespace-pre-wrap\">Dimensions : 1300 x 760 x 480 mm<\/li>\n<li class=\"mb-2 whitespace-pre-wrap\">Poids net : 32 kg<\/li>\n<\/ul>\n<p><strong>Couleur :<\/strong> Cadre noir mat, sellerie en fibre de carbone avec coutures noires<\/p>\n<p class=\"mb-2 whitespace-pre-wrap\"><strong>FW Line :<\/strong> La s\u00e9rie FW offre des si\u00e8ges adaptables avec une finition en cuir de qualit\u00e9 marine pour une durabilit\u00e9 sup\u00e9rieure et cinq fois moins de r\u00e9tention de la transpiration. Construite en acier renforc\u00e9 de 3 mm, la s\u00e9rie FW est con\u00e7ue pour r\u00e9sister aux entra\u00eenements les plus intenses et combiner sophistication et personnalisation.<\/p>","protected":false},"excerpt":{"rendered":"<p>RealLeader Adjustable Bench FW-1013A - Banc d'entra\u00eenement robuste et ajustable enti\u00e8rement r\u00e9glable de plat \u00e0 90 degr\u00e9s. Dossier large pour une stabilit\u00e9 et un soutien maximum avec des poids libres lourds. Acier renforc\u00e9 de 3 mm avec rev\u00eatement en cuir de qualit\u00e9 marine pour une durabilit\u00e9 sup\u00e9rieure. 130 x 76 x 48 cm, 32 kg. Cadre noir mat, rembourrage en fibre de carbone.<\/p>","protected":false},"featured_media":9066684,"comment_status":"closed","ping_status":"closed","template":"","meta":{"_acf_changed":false,"_gspb_post_css":""},"product_brand":[1054],"product_cat":[813,358],"product_tag":[],"class_list":{"0":"post-9063424","1":"product","2":"type-product","3":"status-publish","4":"has-post-thumbnail","6":"product_brand-realleader","7":"product_cat-fg-diverse","8":"product_cat-hantelbaenke","9":"product_shipping_class-nicht-stapelbar","11":"first","12":"instock","13":"sale","14":"taxable","15":"shipping-taxable","16":"purchasable","17":"product-type-simple"},"bundled_by":[],"bundle_stock_status":"instock","bundle_stock_quantity":1,"bundle_virtual":false,"bundle_layout":"","bundle_add_to_cart_form_location":"","bundle_editable_in_cart":false,"bundle_sold_individually_context":"","bundle_item_grouping":"","bundle_min_size":"","bundle_max_size":"","bundle_price":[],"bundled_items":[],"bundle_sell_ids":[],"acf":[],"df_price":890,"df_sale_price":890,"df_regular_price":1190,"df_image_link":"https:\/\/www.fitness-flohmarkt.ch\/wp-content\/uploads\/Kein-Titel-1200-x-1200-px-14-2-300x300.avif","_links":{"self":[{"href":"https:\/\/www.fitness-flohmarkt.ch\/fr\/wp-json\/wp\/v2\/product\/9063424","targetHints":{"allow":["GET"]}}],"collection":[{"href":"https:\/\/www.fitness-flohmarkt.ch\/fr\/wp-json\/wp\/v2\/product"}],"about":[{"href":"https:\/\/www.fitness-flohmarkt.ch\/fr\/wp-json\/wp\/v2\/types\/product"}],"replies":[{"embeddable":true,"href":"https:\/\/www.fitness-flohmarkt.ch\/fr\/wp-json\/wp\/v2\/comments?post=9063424"}],"wp:featuredmedia":[{"embeddable":true,"href":"https:\/\/www.fitness-flohmarkt.ch\/fr\/wp-json\/wp\/v2\/media\/9066684"}],"wp:attachment":[{"href":"https:\/\/www.fitness-flohmarkt.ch\/fr\/wp-json\/wp\/v2\/media?parent=9063424"}],"wp:term":[{"taxonomy":"product_brand","embeddable":true,"href":"https:\/\/www.fitness-flohmarkt.ch\/fr\/wp-json\/wp\/v2\/product_brand?post=9063424"},{"taxonomy":"product_cat","embeddable":true,"href":"https:\/\/www.fitness-flohmarkt.ch\/fr\/wp-json\/wp\/v2\/product_cat?post=9063424"},{"taxonomy":"product_tag","embeddable":true,"href":"https:\/\/www.fitness-flohmarkt.ch\/fr\/wp-json\/wp\/v2\/product_tag?post=9063424"}],"curies":[{"name":"wp","href":"https:\/\/api.w.org\/{rel}","templated":true}]}}