{"id":9063420,"date":"2026-03-23T15:10:21","date_gmt":"2026-03-23T14:10:21","guid":{"rendered":"https:\/\/www.fitness-flohmarkt.ch\/produkt\/realleader-hyperextension-fw-2006\/"},"modified":"2026-05-05T13:45:07","modified_gmt":"2026-05-05T11:45:07","slug":"realleader-hyperextension-fw-2006","status":"publish","type":"product","link":"https:\/\/www.fitness-flohmarkt.ch\/fr\/produkt\/realleader-hyperextension-fw-2006\/","title":{"rendered":"Hyperextension RealLeader | FW-2006"},"content":{"rendered":"<h3 class=\"mb-2 whitespace-pre-wrap\">RealLeader Hyperextension FW-2006<\/h3>\n<p class=\"mb-2 whitespace-pre-wrap\">Cette machine d'hyperextension dispose de coussins pour les hanches avec un guidage par rail, ce qui permet de l'adapter facilement \u00e0 la taille de l'utilisateur. Elle a des poign\u00e9es de soutien suppl\u00e9mentaires pour aider \u00e0 entrer et sortir de la machine. Elle est tr\u00e8s robuste et durable par rapport \u00e0 de nombreuses autres machines d'hyperextension et convient donc \u00e0 une utilisation quotidienne intensive dans chaque studio.<\/p>\n<ul>\n<li class=\"mb-2 whitespace-pre-wrap\">Dimensions : 1460 x 760 x 1080 mm<\/li>\n<li class=\"mb-2 whitespace-pre-wrap\">Poids net : 43 kg<\/li>\n<\/ul>\n<p class=\"mb-2 whitespace-pre-wrap\"><strong>Couleur :<\/strong> Cadre Olive Gold, coussins bruns avec coutures blanches<\/p>\n<p class=\"mb-2 whitespace-pre-wrap\"><strong>FW Line :<\/strong> La s\u00e9rie FW offre des si\u00e8ges adaptables avec une finition en cuir de qualit\u00e9 marine pour une durabilit\u00e9 sup\u00e9rieure et cinq fois moins de r\u00e9tention de la transpiration. Construite en acier renforc\u00e9 de 3 mm, la s\u00e9rie FW est con\u00e7ue pour r\u00e9sister aux entra\u00eenements les plus intenses et combiner sophistication et personnalisation.<\/p>","protected":false},"excerpt":{"rendered":"<p>RealLeader Hyperextension FW-2006 - Machine d'hyperextension robuste avec coussinets de hanche r\u00e9glables sur rail pour un ajustement facile de la hauteur. Poign\u00e9es de soutien suppl\u00e9mentaires pour l'entr\u00e9e et la sortie. Tr\u00e8s robuste et durable pour une utilisation quotidienne intensive en studio. Acier renforc\u00e9 de 3 mm avec finition en cuir de qualit\u00e9 marine. 146 x 76 x 108 cm, 43 kg. Cadre Olive Gold, rembourrage marron.<\/p>","protected":false},"featured_media":9066682,"comment_status":"closed","ping_status":"closed","template":"","meta":{"_acf_changed":false,"_gspb_post_css":""},"product_brand":[1054],"product_cat":[813,358],"product_tag":[],"class_list":{"0":"post-9063420","1":"product","2":"type-product","3":"status-publish","4":"has-post-thumbnail","6":"product_brand-realleader","7":"product_cat-fg-diverse","8":"product_cat-hantelbaenke","9":"product_shipping_class-nicht-stapelbar","11":"first","12":"instock","13":"sale","14":"taxable","15":"shipping-taxable","16":"purchasable","17":"product-type-simple"},"bundled_by":[],"bundle_stock_status":"instock","bundle_stock_quantity":1,"bundle_virtual":false,"bundle_layout":"","bundle_add_to_cart_form_location":"","bundle_editable_in_cart":false,"bundle_sold_individually_context":"","bundle_item_grouping":"","bundle_min_size":"","bundle_max_size":"","bundle_price":[],"bundled_items":[],"bundle_sell_ids":[],"acf":[],"df_price":890,"df_sale_price":890,"df_regular_price":1190,"df_image_link":"https:\/\/www.fitness-flohmarkt.ch\/wp-content\/uploads\/Kein-Titel-1200-x-1200-px-5-2-300x300.avif","_links":{"self":[{"href":"https:\/\/www.fitness-flohmarkt.ch\/fr\/wp-json\/wp\/v2\/product\/9063420","targetHints":{"allow":["GET"]}}],"collection":[{"href":"https:\/\/www.fitness-flohmarkt.ch\/fr\/wp-json\/wp\/v2\/product"}],"about":[{"href":"https:\/\/www.fitness-flohmarkt.ch\/fr\/wp-json\/wp\/v2\/types\/product"}],"replies":[{"embeddable":true,"href":"https:\/\/www.fitness-flohmarkt.ch\/fr\/wp-json\/wp\/v2\/comments?post=9063420"}],"wp:featuredmedia":[{"embeddable":true,"href":"https:\/\/www.fitness-flohmarkt.ch\/fr\/wp-json\/wp\/v2\/media\/9066682"}],"wp:attachment":[{"href":"https:\/\/www.fitness-flohmarkt.ch\/fr\/wp-json\/wp\/v2\/media?parent=9063420"}],"wp:term":[{"taxonomy":"product_brand","embeddable":true,"href":"https:\/\/www.fitness-flohmarkt.ch\/fr\/wp-json\/wp\/v2\/product_brand?post=9063420"},{"taxonomy":"product_cat","embeddable":true,"href":"https:\/\/www.fitness-flohmarkt.ch\/fr\/wp-json\/wp\/v2\/product_cat?post=9063420"},{"taxonomy":"product_tag","embeddable":true,"href":"https:\/\/www.fitness-flohmarkt.ch\/fr\/wp-json\/wp\/v2\/product_tag?post=9063420"}],"curies":[{"name":"wp","href":"https:\/\/api.w.org\/{rel}","templated":true}]}}