{"id":9061588,"date":"2026-02-26T16:50:38","date_gmt":"2026-02-26T15:50:38","guid":{"rendered":"https:\/\/www.fitness-flohmarkt.ch\/produkt\/plate-loaded-biceps-curl-occasion-2\/"},"modified":"2026-02-26T16:50:38","modified_gmt":"2026-02-26T15:50:38","slug":"plate-loaded-biceps-curl-occasion-2","status":"publish","type":"product","link":"https:\/\/www.fitness-flohmarkt.ch\/fr\/produkt\/plate-loaded-biceps-curl-occasion-2\/","title":{"rendered":"Plate Loaded Biceps Curl | Occasion"},"content":{"rendered":"<p>Occasion Biceps Curl Plate Loaded (No Name) selon les images.<\/p>","protected":false},"excerpt":{"rendered":"<p><strong>Les articles d'occasion pr\u00e9sentent des traces dues \u00e0 l'utilisation. Il est recommand\u00e9 de se rendre sur place pour se faire une id\u00e9e personnelle.<\/strong><\/p>","protected":false},"featured_media":9061586,"comment_status":"closed","ping_status":"closed","template":"","meta":{"_acf_changed":false,"_gspb_post_css":""},"product_brand":[],"product_cat":[313,342],"product_tag":[309],"class_list":{"0":"post-9061588","1":"product","2":"type-product","3":"status-publish","4":"has-post-thumbnail","6":"product_cat-outlet","7":"product_cat-plate-loaded","8":"product_tag-occasion","10":"first","11":"instock","12":"taxable","13":"shipping-taxable","14":"purchasable","15":"product-type-simple"},"bundled_by":[],"bundle_stock_status":"instock","bundle_stock_quantity":1,"bundle_virtual":false,"bundle_layout":"","bundle_add_to_cart_form_location":"","bundle_editable_in_cart":false,"bundle_sold_individually_context":"","bundle_item_grouping":"","bundle_min_size":"","bundle_max_size":"","bundle_price":[],"bundled_items":[],"bundle_sell_ids":[],"acf":[],"df_price":990,"df_sale_price":"","df_regular_price":990,"df_image_link":"https:\/\/www.fitness-flohmarkt.ch\/wp-content\/uploads\/WhatsApp-Image-2026-02-17-at-08.55.53-2-225x300.jpeg","_links":{"self":[{"href":"https:\/\/www.fitness-flohmarkt.ch\/fr\/wp-json\/wp\/v2\/product\/9061588","targetHints":{"allow":["GET"]}}],"collection":[{"href":"https:\/\/www.fitness-flohmarkt.ch\/fr\/wp-json\/wp\/v2\/product"}],"about":[{"href":"https:\/\/www.fitness-flohmarkt.ch\/fr\/wp-json\/wp\/v2\/types\/product"}],"replies":[{"embeddable":true,"href":"https:\/\/www.fitness-flohmarkt.ch\/fr\/wp-json\/wp\/v2\/comments?post=9061588"}],"wp:featuredmedia":[{"embeddable":true,"href":"https:\/\/www.fitness-flohmarkt.ch\/fr\/wp-json\/wp\/v2\/media\/9061586"}],"wp:attachment":[{"href":"https:\/\/www.fitness-flohmarkt.ch\/fr\/wp-json\/wp\/v2\/media?parent=9061588"}],"wp:term":[{"taxonomy":"product_brand","embeddable":true,"href":"https:\/\/www.fitness-flohmarkt.ch\/fr\/wp-json\/wp\/v2\/product_brand?post=9061588"},{"taxonomy":"product_cat","embeddable":true,"href":"https:\/\/www.fitness-flohmarkt.ch\/fr\/wp-json\/wp\/v2\/product_cat?post=9061588"},{"taxonomy":"product_tag","embeddable":true,"href":"https:\/\/www.fitness-flohmarkt.ch\/fr\/wp-json\/wp\/v2\/product_tag?post=9061588"}],"curies":[{"name":"wp","href":"https:\/\/api.w.org\/{rel}","templated":true}]}}