{"id":9060457,"date":"2026-02-13T09:30:24","date_gmt":"2026-02-13T08:30:24","guid":{"rendered":"https:\/\/www.fitness-flohmarkt.ch\/produkt\/keiser-indoor-cycle-m3-spinning-bike\/"},"modified":"2026-04-20T16:50:36","modified_gmt":"2026-04-20T14:50:36","slug":"keiser-indoor-cycle-m3-spinning-bike","status":"publish","type":"product","link":"https:\/\/www.fitness-flohmarkt.ch\/fr\/produkt\/keiser-indoor-cycle-m3-spinning-bike\/","title":{"rendered":"Keiser Indoor Cycle M3 | V\u00e9lo de spinning"},"content":{"rendered":"<h3 data-start=\"382\" data-end=\"454\">Keiser M3 - Le v\u00e9lo d'int\u00e9rieur classique en qualit\u00e9 studio puriste<\/h3>\n<p data-start=\"456\" data-end=\"801\">Le M3 de Keiser (5501BBN) est la version de base \u00e9prouv\u00e9e de la l\u00e9gendaire s\u00e9rie de v\u00e9los d'int\u00e9rieur Keiser et est synonyme de robustesse maximale et de long\u00e9vit\u00e9 sans compromis. D\u00e9velopp\u00e9 pour une utilisation professionnelle en studio, le v\u00e9lo convainc par son syst\u00e8me de freinage magn\u00e9tique n\u00e9cessitant peu d'entretien, son entra\u00eenement silencieux par courroie et sa construction de cadre en V stable.<\/p>\n<p data-start=\"803\" data-end=\"979\">Contrairement au M3i, le M3 renonce d\u00e9lib\u00e9r\u00e9ment \u00e0 un \u00e9cran et se concentre enti\u00e8rement sur une exp\u00e9rience d'entra\u00eenement classique et fiable.<\/p>\n<h4 data-start=\"1799\" data-end=\"1853\">La technique \u00e9prouv\u00e9e de Keiser pour une fiabilit\u00e9 maximale<\/h4>\n<p data-start=\"1855\" data-end=\"2158\">L'entra\u00eenement par courroie trap\u00e9zo\u00efdale Poly-V sans entretien, combin\u00e9 au syst\u00e8me de r\u00e9sistance magn\u00e9tique, procure une sensation de course presque silencieuse et r\u00e9guli\u00e8re. Avec 24 niveaux de r\u00e9sistance, l'entra\u00eenement peut \u00eatre contr\u00f4l\u00e9 avec pr\u00e9cision - des courses d'endurance d\u00e9contract\u00e9es aux intervalles intensifs.<\/p>\n<p data-start=\"2160\" data-end=\"2246\">La fonction d'arr\u00eat rapide int\u00e9gr\u00e9e offre une s\u00e9curit\u00e9 suppl\u00e9mentaire \u00e0 chaque unit\u00e9.<\/p>\n<h4 data-start=\"2253\" data-end=\"2292\">Ergonomie &amp; confort sans compromis<\/h4>\n<p data-start=\"2294\" data-end=\"2423\">La construction stable du cadre en V garantit une stabilit\u00e9 maximale et une grande capacit\u00e9 de charge pour une utilisation quotidienne en studio.<\/p>\n<p data-start=\"2425\" data-end=\"2605\">Le guidon est r\u00e9glable verticalement (2-Way), la selle \u00e0 la fois horizontalement et verticalement (4-Way), ce qui permet d'adapter le v\u00e9lo de mani\u00e8re optimale aux diff\u00e9rentes tailles.<\/p>\n<p data-start=\"2607\" data-end=\"2775\">Les p\u00e9dales combin\u00e9es (syst\u00e8me de clic SPD + panier), la selle confort, les coussinets stretch, un porte-bidon int\u00e9gr\u00e9 ainsi que des roulettes de transport apportent un confort suppl\u00e9mentaire.<\/p>\n<h4 data-start=\"2782\" data-end=\"2817\">Aper\u00e7u des donn\u00e9es techniques<\/h4>\n<ul>\n<li data-start=\"2819\" data-end=\"3509\"><strong data-start=\"2819\" data-end=\"2841\">Syst\u00e8me de r\u00e9sistance :<\/strong> Frein magn\u00e9tique \u00e0 24 vitesses<\/li>\n<li data-start=\"2819\" data-end=\"3509\"><strong data-start=\"2883\" data-end=\"2895\">Propulsion :<\/strong> Courroie trap\u00e9zo\u00efdale Poly-V sans entretien<\/li>\n<li data-start=\"2819\" data-end=\"3509\"><strong data-start=\"3094\" data-end=\"3112\">La connectivit\u00e9 :<\/strong> pas de<\/li>\n<li data-start=\"2819\" data-end=\"3509\"><strong data-start=\"3121\" data-end=\"3143\">R\u00e9glage du guidon :<\/strong> vertical (2 voies)<\/li>\n<li data-start=\"2819\" data-end=\"3509\"><strong data-start=\"3163\" data-end=\"3185\">R\u00e9glage de la selle :<\/strong> horizontal + vertical (4-way)<\/li>\n<li data-start=\"2819\" data-end=\"3509\"><strong data-start=\"3218\" data-end=\"3229\">Cadre :<\/strong> Construction du cadre en V<\/li>\n<li data-start=\"2819\" data-end=\"3509\"><strong data-start=\"3253\" data-end=\"3264\">P\u00e9dales :<\/strong> P\u00e9dales combin\u00e9es (clic SPD \/ panier de course)<\/li>\n<li data-start=\"2819\" data-end=\"3509\"><strong data-start=\"3306\" data-end=\"3329\">Max. Poids de l'utilisateur :<\/strong> 136 kg<\/li>\n<li data-start=\"2819\" data-end=\"3509\"><strong data-start=\"3339\" data-end=\"3350\">Les extras :<\/strong> Fonction d'arr\u00eat rapide, porte-bouteille, roulettes de transport<\/li>\n<li data-start=\"2819\" data-end=\"3509\"><strong data-start=\"3470\" data-end=\"3480\">Couleur :<\/strong> Noir avec des accents rouges<\/li>\n<li><strong data-start=\"3627\" data-end=\"3639\">Poids :<\/strong> 39 kg<\/li>\n<li data-start=\"2819\" data-end=\"3509\"><strong>Keiser SKU :<\/strong> 5501BBN<\/li>\n<\/ul>","protected":false},"excerpt":{"rendered":"<p>Le v\u00e9lo d'int\u00e9rieur M3 de Keiser sans \u00e9cran est un v\u00e9lo \u00e9prouv\u00e9 pour une utilisation professionnelle. Entra\u00eenement par courroie sans entretien, syst\u00e8me de r\u00e9sistance magn\u00e9tique avec 24 niveaux, presque silencieux. Guidon r\u00e9glable sur 2 positions, selle r\u00e9glable sur 4 positions. P\u00e9dales combin\u00e9es (SPD\/corbeille), poids maximum de l'utilisateur : 136 kg. Robuste et durable.<\/p>","protected":false},"featured_media":9065177,"comment_status":"closed","ping_status":"closed","template":"","meta":{"_acf_changed":false,"_gspb_post_css":""},"product_brand":[1041],"product_cat":[818,304,311],"product_tag":[],"class_list":{"0":"post-9060457","1":"product","2":"type-product","3":"status-publish","4":"has-post-thumbnail","6":"product_brand-keiser","7":"product_cat-conditioning","8":"product_cat-reha-physio","9":"product_cat-spinningbikes","10":"product_shipping_class-standard","12":"first","13":"instock","14":"taxable","15":"shipping-taxable","16":"purchasable","17":"product-type-simple"},"bundled_by":[],"bundle_stock_status":"instock","bundle_stock_quantity":2,"bundle_virtual":false,"bundle_layout":"","bundle_add_to_cart_form_location":"","bundle_editable_in_cart":false,"bundle_sold_individually_context":"","bundle_item_grouping":"","bundle_min_size":"","bundle_max_size":"","bundle_price":[],"bundled_items":[],"bundle_sell_ids":[],"acf":[],"df_price":1990,"df_sale_price":"","df_regular_price":1990,"df_image_link":"https:\/\/www.fitness-flohmarkt.ch\/wp-content\/uploads\/copy_C4677CF3-9A2B-4F7D-85CA-247DEE6D7B17-3-300x300.avif","_links":{"self":[{"href":"https:\/\/www.fitness-flohmarkt.ch\/fr\/wp-json\/wp\/v2\/product\/9060457","targetHints":{"allow":["GET"]}}],"collection":[{"href":"https:\/\/www.fitness-flohmarkt.ch\/fr\/wp-json\/wp\/v2\/product"}],"about":[{"href":"https:\/\/www.fitness-flohmarkt.ch\/fr\/wp-json\/wp\/v2\/types\/product"}],"replies":[{"embeddable":true,"href":"https:\/\/www.fitness-flohmarkt.ch\/fr\/wp-json\/wp\/v2\/comments?post=9060457"}],"wp:featuredmedia":[{"embeddable":true,"href":"https:\/\/www.fitness-flohmarkt.ch\/fr\/wp-json\/wp\/v2\/media\/9065177"}],"wp:attachment":[{"href":"https:\/\/www.fitness-flohmarkt.ch\/fr\/wp-json\/wp\/v2\/media?parent=9060457"}],"wp:term":[{"taxonomy":"product_brand","embeddable":true,"href":"https:\/\/www.fitness-flohmarkt.ch\/fr\/wp-json\/wp\/v2\/product_brand?post=9060457"},{"taxonomy":"product_cat","embeddable":true,"href":"https:\/\/www.fitness-flohmarkt.ch\/fr\/wp-json\/wp\/v2\/product_cat?post=9060457"},{"taxonomy":"product_tag","embeddable":true,"href":"https:\/\/www.fitness-flohmarkt.ch\/fr\/wp-json\/wp\/v2\/product_tag?post=9060457"}],"curies":[{"name":"wp","href":"https:\/\/api.w.org\/{rel}","templated":true}]}}