{"id":9056732,"date":"2026-01-07T09:30:30","date_gmt":"2026-01-07T08:30:30","guid":{"rendered":"https:\/\/www.fitness-flohmarkt.ch\/produkt\/hantelscheiben-wandhalterung-wall-plate-storage\/"},"modified":"2026-04-09T02:11:32","modified_gmt":"2026-04-09T00:11:32","slug":"support-mural-pour-disques-dhalteres-wall-plate-storage","status":"publish","type":"product","link":"https:\/\/www.fitness-flohmarkt.ch\/fr\/produkt\/hantelscheiben-wandhalterung-wall-plate-storage\/","title":{"rendered":"Support mural pour disques d'halt\u00e8res | Wall Plate Storage"},"content":{"rendered":"<h3>Support mural pour disques d'halt\u00e8res - Wall Plate Storage<\/h3>\n<p data-start=\"299\" data-end=\"544\">Le support mural pour disques d'halt\u00e8res est adapt\u00e9 au stockage ordonn\u00e9 et peu encombrant des disques de poids directement sur le mur. Elle se monte individuellement et est id\u00e9ale pour les gymnases \u00e0 domicile ou les studios o\u00f9 l'espace est limit\u00e9.<\/p>\n<p data-start=\"546\" data-end=\"747\">Gr\u00e2ce \u00e0 la fixation murale, le sol reste libre, ce qui am\u00e9liore la clart\u00e9 et la s\u00e9curit\u00e9 dans la zone d'entra\u00eenement. Le logement est adapt\u00e9 \u00e0 tous les disques d'halt\u00e8res courants avec un trou de 50 mm.<\/p>\n<p data-start=\"749\" data-end=\"819\" data-is-last-node=\"\" data-is-only-node=\"\"><strong data-start=\"749\" data-end=\"761\">Remarque :<\/strong> Le mat\u00e9riel de fixation n'est pas compris dans la livraison.<\/p>","protected":false},"excerpt":{"rendered":"<p>Support mural pour disques d'halt\u00e8res pour un stockage peu encombrant des disques de poids avec un trou de 50 mm. Peut \u00eatre mont\u00e9 individuellement. Garde le sol libre pour plus de s\u00e9curit\u00e9 et de visibilit\u00e9.<\/p>","protected":false},"featured_media":9064179,"comment_status":"closed","ping_status":"closed","template":"","meta":{"_acf_changed":false,"_gspb_post_css":""},"product_brand":[1000],"product_cat":[319,950],"product_tag":[],"class_list":{"0":"post-9056732","1":"product","2":"type-product","3":"status-publish","4":"has-post-thumbnail","6":"product_brand-fitcom","7":"product_cat-fitness-zubehoer","8":"product_cat-rr-zubehoer","10":"first","11":"instock","12":"taxable","13":"shipping-taxable","14":"purchasable","15":"product-type-simple"},"bundled_by":[],"bundle_stock_status":"instock","bundle_stock_quantity":56,"bundle_virtual":false,"bundle_layout":"","bundle_add_to_cart_form_location":"","bundle_editable_in_cart":false,"bundle_sold_individually_context":"","bundle_item_grouping":"","bundle_min_size":"","bundle_max_size":"","bundle_price":[],"bundled_items":[],"bundle_sell_ids":[],"acf":[],"df_price":25,"df_sale_price":"","df_regular_price":25,"df_image_link":"https:\/\/www.fitness-flohmarkt.ch\/wp-content\/uploads\/gewichtstange_1-5-300x300.avif","_links":{"self":[{"href":"https:\/\/www.fitness-flohmarkt.ch\/fr\/wp-json\/wp\/v2\/product\/9056732","targetHints":{"allow":["GET"]}}],"collection":[{"href":"https:\/\/www.fitness-flohmarkt.ch\/fr\/wp-json\/wp\/v2\/product"}],"about":[{"href":"https:\/\/www.fitness-flohmarkt.ch\/fr\/wp-json\/wp\/v2\/types\/product"}],"replies":[{"embeddable":true,"href":"https:\/\/www.fitness-flohmarkt.ch\/fr\/wp-json\/wp\/v2\/comments?post=9056732"}],"wp:featuredmedia":[{"embeddable":true,"href":"https:\/\/www.fitness-flohmarkt.ch\/fr\/wp-json\/wp\/v2\/media\/9064179"}],"wp:attachment":[{"href":"https:\/\/www.fitness-flohmarkt.ch\/fr\/wp-json\/wp\/v2\/media?parent=9056732"}],"wp:term":[{"taxonomy":"product_brand","embeddable":true,"href":"https:\/\/www.fitness-flohmarkt.ch\/fr\/wp-json\/wp\/v2\/product_brand?post=9056732"},{"taxonomy":"product_cat","embeddable":true,"href":"https:\/\/www.fitness-flohmarkt.ch\/fr\/wp-json\/wp\/v2\/product_cat?post=9056732"},{"taxonomy":"product_tag","embeddable":true,"href":"https:\/\/www.fitness-flohmarkt.ch\/fr\/wp-json\/wp\/v2\/product_tag?post=9056732"}],"curies":[{"name":"wp","href":"https:\/\/api.w.org\/{rel}","templated":true}]}}