{"id":9055668,"date":"2025-12-23T15:10:16","date_gmt":"2025-12-23T14:10:16","guid":{"rendered":"https:\/\/www.fitness-flohmarkt.ch\/produkt\/bodenmatte-gummi-100-x-100-x-1-5-cm-occasion\/"},"modified":"2026-04-29T08:50:20","modified_gmt":"2026-04-29T06:50:20","slug":"tapis-de-sol-en-caoutchouc-100-x-100-x-1-5-cm-occasion","status":"publish","type":"product","link":"https:\/\/www.fitness-flohmarkt.ch\/fr\/produkt\/bodenmatte-gummi-100-x-100-x-1-5-cm-occasion\/","title":{"rendered":"Tapis de sol en caoutchouc 100 x 100 x 1.5 cm 36 m2 | Occasion"},"content":{"rendered":"<p>&nbsp;<\/p>\n<p>&nbsp;<\/p>","protected":false},"excerpt":{"rendered":"<p>Les articles d'occasion pr\u00e9sentent des traces dues \u00e0 l'utilisation. Il est recommand\u00e9 de se rendre sur place pour se faire une id\u00e9e personnelle.<\/p>","protected":false},"featured_media":9066187,"comment_status":"closed","ping_status":"closed","template":"","meta":{"_acf_changed":false,"_gspb_post_css":""},"product_brand":[1000],"product_cat":[804,313],"product_tag":[309],"class_list":{"0":"post-9055668","1":"product","2":"type-product","3":"status-publish","4":"has-post-thumbnail","6":"product_brand-fitcom","7":"product_cat-fitness-bodenschutzmatte","8":"product_cat-outlet","9":"product_tag-occasion","10":"product_shipping_class-nicht-stapelbar","12":"first","13":"instock","14":"taxable","15":"shipping-taxable","16":"purchasable","17":"product-type-simple"},"bundled_by":[],"bundle_stock_status":"instock","bundle_stock_quantity":1,"bundle_virtual":false,"bundle_layout":"","bundle_add_to_cart_form_location":"","bundle_editable_in_cart":false,"bundle_sold_individually_context":"","bundle_item_grouping":"","bundle_min_size":"","bundle_max_size":"","bundle_price":[],"bundled_items":[],"bundle_sell_ids":[],"acf":[],"df_price":750,"df_sale_price":"","df_regular_price":750,"df_image_link":"https:\/\/www.fitness-flohmarkt.ch\/wp-content\/uploads\/unnamed-4-20-225x300.avif","_links":{"self":[{"href":"https:\/\/www.fitness-flohmarkt.ch\/fr\/wp-json\/wp\/v2\/product\/9055668","targetHints":{"allow":["GET"]}}],"collection":[{"href":"https:\/\/www.fitness-flohmarkt.ch\/fr\/wp-json\/wp\/v2\/product"}],"about":[{"href":"https:\/\/www.fitness-flohmarkt.ch\/fr\/wp-json\/wp\/v2\/types\/product"}],"replies":[{"embeddable":true,"href":"https:\/\/www.fitness-flohmarkt.ch\/fr\/wp-json\/wp\/v2\/comments?post=9055668"}],"wp:featuredmedia":[{"embeddable":true,"href":"https:\/\/www.fitness-flohmarkt.ch\/fr\/wp-json\/wp\/v2\/media\/9066187"}],"wp:attachment":[{"href":"https:\/\/www.fitness-flohmarkt.ch\/fr\/wp-json\/wp\/v2\/media?parent=9055668"}],"wp:term":[{"taxonomy":"product_brand","embeddable":true,"href":"https:\/\/www.fitness-flohmarkt.ch\/fr\/wp-json\/wp\/v2\/product_brand?post=9055668"},{"taxonomy":"product_cat","embeddable":true,"href":"https:\/\/www.fitness-flohmarkt.ch\/fr\/wp-json\/wp\/v2\/product_cat?post=9055668"},{"taxonomy":"product_tag","embeddable":true,"href":"https:\/\/www.fitness-flohmarkt.ch\/fr\/wp-json\/wp\/v2\/product_tag?post=9055668"}],"curies":[{"name":"wp","href":"https:\/\/api.w.org\/{rel}","templated":true}]}}