{"id":9055235,"date":"2025-12-18T11:10:21","date_gmt":"2025-12-18T10:10:21","guid":{"rendered":"https:\/\/www.fitness-flohmarkt.ch\/produkt\/shuttle-rebound-reaktionstrainer-fuer-medizinbaelle-occasion-im-kundenauftrag\/"},"modified":"2026-02-11T12:10:27","modified_gmt":"2026-02-11T11:10:27","slug":"shuttle-rebound-entraineur-de-reaction-pour-les-balles-medicales-occasion-pour-le-client","status":"publish","type":"product","link":"https:\/\/www.fitness-flohmarkt.ch\/fr\/produkt\/shuttle-rebound-reaktionstrainer-fuer-medizinbaelle-occasion-im-kundenauftrag\/","title":{"rendered":"Entra\u00eeneur de r\u00e9action Rebound pour m\u00e9decine-ball | Occasion en commande client"},"content":{"rendered":"<h3 data-start=\"85\" data-end=\"127\">Entra\u00eeneur de r\u00e9action Rebound pour m\u00e9decine-ball | Occasion en commande client<\/h3>\n<p>L'appareil est en tr\u00e8s bon \u00e9tat, a \u00e9t\u00e9 utilis\u00e9 avec soin et fonctionne parfaitement. Importation des \u00c9tats-Unis.<\/p>\n<ul data-start=\"480\" data-end=\"571\">\n<li data-start=\"480\" data-end=\"513\">\n<p data-start=\"482\" data-end=\"513\"><strong data-start=\"482\" data-end=\"500\">Capacit\u00e9 de charge :<\/strong> jusqu'\u00e0 159 kg<\/p>\n<\/li>\n<li data-start=\"514\" data-end=\"538\">\n<p data-start=\"516\" data-end=\"538\"><strong data-start=\"516\" data-end=\"528\">Poids :<\/strong> 34,5 kg<\/p>\n<\/li>\n<li data-start=\"539\" data-end=\"571\">\n<p data-start=\"541\" data-end=\"571\"><strong data-start=\"541\" data-end=\"558\">Surface de saut :<\/strong> 64 \u00d7 64 cm<\/p>\n<\/li>\n<\/ul>\n<p><strong>Remarque : ramassage \u00e0 Vaduz LI<\/strong><\/p>\n<p>&nbsp;<\/p>","protected":false},"excerpt":{"rendered":"<p><strong>Vendu pour le compte d'un client et doit \u00eatre retir\u00e9 \u00e0 Vaduz LI. En cas d'achat, nous te mettrons en contact avec le vendeur.<\/strong><\/p>","protected":false},"featured_media":9060303,"comment_status":"closed","ping_status":"closed","template":"","meta":{"_acf_changed":false,"_gspb_post_css":""},"product_brand":[],"product_cat":[813,313],"product_tag":[309],"class_list":{"0":"post-9055235","1":"product","2":"type-product","3":"status-publish","4":"has-post-thumbnail","6":"product_cat-fg-diverse","7":"product_cat-outlet","8":"product_tag-occasion","9":"product_shipping_class-nur-abholung","11":"first","12":"instock","13":"taxable","14":"shipping-taxable","15":"purchasable","16":"product-type-simple"},"bundled_by":[],"bundle_stock_status":"instock","bundle_stock_quantity":1,"bundle_virtual":false,"bundle_layout":"","bundle_add_to_cart_form_location":"","bundle_editable_in_cart":false,"bundle_sold_individually_context":"","bundle_item_grouping":"","bundle_min_size":"","bundle_max_size":"","bundle_price":[],"bundled_items":[],"bundle_sell_ids":[],"acf":[],"df_price":745,"df_sale_price":"","df_regular_price":745,"df_image_link":"https:\/\/www.fitness-flohmarkt.ch\/wp-content\/uploads\/image001-3-300x202.png","_links":{"self":[{"href":"https:\/\/www.fitness-flohmarkt.ch\/fr\/wp-json\/wp\/v2\/product\/9055235","targetHints":{"allow":["GET"]}}],"collection":[{"href":"https:\/\/www.fitness-flohmarkt.ch\/fr\/wp-json\/wp\/v2\/product"}],"about":[{"href":"https:\/\/www.fitness-flohmarkt.ch\/fr\/wp-json\/wp\/v2\/types\/product"}],"replies":[{"embeddable":true,"href":"https:\/\/www.fitness-flohmarkt.ch\/fr\/wp-json\/wp\/v2\/comments?post=9055235"}],"wp:featuredmedia":[{"embeddable":true,"href":"https:\/\/www.fitness-flohmarkt.ch\/fr\/wp-json\/wp\/v2\/media\/9060303"}],"wp:attachment":[{"href":"https:\/\/www.fitness-flohmarkt.ch\/fr\/wp-json\/wp\/v2\/media?parent=9055235"}],"wp:term":[{"taxonomy":"product_brand","embeddable":true,"href":"https:\/\/www.fitness-flohmarkt.ch\/fr\/wp-json\/wp\/v2\/product_brand?post=9055235"},{"taxonomy":"product_cat","embeddable":true,"href":"https:\/\/www.fitness-flohmarkt.ch\/fr\/wp-json\/wp\/v2\/product_cat?post=9055235"},{"taxonomy":"product_tag","embeddable":true,"href":"https:\/\/www.fitness-flohmarkt.ch\/fr\/wp-json\/wp\/v2\/product_tag?post=9055235"}],"curies":[{"name":"wp","href":"https:\/\/api.w.org\/{rel}","templated":true}]}}