{"id":9053071,"date":"2025-11-26T15:30:20","date_gmt":"2025-11-26T14:30:20","guid":{"rendered":"https:\/\/www.fitness-flohmarkt.ch\/produkt\/beyond-power-diy-dock-mit-base-plate-halterung\/"},"modified":"2026-03-01T23:39:21","modified_gmt":"2026-03-01T22:39:21","slug":"beyond-power-diy-dock-avec-support-base-plate","status":"publish","type":"product","link":"https:\/\/www.fitness-flohmarkt.ch\/fr\/produkt\/beyond-power-diy-dock-mit-base-plate-halterung\/","title":{"rendered":"Beyond Power DIY Dock avec Base Plate | Support"},"content":{"rendered":"<h3>Beyond Power DIY Dock avec Base Plate | Support<\/h3>\n<ul>\n<li class=\"font-claude-response-body whitespace-normal break-words\"><strong>Deux options d'installation :<\/strong> Montage sur panneau de bois ou sur mur en b\u00e9ton - le DIY Dock avec plaque de base s'adapte \u00e0 ton espace.<\/li>\n<li class=\"font-claude-response-body whitespace-normal break-words\"><strong>Conception usin\u00e9e avec pr\u00e9cision :<\/strong> Construit en acier inoxydable de haute qualit\u00e9 pour une force qui ne faiblit pas.<\/li>\n<li class=\"font-claude-response-body whitespace-normal break-words\"><strong>Petit encombrement, potentiel illimit\u00e9 :<\/strong> Avec seulement 5,6\u00d73,6\u00d71,7 pouces et 2,2 lbs, il offre une polyvalence maximale.<\/li>\n<li class=\"font-claude-response-body whitespace-normal break-words\"><strong>Durabilit\u00e9 test\u00e9e par la communaut\u00e9 :<\/strong> Construit pour r\u00e9sister \u00e0 la cr\u00e9ativit\u00e9 de nos utilisateurs les plus ambitieux.<\/li>\n<li class=\"font-claude-response-body whitespace-normal break-words\"><strong>Sp\u00e9cifications :<\/strong><\/li>\n<li class=\"font-claude-response-body whitespace-normal break-words\"><strong>Dimensions (L\u00d7l\u00d7H) :<\/strong> 5,6 \u00d7 3,6 \u00d7 1,7 pouces (143 \u00d7 92 \u00d7 43 mm)<\/li>\n<li class=\"font-claude-response-body whitespace-normal break-words\"><strong>Poids :<\/strong> 2,2 lbs (909 g)<\/li>\n<li class=\"font-claude-response-body whitespace-normal break-words\"><strong>mat\u00e9riel :<\/strong> Construction en acier inoxydable de haute qualit\u00e9<\/li>\n<li class=\"font-claude-response-body whitespace-normal break-words\"><strong>La compatibilit\u00e9 :<\/strong> Interface de montage universelle VOLTRA I<\/li>\n<\/ul>","protected":false},"excerpt":{"rendered":"<p>Beyond Power est synonyme d'accessoires d'entra\u00eenement fonctionnels qui se distinguent par leur grande qualit\u00e9 de fabrication, leur facilit\u00e9 d'utilisation et leurs multiples possibilit\u00e9s d'utilisation. Cet appareil de traction \u00e0 c\u00e2ble peut \u00eatre combin\u00e9 de mani\u00e8re appropri\u00e9e avec les poign\u00e9es, les connexions et les extensions du syst\u00e8me Beyond Power.<\/p>","protected":false},"featured_media":9060310,"comment_status":"closed","ping_status":"closed","template":"","meta":{"_acf_changed":false,"_gspb_post_css":""},"product_brand":[1549],"product_cat":[813,319,304],"product_tag":[],"class_list":{"0":"post-9053071","1":"product","2":"type-product","3":"status-publish","4":"has-post-thumbnail","6":"product_brand-beyond-power","7":"product_cat-fg-diverse","8":"product_cat-fitness-zubehoer","9":"product_cat-reha-physio","11":"first","12":"instock","13":"taxable","14":"shipping-taxable","15":"purchasable","16":"product-type-simple"},"bundled_by":[],"bundle_stock_status":"instock","bundle_stock_quantity":10,"bundle_virtual":false,"bundle_layout":"","bundle_add_to_cart_form_location":"","bundle_editable_in_cart":false,"bundle_sold_individually_context":"","bundle_item_grouping":"","bundle_min_size":"","bundle_max_size":"","bundle_price":[],"bundled_items":[],"bundle_sell_ids":[],"acf":[],"df_price":239,"df_sale_price":"","df_regular_price":239,"df_image_link":"https:\/\/www.fitness-flohmarkt.ch\/wp-content\/uploads\/20250820-094643_1-3-300x300.png","_links":{"self":[{"href":"https:\/\/www.fitness-flohmarkt.ch\/fr\/wp-json\/wp\/v2\/product\/9053071","targetHints":{"allow":["GET"]}}],"collection":[{"href":"https:\/\/www.fitness-flohmarkt.ch\/fr\/wp-json\/wp\/v2\/product"}],"about":[{"href":"https:\/\/www.fitness-flohmarkt.ch\/fr\/wp-json\/wp\/v2\/types\/product"}],"replies":[{"embeddable":true,"href":"https:\/\/www.fitness-flohmarkt.ch\/fr\/wp-json\/wp\/v2\/comments?post=9053071"}],"wp:featuredmedia":[{"embeddable":true,"href":"https:\/\/www.fitness-flohmarkt.ch\/fr\/wp-json\/wp\/v2\/media\/9060310"}],"wp:attachment":[{"href":"https:\/\/www.fitness-flohmarkt.ch\/fr\/wp-json\/wp\/v2\/media?parent=9053071"}],"wp:term":[{"taxonomy":"product_brand","embeddable":true,"href":"https:\/\/www.fitness-flohmarkt.ch\/fr\/wp-json\/wp\/v2\/product_brand?post=9053071"},{"taxonomy":"product_cat","embeddable":true,"href":"https:\/\/www.fitness-flohmarkt.ch\/fr\/wp-json\/wp\/v2\/product_cat?post=9053071"},{"taxonomy":"product_tag","embeddable":true,"href":"https:\/\/www.fitness-flohmarkt.ch\/fr\/wp-json\/wp\/v2\/product_tag?post=9053071"}],"curies":[{"name":"wp","href":"https:\/\/api.w.org\/{rel}","templated":true}]}}