{"id":9052405,"date":"2025-11-17T13:30:15","date_gmt":"2025-11-17T12:30:15","guid":{"rendered":"https:\/\/www.fitness-flohmarkt.ch\/produkt\/realleader-treadmill-laufband-rct-900m\/"},"modified":"2026-04-22T16:50:21","modified_gmt":"2026-04-22T14:50:21","slug":"tapis-de-course-realleader-treadmill-rct-900m","status":"publish","type":"product","link":"https:\/\/www.fitness-flohmarkt.ch\/fr\/produkt\/realleader-treadmill-laufband-rct-900m\/","title":{"rendered":"RealLeader Treadmill RCT 900M"},"content":{"rendered":"<h3>Tapis de course RealLeader Treadmill RCT 900M<\/h3>\n<p>RCT 900M Tapis de course commercial. Un tapis de course performant et durable est une condition sine qua non pour toute salle de sport. Il dispose de r\u00e9glages d'inclinaison, d'une vitesse maximale de 20 km\/h et de plus de 30 programmes au choix pour des stimuli d'entra\u00eenement vari\u00e9s. L'\u00e9cran LED affiche le temps, la distance, l'inclinaison, la vitesse, la fr\u00e9quence cardiaque et les calories br\u00fbl\u00e9es et dispose de fonctions d'auto-arr\u00eat \/ d'arr\u00eat d'urgence. La surface de course de ce tapis de course est fabriqu\u00e9e en bois de pin r\u00e9sistant pour r\u00e9sister \u00e0 une utilisation longue et fr\u00e9quente.<\/p>\n<ul>\n<li>\u00c9cran : \u00e9cran LED<\/li>\n<li>Affichage LED : temps, distance, inclinaison, vitesse, fr\u00e9quence cardiaque, piste de 400m, calories.<\/li>\n<li>Surface de roulement : bois de pin r\u00e9sistant Surface au sol : 2170 x 930 x 1650 mm<\/li>\n<li>Taille de la bande : 550 \u00d7 3300 mm<\/li>\n<li>Poids net\/brut : 230 kg\/260 kg<\/li>\n<li>Besoin en \u00e9lectricit\u00e9 : 220 V\/50\/60 HZ<\/li>\n<li>Puissance du moteur : 4.0 HP<\/li>\n<li>Vitesse : 0,8-20 km\/h<\/li>\n<li>Pente : 0-20 %<\/li>\n<li>Inverter : Inverter de commande import\u00e9 de Mitsubishi<\/li>\n<li>Fonction : USB, MP3, auto-arr\u00eat et arr\u00eat d'urgence, 5 programmes de vitesse, 5 programmes d'inclinaison<\/li>\n<li>Mode d'entra\u00eenement : manuel P1-P4, 32 programmes avec un programme auto-d\u00e9fini qui ont des syst\u00e8mes de montagne et de colline.<\/li>\n<\/ul>\n<p>&nbsp;<\/p>","protected":false},"excerpt":{"rendered":"<p>RealLeader Treadmill Laufband RCT 900M RCT 900M Kommerzielles Laufband. Ein leistungsstarkes und langlebiges Laufband ist eine Grundvoraussetzung f\u00fcr jedes Fitnessstudio. Es verf\u00fcgt \u00fcber Steigungseinstellungen, eine H\u00f6chstgeschwindigkeit von 20 km\/h und \u00fcber 30 Programme zur Auswahl f\u00fcr abwechslungsreiche Trainingsreize. Das LED-Display zeigt Zeit, Distanz, Steigung, Geschwindigkeit, Herzfrequenz und verbrannte Kalorien an und verf\u00fcgt \u00fcber Selbststopp- \/ [&hellip;]<\/p>\n","protected":false},"featured_media":9065555,"comment_status":"closed","ping_status":"closed","template":"","meta":{"_acf_changed":false,"_gspb_post_css":""},"product_brand":[1054],"product_cat":[312],"product_tag":[],"class_list":{"0":"post-9052405","1":"product","2":"type-product","3":"status-publish","4":"has-post-thumbnail","6":"product_brand-realleader","7":"product_cat-laufbaender","8":"product_shipping_class-nicht-stapelbar","10":"first","11":"instock","12":"sale","13":"taxable","14":"shipping-taxable","15":"purchasable","16":"product-type-simple"},"bundled_by":[],"bundle_stock_status":"instock","bundle_stock_quantity":3,"bundle_virtual":false,"bundle_layout":"","bundle_add_to_cart_form_location":"","bundle_editable_in_cart":false,"bundle_sold_individually_context":"","bundle_item_grouping":"","bundle_min_size":"","bundle_max_size":"","bundle_price":[],"bundled_items":[],"bundle_sell_ids":[],"acf":[],"df_price":4990,"df_sale_price":4990,"df_regular_price":6490,"df_image_link":"https:\/\/www.fitness-flohmarkt.ch\/wp-content\/uploads\/RCT-900M-5-300x300.avif","_links":{"self":[{"href":"https:\/\/www.fitness-flohmarkt.ch\/fr\/wp-json\/wp\/v2\/product\/9052405","targetHints":{"allow":["GET"]}}],"collection":[{"href":"https:\/\/www.fitness-flohmarkt.ch\/fr\/wp-json\/wp\/v2\/product"}],"about":[{"href":"https:\/\/www.fitness-flohmarkt.ch\/fr\/wp-json\/wp\/v2\/types\/product"}],"replies":[{"embeddable":true,"href":"https:\/\/www.fitness-flohmarkt.ch\/fr\/wp-json\/wp\/v2\/comments?post=9052405"}],"wp:featuredmedia":[{"embeddable":true,"href":"https:\/\/www.fitness-flohmarkt.ch\/fr\/wp-json\/wp\/v2\/media\/9065555"}],"wp:attachment":[{"href":"https:\/\/www.fitness-flohmarkt.ch\/fr\/wp-json\/wp\/v2\/media?parent=9052405"}],"wp:term":[{"taxonomy":"product_brand","embeddable":true,"href":"https:\/\/www.fitness-flohmarkt.ch\/fr\/wp-json\/wp\/v2\/product_brand?post=9052405"},{"taxonomy":"product_cat","embeddable":true,"href":"https:\/\/www.fitness-flohmarkt.ch\/fr\/wp-json\/wp\/v2\/product_cat?post=9052405"},{"taxonomy":"product_tag","embeddable":true,"href":"https:\/\/www.fitness-flohmarkt.ch\/fr\/wp-json\/wp\/v2\/product_tag?post=9052405"}],"curies":[{"name":"wp","href":"https:\/\/api.w.org\/{rel}","templated":true}]}}