{"id":9048428,"date":"2025-10-06T13:11:28","date_gmt":"2025-10-06T11:11:28","guid":{"rendered":"https:\/\/www.fitness-flohmarkt.ch\/produkt\/atx-einhand-rudergriff-t-bar-row\/"},"modified":"2026-03-21T13:50:36","modified_gmt":"2026-03-21T12:50:36","slug":"atx-poignee-de-gouvernail-a-une-main-t-bar-row","status":"publish","type":"product","link":"https:\/\/www.fitness-flohmarkt.ch\/fr\/produkt\/atx-einhand-rudergriff-t-bar-row\/","title":{"rendered":"ATX Poign\u00e9e de rame \u00e0 une main | T-Bar Row"},"content":{"rendered":"<h3><strong>ATX<sup>\u00ae<\/sup>\u00a0T-Bar Single Row Handle - poign\u00e9e de rame \u00e0 une main :<\/strong><\/h3>\n<p><strong>Changement parfait de l'aviron avec halt\u00e8res courts - de nouveaux stimuli d'entra\u00eenement pour de meilleurs progr\u00e8s !<\/strong><\/p>\n<p>Utilise la poign\u00e9e de rame compacte \u00e0 une main et ajoute de la vari\u00e9t\u00e9 \u00e0 ton entra\u00eenement ! Cet outil d'entra\u00eenement fonctionnel en acier massif peut \u00eatre plac\u00e9 aussi bien devant que derri\u00e8re les disques de poids, ce qui permet d'obtenir une charge musculaire diff\u00e9rente. Gr\u00e2ce au moletage de la poign\u00e9e, la barre t'offre toujours une adh\u00e9rence maximale, m\u00eame pendant les s\u00e9ries d'entra\u00eenement intensives.<\/p>\n<p>Gr\u00e2ce \u00e0 la certification EN 20957 - classe S, cet \u00e9quipement de gym de qualit\u00e9 sup\u00e9rieure convient parfaitement \u00e0 une utilisation en salle de sport. Id\u00e9al en combinaison avec l'\u00e9l\u00e9ment de fixation ATX-BAH-PT.<\/p>\n<h3><strong>En un coup d'\u0153il<\/strong><\/h3>\n<ul>\n<li>\u00c9largis ta gamme d'exercices avec cette poign\u00e9e de rame fonctionnelle \u00e0 une main<\/li>\n<li>Fixation simple sur les barres d'halt\u00e8res du commerce avec des logements pour disques de 50 mm<\/li>\n<li>Peut supporter une charge lourde jusqu'\u00e0 300 kg<\/li>\n<li>La certification Studio garantit une qualit\u00e9 studio exceptionnelle<\/li>\n<\/ul>","protected":false},"excerpt":{"rendered":"<p>ATX\u00ae T-Bar Single Row Handle. Poign\u00e9e de rameur compacte \u00e0 une main en acier massif pour un entra\u00eenement cibl\u00e9 et vari\u00e9 du dos. Facile \u00e0 fixer sur les barres d'halt\u00e8res 50 mm disponibles dans le commerce, id\u00e9al pour ramer \u00e0 un bras avec une position de prise variable. Poign\u00e9e molet\u00e9e pour une prise maximale, supporte jusqu'\u00e0 300 kg.<\/p>","protected":false},"featured_media":9063280,"comment_status":"closed","ping_status":"closed","template":"","meta":{"_acf_changed":false,"_gspb_post_css":""},"product_brand":[1039],"product_cat":[319,342],"product_tag":[],"class_list":{"0":"post-9048428","1":"product","2":"type-product","3":"status-publish","4":"has-post-thumbnail","6":"product_brand-atx","7":"product_cat-fitness-zubehoer","8":"product_cat-plate-loaded","9":"pa_artikel-pro-verkaufseinheit-1x","10":"pa_breite-75-cm-fr","11":"pa_farbe-schwarz","12":"pa_fitness-zubehoertyp-weightlifting","13":"pa_gewicht-2-6-kg","14":"pa_griffdurchmesser-2-8-mm","15":"pa_hoehe-21-cm","16":"pa_laenge-23-cm","17":"pa_lieferumfang-1x-landmine-t-bar-griff","18":"pa_material-metall","19":"pa_material-griff-metall","21":"first","22":"outofstock","23":"taxable","24":"shipping-taxable","25":"purchasable","26":"product-type-simple"},"bundled_by":[],"bundle_stock_status":"outofstock","bundle_stock_quantity":0,"bundle_virtual":false,"bundle_layout":"","bundle_add_to_cart_form_location":"","bundle_editable_in_cart":false,"bundle_sold_individually_context":"","bundle_item_grouping":"","bundle_min_size":"","bundle_max_size":"","bundle_price":[],"bundled_items":[],"bundle_sell_ids":[],"acf":[],"df_price":49,"df_sale_price":"","df_regular_price":49,"df_image_link":"https:\/\/www.fitness-flohmarkt.ch\/wp-content\/uploads\/atx-tbr-sig-h28-7-1-Kopie-3-300x300.png","_links":{"self":[{"href":"https:\/\/www.fitness-flohmarkt.ch\/fr\/wp-json\/wp\/v2\/product\/9048428","targetHints":{"allow":["GET"]}}],"collection":[{"href":"https:\/\/www.fitness-flohmarkt.ch\/fr\/wp-json\/wp\/v2\/product"}],"about":[{"href":"https:\/\/www.fitness-flohmarkt.ch\/fr\/wp-json\/wp\/v2\/types\/product"}],"replies":[{"embeddable":true,"href":"https:\/\/www.fitness-flohmarkt.ch\/fr\/wp-json\/wp\/v2\/comments?post=9048428"}],"wp:featuredmedia":[{"embeddable":true,"href":"https:\/\/www.fitness-flohmarkt.ch\/fr\/wp-json\/wp\/v2\/media\/9063280"}],"wp:attachment":[{"href":"https:\/\/www.fitness-flohmarkt.ch\/fr\/wp-json\/wp\/v2\/media?parent=9048428"}],"wp:term":[{"taxonomy":"product_brand","embeddable":true,"href":"https:\/\/www.fitness-flohmarkt.ch\/fr\/wp-json\/wp\/v2\/product_brand?post=9048428"},{"taxonomy":"product_cat","embeddable":true,"href":"https:\/\/www.fitness-flohmarkt.ch\/fr\/wp-json\/wp\/v2\/product_cat?post=9048428"},{"taxonomy":"product_tag","embeddable":true,"href":"https:\/\/www.fitness-flohmarkt.ch\/fr\/wp-json\/wp\/v2\/product_tag?post=9048428"}],"curies":[{"name":"wp","href":"https:\/\/api.w.org\/{rel}","templated":true}]}}