{"id":9048423,"date":"2025-10-06T13:11:01","date_gmt":"2025-10-06T11:11:01","guid":{"rendered":"https:\/\/www.fitness-flohmarkt.ch\/produkt\/atx-parallell-rudergriff-t-bar-row\/"},"modified":"2026-04-20T15:11:26","modified_gmt":"2026-04-20T13:11:26","slug":"atx-parallele-poignee-de-gouvernail-t-bar-row","status":"publish","type":"product","link":"https:\/\/www.fitness-flohmarkt.ch\/fr\/produkt\/atx-parallell-rudergriff-t-bar-row\/","title":{"rendered":"ATX Poign\u00e9e de rame parall\u00e8le | T-Bar Row"},"content":{"rendered":"<h3><strong>ATX<sup>\u00ae<\/sup> T-Bar Row Parallel Handle - Poign\u00e9e de rame parall\u00e8le\u00a0<\/strong><\/h3>\n<p>Cette poign\u00e9e d'aviron compacte en m\u00e9tal massif est la cl\u00e9 de tes nouveaux progr\u00e8s en mati\u00e8re d'entra\u00eenement. La poign\u00e9e fonctionnelle se fixe facilement &amp; rapidement sur toutes les barres d'halt\u00e8res avec des logements pour disques de 50 mm.<\/p>\n<p>En combinaison avec l'\u00e9l\u00e9ment de fixation ATX-BAH-P, il te permet de ramer en T-Bar en toute s\u00e9curit\u00e9 &amp; tr\u00e8s lourd avec une prise \u00e9troite. La poign\u00e9e molet\u00e9e te garantit une adh\u00e9rence maximale.<\/p>\n<p>Gr\u00e2ce \u00e0 la certification EN 20957 - I,II,IV - S, cet \u00e9quipement de gym de qualit\u00e9 sup\u00e9rieure est id\u00e9al pour une utilisation sur des surfaces d'entra\u00eenement professionnelles (par ex. salle de sport).<\/p>\n<h3><strong>En un coup d'\u0153il<\/strong><\/h3>\n<ul>\n<li>Plus de vari\u00e9t\u00e9 &amp; de nouveaux stimuli d'entra\u00eenement - int\u00e8gre l'aviron T-Bar serr\u00e9 dans ton entra\u00eenement<\/li>\n<li>Il suffit de l'embo\u00eeter - convient aux barres d'halt\u00e8res avec des logements pour disques de 50 mm<\/li>\n<li>Parfait pour ton entra\u00eenement lourd - extr\u00eamement massif, il peut supporter jusqu'\u00e0 400 kg.<\/li>\n<li>\u00c9quipement certifi\u00e9 studio pour des exigences maximales<\/li>\n<\/ul>","protected":false},"excerpt":{"rendered":"<p>Poign\u00e9e parall\u00e8le ATX\u00ae T-Bar Row. Poign\u00e9e parall\u00e8le massive pour ramer intensivement en T-Bar avec une distance de prise \u00e9troite. Fabriqu\u00e9e en acier robuste, compatible avec les barres d'halt\u00e8res de 50 mm, parfaite pour l'entra\u00eenement lourd du dos. Les poign\u00e9es molet\u00e9es assurent une prise s\u00fbre, supporte jusqu'\u00e0 400 kg.<\/p>","protected":false},"featured_media":9065092,"comment_status":"closed","ping_status":"closed","template":"","meta":{"_acf_changed":false,"_gspb_post_css":""},"product_brand":[1039],"product_cat":[319,342],"product_tag":[],"class_list":{"0":"post-9048423","1":"product","2":"type-product","3":"status-publish","4":"has-post-thumbnail","6":"product_brand-atx","7":"product_cat-fitness-zubehoer","8":"product_cat-plate-loaded","9":"pa_artikel-pro-verkaufseinheit-1x","10":"pa_breite-28-cm","11":"pa_ergonomischer-griff-nein","12":"pa_farbe-schwarz","13":"pa_fitness-zubehoertyp-weightlifting","14":"pa_gewicht-4-8-kg","15":"pa_griffdurchmesser-2-8-mm","16":"pa_hoehe-21-cm","17":"pa_laenge-23-cm","18":"pa_lieferumfang-1x-landmine-t-bar-griff","19":"pa_material-metall","20":"pa_material-griff-metall","22":"first","23":"instock","24":"taxable","25":"shipping-taxable","26":"purchasable","27":"product-type-simple"},"bundled_by":[],"bundle_stock_status":"instock","bundle_stock_quantity":9,"bundle_virtual":false,"bundle_layout":"","bundle_add_to_cart_form_location":"","bundle_editable_in_cart":false,"bundle_sold_individually_context":"","bundle_item_grouping":"","bundle_min_size":"","bundle_max_size":"","bundle_price":[],"bundled_items":[],"bundle_sell_ids":[],"acf":[],"df_price":95,"df_sale_price":"","df_regular_price":95,"df_image_link":"https:\/\/www.fitness-flohmarkt.ch\/wp-content\/uploads\/atx-tbr-pal-h28-_6-von-6_-6-300x300.avif","_links":{"self":[{"href":"https:\/\/www.fitness-flohmarkt.ch\/fr\/wp-json\/wp\/v2\/product\/9048423","targetHints":{"allow":["GET"]}}],"collection":[{"href":"https:\/\/www.fitness-flohmarkt.ch\/fr\/wp-json\/wp\/v2\/product"}],"about":[{"href":"https:\/\/www.fitness-flohmarkt.ch\/fr\/wp-json\/wp\/v2\/types\/product"}],"replies":[{"embeddable":true,"href":"https:\/\/www.fitness-flohmarkt.ch\/fr\/wp-json\/wp\/v2\/comments?post=9048423"}],"wp:featuredmedia":[{"embeddable":true,"href":"https:\/\/www.fitness-flohmarkt.ch\/fr\/wp-json\/wp\/v2\/media\/9065092"}],"wp:attachment":[{"href":"https:\/\/www.fitness-flohmarkt.ch\/fr\/wp-json\/wp\/v2\/media?parent=9048423"}],"wp:term":[{"taxonomy":"product_brand","embeddable":true,"href":"https:\/\/www.fitness-flohmarkt.ch\/fr\/wp-json\/wp\/v2\/product_brand?post=9048423"},{"taxonomy":"product_cat","embeddable":true,"href":"https:\/\/www.fitness-flohmarkt.ch\/fr\/wp-json\/wp\/v2\/product_cat?post=9048423"},{"taxonomy":"product_tag","embeddable":true,"href":"https:\/\/www.fitness-flohmarkt.ch\/fr\/wp-json\/wp\/v2\/product_tag?post=9048423"}],"curies":[{"name":"wp","href":"https:\/\/api.w.org\/{rel}","templated":true}]}}