{"id":9047139,"date":"2025-09-23T11:50:18","date_gmt":"2025-09-23T09:50:18","guid":{"rendered":"https:\/\/www.fitness-flohmarkt.ch\/produkt\/homie-synbiotic-soda-vitamingetraenk\/"},"modified":"2026-04-02T14:22:29","modified_gmt":"2026-04-02T12:22:29","slug":"homie-synbiotic-soda-vitamingetraenk","status":"publish","type":"product","link":"https:\/\/www.fitness-flohmarkt.ch\/fr\/produkt\/homie-synbiotic-soda-vitamingetraenk\/","title":{"rendered":"HOMIE Synbiotic Soda | Boisson vitamin\u00e9e"},"content":{"rendered":"<h3>Homie Soda Synbiotic - Boisson vitamin\u00e9e gazeuse sans sucre avec pr\u00e9 et probiotiques<\/h3>\n<p class=\"whitespace-normal break-words\">Homie Soda Synbiotic est une boisson vitamin\u00e9e gazeuse sans sucre, contenant des pr\u00e9biotiques et des probiotiques, qui favorise la sant\u00e9 intestinale et le bien-\u00eatre g\u00e9n\u00e9ral.<\/p>\n<p class=\"whitespace-normal break-words\">Soutient tes intestins - contient des pr\u00e9biotiques et des probiotiques qui contribuent \u00e0 l'\u00e9quilibre du microbiote intestinal.<\/p>\n<p class=\"whitespace-normal break-words\">Plein de nutriments essentiels - enrichi en calcium, magn\u00e9sium, zinc, acide folique, vitamine B12 et vitamine C.<\/p>\n<p class=\"whitespace-normal break-words\">Sans sucre et rafra\u00eechissant - pas de sucre ajout\u00e9, \u00e9dulcor\u00e9 uniquement avec du sucralose.<\/p>\n<p class=\"whitespace-normal break-words\">Une boisson fra\u00eeche et fonctionnelle pour ton intestin<\/p>\n<p class=\"whitespace-normal break-words\">Soda Synbiotic est une boisson gazeuse et rafra\u00eechissante pour la sant\u00e9, con\u00e7ue pour donner un coup de pouce suppl\u00e9mentaire \u00e0 ton intestin et \u00e0 ton corps. Avec des cultures bact\u00e9riennes vivantes, des fibres pr\u00e9biotiques issues de la racine de chicor\u00e9e et des vitamines et min\u00e9raux soigneusement s\u00e9lectionn\u00e9s, elle soutient la digestion et le bien-\u00eatre g\u00e9n\u00e9ral. Il est totalement sans sucre, pauvre en calories et plein de nutriments - parfait si tu veux une boisson rafra\u00eechissante qui fait aussi du bien \u00e0 l'int\u00e9rieur.<\/p>\n<p class=\"whitespace-normal break-words\">Des bienfaits pour la sant\u00e9 \u00e0 chaque gorg\u00e9e<\/p>\n<p class=\"whitespace-normal break-words\">Le calcium contribue au fonctionnement normal des enzymes digestives et, avec le magn\u00e9sium, le zinc, l'acide folique et la vitamine B12, il joue un r\u00f4le important dans le processus de division cellulaire. L'intestin est l'un des tissus les plus actifs du corps lorsqu'il s'agit du renouvellement des cellules - tous les trois jours, toute la couche ext\u00e9rieure des cellules de l'intestin est remplac\u00e9e. Soda Synbiotic fournit au corps les \u00e9l\u00e9ments dont il a besoin pour ce processus, tout en \u00e9tant une d\u00e9licieuse boisson d\u00e9salt\u00e9rante.<\/p>","protected":false},"excerpt":{"rendered":"<p>Homie Soda Synbiotic combine des cultures bact\u00e9riennes vivantes et des fibres pr\u00e9biotiques de racine de chicor\u00e9e avec du calcium, du magn\u00e9sium, du zinc, de l'acide folique, des vitamines B12 et C. Sans sucre, rafra\u00eechissante et gazeuse - id\u00e9ale pour la sant\u00e9 intestinale quotidienne et le bien-\u00eatre.<\/p>","protected":false},"featured_media":9064073,"comment_status":"closed","ping_status":"closed","template":"","meta":{"_acf_changed":false,"_gspb_post_css":""},"product_brand":[1043],"product_cat":[377],"product_tag":[],"class_list":{"0":"post-9047139","1":"product","2":"type-product","3":"status-publish","4":"has-post-thumbnail","6":"product_brand-homie","7":"product_cat-food","8":"pa_artikel-pro-verkaufseinheit-1x","9":"pa_form-getraenk","10":"pa_geschmacksrichtung-pink-grape","11":"pa_geschmacksrichtung-strawberry-lemonade-2","12":"pa_herkunft-schweden","13":"pa_inhalt-330-ml","14":"pa_lieferumfang-1x-dose","15":"pa_vegan-ja","17":"first","18":"instock","19":"taxable","20":"shipping-taxable","21":"purchasable","22":"product-type-variable"},"bundled_by":[],"bundle_stock_status":"instock","bundle_stock_quantity":null,"bundle_virtual":false,"bundle_layout":"","bundle_add_to_cart_form_location":"","bundle_editable_in_cart":false,"bundle_sold_individually_context":"","bundle_item_grouping":"","bundle_min_size":"","bundle_max_size":"","bundle_price":[],"bundled_items":[],"bundle_sell_ids":[],"acf":[],"df_price":2.5,"df_sale_price":"","df_regular_price":2.5,"df_image_link":"https:\/\/www.fitness-flohmarkt.ch\/wp-content\/uploads\/Homie_Sodas_1080x1080-71-300x300.avif","_links":{"self":[{"href":"https:\/\/www.fitness-flohmarkt.ch\/fr\/wp-json\/wp\/v2\/product\/9047139","targetHints":{"allow":["GET"]}}],"collection":[{"href":"https:\/\/www.fitness-flohmarkt.ch\/fr\/wp-json\/wp\/v2\/product"}],"about":[{"href":"https:\/\/www.fitness-flohmarkt.ch\/fr\/wp-json\/wp\/v2\/types\/product"}],"replies":[{"embeddable":true,"href":"https:\/\/www.fitness-flohmarkt.ch\/fr\/wp-json\/wp\/v2\/comments?post=9047139"}],"wp:featuredmedia":[{"embeddable":true,"href":"https:\/\/www.fitness-flohmarkt.ch\/fr\/wp-json\/wp\/v2\/media\/9064073"}],"wp:attachment":[{"href":"https:\/\/www.fitness-flohmarkt.ch\/fr\/wp-json\/wp\/v2\/media?parent=9047139"}],"wp:term":[{"taxonomy":"product_brand","embeddable":true,"href":"https:\/\/www.fitness-flohmarkt.ch\/fr\/wp-json\/wp\/v2\/product_brand?post=9047139"},{"taxonomy":"product_cat","embeddable":true,"href":"https:\/\/www.fitness-flohmarkt.ch\/fr\/wp-json\/wp\/v2\/product_cat?post=9047139"},{"taxonomy":"product_tag","embeddable":true,"href":"https:\/\/www.fitness-flohmarkt.ch\/fr\/wp-json\/wp\/v2\/product_tag?post=9047139"}],"curies":[{"name":"wp","href":"https:\/\/api.w.org\/{rel}","templated":true}]}}