{"id":9044889,"date":"2025-09-02T15:50:20","date_gmt":"2025-09-02T13:50:20","guid":{"rendered":"https:\/\/www.fitness-flohmarkt.ch\/produkt\/realleader-usa-belt-squat-ld-2004\/"},"modified":"2026-04-21T16:32:44","modified_gmt":"2026-04-21T14:32:44","slug":"realleader-belt-squat-ld-2004","status":"publish","type":"product","link":"https:\/\/www.fitness-flohmarkt.ch\/fr\/produkt\/realleader-belt-squat-ld-2004\/","title":{"rendered":"RealLeader Belt Squat | LD-2004"},"content":{"rendered":"<h3>RealLeader Belt Squat | LD-2004<\/h3>\n<p>Machine Belt Squat robuste et durable pour les charges lourdes en cas d'utilisation fr\u00e9quente. Angle de plateforme r\u00e9glable par levier, levier de s\u00e9curit\u00e9 pour le soutien du poids avant\/apr\u00e8s l'exercice. Plusieurs poign\u00e9es \u00e0 diff\u00e9rentes hauteurs pour une prise optimale pendant le mouvement. Chargement des disques des deux c\u00f4t\u00e9s avec un espace de rangement g\u00e9n\u00e9reux pour des disques de poids suppl\u00e9mentaires.<\/p>\n<ul>\n<li><span class=\"elementor-icon-list-text\">Dimensions : 1580 x 1650 x 1680 mm<\/span><\/li>\n<li><span class=\"elementor-icon-list-text\">Poids net : 240 kg<\/span><\/li>\n<\/ul>\n<p><strong>Couleur :<\/strong>\u00a0Cadre noir mat, sellerie noire avec coutures noires<\/p>\n<p><strong>LD Line :<\/strong> Appareils de fitness bien pens\u00e9s avec un design ergonomique pour des mouvements physiologiquement optimaux. La s\u00e9rie LD offre une stimulation musculaire confortable et cibl\u00e9e avec des composants r\u00e9glables tels que les coussins de poitrine, les hauteurs d'assise et les angles de prise en main. Construite \u00e0 partir de robustes profil\u00e9s tubulaires en acier de 80 x 40 x 3 mm, la s\u00e9rie LD est durable, stable et adaptable \u00e0 diff\u00e9rents utilisateurs.<\/p>","protected":false},"excerpt":{"rendered":"<p>RealLeader USA Belt Squat LD-2004 - Machine Belt Squat robuste avec angle de plateforme r\u00e9glable et levier de s\u00e9curit\u00e9. Plusieurs poign\u00e9es \u00e0 diff\u00e9rentes hauteurs, chargement des disques des deux c\u00f4t\u00e9s avec un espace de rangement g\u00e9n\u00e9reux. 1580 \u00d7 1650 \u00d7 1680 mm, 240 kg. Cadre noir mat, rembourrage noir.<\/p>","protected":false},"featured_media":9065357,"comment_status":"closed","ping_status":"closed","template":"","meta":{"_acf_changed":false,"_gspb_post_css":""},"product_brand":[1054],"product_cat":[342],"product_tag":[],"class_list":{"0":"post-9044889","1":"product","2":"type-product","3":"status-publish","4":"has-post-thumbnail","6":"product_brand-realleader","7":"product_cat-plate-loaded","8":"product_shipping_class-nicht-stapelbar","10":"first","11":"outofstock","12":"sale","13":"taxable","14":"shipping-taxable","15":"purchasable","16":"product-type-simple"},"bundled_by":[],"bundle_stock_status":"outofstock","bundle_stock_quantity":0,"bundle_virtual":false,"bundle_layout":"","bundle_add_to_cart_form_location":"","bundle_editable_in_cart":false,"bundle_sold_individually_context":"","bundle_item_grouping":"","bundle_min_size":"","bundle_max_size":"","bundle_price":[],"bundled_items":[],"bundle_sell_ids":[],"acf":[],"df_price":4990,"df_sale_price":4990,"df_regular_price":5990,"df_image_link":"https:\/\/www.fitness-flohmarkt.ch\/wp-content\/uploads\/HSPRO-2004_799x598-1-4_1080x1080_ret-8-300x300.avif","_links":{"self":[{"href":"https:\/\/www.fitness-flohmarkt.ch\/fr\/wp-json\/wp\/v2\/product\/9044889","targetHints":{"allow":["GET"]}}],"collection":[{"href":"https:\/\/www.fitness-flohmarkt.ch\/fr\/wp-json\/wp\/v2\/product"}],"about":[{"href":"https:\/\/www.fitness-flohmarkt.ch\/fr\/wp-json\/wp\/v2\/types\/product"}],"replies":[{"embeddable":true,"href":"https:\/\/www.fitness-flohmarkt.ch\/fr\/wp-json\/wp\/v2\/comments?post=9044889"}],"wp:featuredmedia":[{"embeddable":true,"href":"https:\/\/www.fitness-flohmarkt.ch\/fr\/wp-json\/wp\/v2\/media\/9065357"}],"wp:attachment":[{"href":"https:\/\/www.fitness-flohmarkt.ch\/fr\/wp-json\/wp\/v2\/media?parent=9044889"}],"wp:term":[{"taxonomy":"product_brand","embeddable":true,"href":"https:\/\/www.fitness-flohmarkt.ch\/fr\/wp-json\/wp\/v2\/product_brand?post=9044889"},{"taxonomy":"product_cat","embeddable":true,"href":"https:\/\/www.fitness-flohmarkt.ch\/fr\/wp-json\/wp\/v2\/product_cat?post=9044889"},{"taxonomy":"product_tag","embeddable":true,"href":"https:\/\/www.fitness-flohmarkt.ch\/fr\/wp-json\/wp\/v2\/product_tag?post=9044889"}],"curies":[{"name":"wp","href":"https:\/\/api.w.org\/{rel}","templated":true}]}}