{"id":9044887,"date":"2025-09-02T15:50:14","date_gmt":"2025-09-02T13:50:14","guid":{"rendered":"https:\/\/www.fitness-flohmarkt.ch\/produkt\/realleader-usa-pendulum-squat-ld-2006\/"},"modified":"2026-04-21T16:54:03","modified_gmt":"2026-04-21T14:54:03","slug":"realleader-pendulum-squat-ld-2006","status":"publish","type":"product","link":"https:\/\/www.fitness-flohmarkt.ch\/fr\/produkt\/realleader-pendulum-squat-ld-2006\/","title":{"rendered":"RealLeader Squat pendulaire | LD-2006"},"content":{"rendered":"<h3>RealLeader Squat pendulaire LD-2006<\/h3>\n<p>Machine \u00e0 squat pendulaire robuste avec un design optimis\u00e9 pour la kin\u00e9siologie. Repose-pieds inclin\u00e9 et mouvement r\u00e9gulier pour un chemin de squat naturel. Dossier et \u00e9paulettes bien rembourr\u00e9s pour le confort, m\u00eame avec des charges \u00e9lev\u00e9es. Arr\u00eat en caoutchouc sous le repose-pieds pour la s\u00e9curit\u00e9 en cas de d\u00e9faillance musculaire. Chargement lat\u00e9ral des disques avec un espace de rangement g\u00e9n\u00e9reux pour les disques de poids.<\/p>\n<ul>\n<li><span class=\"elementor-icon-list-text\">Dimensions : 2003 x 890 x 1835 mm<\/span><\/li>\n<li><span class=\"elementor-icon-list-text\">Poids net : 223 kg<\/span><\/li>\n<\/ul>\n<p><strong>Couleur :<\/strong>\u00a0Cadre noir mat, sellerie noire avec coutures noires<\/p>\n<p><strong>LD Line :<\/strong>\u00a0Appareils de fitness bien pens\u00e9s avec un design ergonomique pour des mouvements physiologiquement optimaux. La s\u00e9rie LD offre une stimulation musculaire confortable et cibl\u00e9e avec des composants r\u00e9glables tels que les coussins de poitrine, les hauteurs d'assise et les angles de prise en main. Construite \u00e0 partir de robustes profil\u00e9s tubulaires en acier de 80 x 40 x 3 mm, la s\u00e9rie LD est durable, stable et adaptable \u00e0 diff\u00e9rents utilisateurs.<\/p>","protected":false},"excerpt":{"rendered":"<p>RealLeader USA Pendulum Squat LD-2006 - Machine \u00e0 squat pendulaire robuste avec un design optimis\u00e9 sur le plan kin\u00e9siologique et un repose-pieds inclin\u00e9 pour un chemin naturel de squat. Dossier et \u00e9paulettes bien rembourr\u00e9s, butoirs en caoutchouc pour la s\u00e9curit\u00e9, chargement lat\u00e9ral des disques avec un espace de rangement g\u00e9n\u00e9reux. 2003 \u00d7 890 \u00d7 1835 mm, 223 kg. Cadre noir mat, rembourrages noirs.<\/p>","protected":false},"featured_media":9065398,"comment_status":"closed","ping_status":"closed","template":"","meta":{"_acf_changed":false,"_gspb_post_css":""},"product_brand":[1054],"product_cat":[342],"product_tag":[],"class_list":{"0":"post-9044887","1":"product","2":"type-product","3":"status-publish","4":"has-post-thumbnail","6":"product_brand-realleader","7":"product_cat-plate-loaded","8":"product_shipping_class-nicht-stapelbar","10":"first","11":"instock","12":"sale","13":"taxable","14":"shipping-taxable","15":"purchasable","16":"product-type-simple"},"bundled_by":[],"bundle_stock_status":"instock","bundle_stock_quantity":1,"bundle_virtual":false,"bundle_layout":"","bundle_add_to_cart_form_location":"","bundle_editable_in_cart":false,"bundle_sold_individually_context":"","bundle_item_grouping":"","bundle_min_size":"","bundle_max_size":"","bundle_price":[],"bundled_items":[],"bundle_sell_ids":[],"acf":[],"df_price":3990,"df_sale_price":3990,"df_regular_price":4990,"df_image_link":"https:\/\/www.fitness-flohmarkt.ch\/wp-content\/uploads\/LD2006V-3_1080x1080-5-300x300.avif","_links":{"self":[{"href":"https:\/\/www.fitness-flohmarkt.ch\/fr\/wp-json\/wp\/v2\/product\/9044887","targetHints":{"allow":["GET"]}}],"collection":[{"href":"https:\/\/www.fitness-flohmarkt.ch\/fr\/wp-json\/wp\/v2\/product"}],"about":[{"href":"https:\/\/www.fitness-flohmarkt.ch\/fr\/wp-json\/wp\/v2\/types\/product"}],"replies":[{"embeddable":true,"href":"https:\/\/www.fitness-flohmarkt.ch\/fr\/wp-json\/wp\/v2\/comments?post=9044887"}],"wp:featuredmedia":[{"embeddable":true,"href":"https:\/\/www.fitness-flohmarkt.ch\/fr\/wp-json\/wp\/v2\/media\/9065398"}],"wp:attachment":[{"href":"https:\/\/www.fitness-flohmarkt.ch\/fr\/wp-json\/wp\/v2\/media?parent=9044887"}],"wp:term":[{"taxonomy":"product_brand","embeddable":true,"href":"https:\/\/www.fitness-flohmarkt.ch\/fr\/wp-json\/wp\/v2\/product_brand?post=9044887"},{"taxonomy":"product_cat","embeddable":true,"href":"https:\/\/www.fitness-flohmarkt.ch\/fr\/wp-json\/wp\/v2\/product_cat?post=9044887"},{"taxonomy":"product_tag","embeddable":true,"href":"https:\/\/www.fitness-flohmarkt.ch\/fr\/wp-json\/wp\/v2\/product_tag?post=9044887"}],"curies":[{"name":"wp","href":"https:\/\/api.w.org\/{rel}","templated":true}]}}