{"id":9044858,"date":"2025-09-02T14:30:33","date_gmt":"2025-09-02T12:30:33","guid":{"rendered":"https:\/\/www.fitness-flohmarkt.ch\/produkt\/realleader-usa-smith-machine-fm-2007\/"},"modified":"2026-04-21T16:54:52","modified_gmt":"2026-04-21T14:54:52","slug":"realleader-smith-machine-fm-2007","status":"publish","type":"product","link":"https:\/\/www.fitness-flohmarkt.ch\/fr\/produkt\/realleader-smith-machine-fm-2007\/","title":{"rendered":"RealLeader Smith Machine | FM-2007"},"content":{"rendered":"<h3>RealLeader Smith Machine FM-2007<\/h3>\n<p>Cette machine Smith est robuste et peut supporter des charges extr\u00eames. Sa trajectoire de barre est fix\u00e9e verticalement et permet une trajectoire de mouvement rigoureuse. Cette barre dispose de pare-chocs de s\u00e9curit\u00e9 qui peuvent \u00eatre tourn\u00e9s en position - ce qui permet un entra\u00eenement plus s\u00fbr. Elle offre \u00e9galement un espace de rangement g\u00e9n\u00e9reux pour les disques de poids.<\/p>\n<ul>\n<li>Dimensions : 2267 x 1155 x 2325 mm<\/li>\n<li>Poids net : 236 kg<\/li>\n<\/ul>\n<p><strong>Couleur :<\/strong> Cadre noir mat<\/p>\n<p><strong>Ligne FM :<\/strong> Appareils de fitness haut de gamme avec un syst\u00e8me pr\u00e9cis d'empilement de poids en plaques d\u00e9coup\u00e9es au laser pour un contr\u00f4le pr\u00e9cis \u00e0 chaque exercice. La s\u00e9rie FM offre des poign\u00e9es strat\u00e9giquement plac\u00e9es pour des variations d'exercices polyvalents avec diff\u00e9rentes positions de prise. Construite en acier renforc\u00e9 de 3 mm, la s\u00e9rie FM est con\u00e7ue pour r\u00e9sister aux entra\u00eenements les plus intenses tout en combinant durabilit\u00e9 et confort.<\/p>\n<p><strong>Installation et montage sur demande.<\/strong><\/p>","protected":false},"excerpt":{"rendered":"<p>RealLeader USA Smith Machine FM-2007 - Machine Smith robuste pour des charges extr\u00eames avec une trajectoire de barre fix\u00e9e verticalement pour une trajectoire de mouvement stricte. Pare-chocs de s\u00e9curit\u00e9 positionnable par rotation pour un entra\u00eenement plus s\u00fbr, espace de rangement g\u00e9n\u00e9reux pour les disques de poids. Construction renforc\u00e9e en acier de 3 mm pour les entra\u00eenements les plus intensifs. 227 x 116 x 233 cm, 236 kg. Cadre noir mat.<\/p>","protected":false},"featured_media":9065401,"comment_status":"closed","ping_status":"closed","template":"","meta":{"_acf_changed":false,"_gspb_post_css":""},"product_brand":[1054],"product_cat":[342,356],"product_tag":[],"class_list":{"0":"post-9044858","1":"product","2":"type-product","3":"status-publish","4":"has-post-thumbnail","6":"product_brand-realleader","7":"product_cat-plate-loaded","8":"product_cat-racks","9":"product_shipping_class-nicht-stapelbar","11":"first","12":"outofstock","13":"sale","14":"taxable","15":"shipping-taxable","16":"purchasable","17":"product-type-simple"},"bundled_by":[],"bundle_stock_status":"outofstock","bundle_stock_quantity":0,"bundle_virtual":false,"bundle_layout":"","bundle_add_to_cart_form_location":"","bundle_editable_in_cart":false,"bundle_sold_individually_context":"","bundle_item_grouping":"","bundle_min_size":"","bundle_max_size":"","bundle_price":[],"bundled_items":[],"bundle_sell_ids":[],"acf":[],"df_price":3690,"df_sale_price":3690,"df_regular_price":4690,"df_image_link":"https:\/\/www.fitness-flohmarkt.ch\/wp-content\/uploads\/FM-2007-3-600x719_1080x1080-4_ret-4-300x300.avif","_links":{"self":[{"href":"https:\/\/www.fitness-flohmarkt.ch\/fr\/wp-json\/wp\/v2\/product\/9044858","targetHints":{"allow":["GET"]}}],"collection":[{"href":"https:\/\/www.fitness-flohmarkt.ch\/fr\/wp-json\/wp\/v2\/product"}],"about":[{"href":"https:\/\/www.fitness-flohmarkt.ch\/fr\/wp-json\/wp\/v2\/types\/product"}],"replies":[{"embeddable":true,"href":"https:\/\/www.fitness-flohmarkt.ch\/fr\/wp-json\/wp\/v2\/comments?post=9044858"}],"wp:featuredmedia":[{"embeddable":true,"href":"https:\/\/www.fitness-flohmarkt.ch\/fr\/wp-json\/wp\/v2\/media\/9065401"}],"wp:attachment":[{"href":"https:\/\/www.fitness-flohmarkt.ch\/fr\/wp-json\/wp\/v2\/media?parent=9044858"}],"wp:term":[{"taxonomy":"product_brand","embeddable":true,"href":"https:\/\/www.fitness-flohmarkt.ch\/fr\/wp-json\/wp\/v2\/product_brand?post=9044858"},{"taxonomy":"product_cat","embeddable":true,"href":"https:\/\/www.fitness-flohmarkt.ch\/fr\/wp-json\/wp\/v2\/product_cat?post=9044858"},{"taxonomy":"product_tag","embeddable":true,"href":"https:\/\/www.fitness-flohmarkt.ch\/fr\/wp-json\/wp\/v2\/product_tag?post=9044858"}],"curies":[{"name":"wp","href":"https:\/\/api.w.org\/{rel}","templated":true}]}}